{"id":27076,"date":"2026-02-27T00:35:20","date_gmt":"2026-02-27T00:35:20","guid":{"rendered":"https:\/\/nordicmart.andreevmaster.com\/product\/metal-desk-clock-clk-0212-2\/"},"modified":"2026-02-27T09:14:16","modified_gmt":"2026-02-27T09:14:16","slug":"metal-desk-clock-clk-0212-2","status":"publish","type":"product","link":"https:\/\/nordicmart.andreevmaster.com\/da\/vare\/metal-desk-clock-clk-0212-2\/","title":{"rendered":"Metal Desk Clock \u2013 CLK-0212"},"content":{"rendered":"<p>Metalbordur \u2013 CLK-0212&nbsp;&nbsp;&nbsp;Metalborduret CLK-0212 ligner noget, der er taget fra cockpittet i et gammelt fly. Uret i den ukonventionelle form af en afsk\u00e5ret cylinder er en nyttig og original borddekoration. Det fungerer ogs\u00e5 godt som v\u00e6kkeur, som du kan placere p\u00e5 dit natbord. Den hvide urskive med sorte romertal og arabiske tal giver en flot kontrast og g\u00f8r det nemt at afl\u00e6se tiden. Romertallene angiver timer, arabiske tal angiver minutter. Urets design er holdt i en ren og p\u00e6n \u00e6stetik, der passer ind i moderne interi\u00f8rer. &nbsp;&nbsp;Produktinformation:&nbsp;Materiale: tr\u00e6, metalTal: romertal (timer), arabiske tal (minutter)Visere: klassiske, sorteFarver: s\u00f8lv, hvid, sortUrskivens form: rundUrets form: diagonalt afsk\u00e5ret cylinder BatteridrevetStil: ModerneM\u00e5l: 13 x 13 19 cm&nbsp;<\/p>\n","protected":false},"excerpt":{"rendered":"<p>Metalbordur \u2013 CLK-0212&nbsp;&nbsp;&nbsp;Metalborduret CLK-0212 ligner noget, der er taget fra cockpittet i et gammelt fly. Uret i den ukonventionelle form af en afsk\u00e5ret cylinder er en nyttig og original borddekoration. Det fungerer ogs\u00e5 godt som v\u00e6kkeur, som du kan placere p\u00e5 dit natbord. Den hvide urskive med sorte romertal og arabiske tal giver en flot [&hellip;]<\/p>\n","protected":false},"featured_media":44860,"comment_status":"open","ping_status":"closed","template":"","meta":[],"product_brand":[],"product_cat":[31],"product_tag":[],"class_list":{"0":"post-27076","1":"product","2":"type-product","3":"status-publish","4":"has-post-thumbnail","6":"product_cat-uncategorized-da","8":"first","9":"instock","10":"shipping-taxable","11":"purchasable","12":"product-type-simple"},"_links":{"self":[{"href":"https:\/\/nordicmart.andreevmaster.com\/da\/wp-json\/wp\/v2\/product\/27076","targetHints":{"allow":["GET"]}}],"collection":[{"href":"https:\/\/nordicmart.andreevmaster.com\/da\/wp-json\/wp\/v2\/product"}],"about":[{"href":"https:\/\/nordicmart.andreevmaster.com\/da\/wp-json\/wp\/v2\/types\/product"}],"replies":[{"embeddable":true,"href":"https:\/\/nordicmart.andreevmaster.com\/da\/wp-json\/wp\/v2\/comments?post=27076"}],"wp:featuredmedia":[{"embeddable":true,"href":"https:\/\/nordicmart.andreevmaster.com\/da\/wp-json\/wp\/v2\/media\/44860"}],"wp:attachment":[{"href":"https:\/\/nordicmart.andreevmaster.com\/da\/wp-json\/wp\/v2\/media?parent=27076"}],"wp:term":[{"taxonomy":"product_brand","embeddable":true,"href":"https:\/\/nordicmart.andreevmaster.com\/da\/wp-json\/wp\/v2\/product_brand?post=27076"},{"taxonomy":"product_cat","embeddable":true,"href":"https:\/\/nordicmart.andreevmaster.com\/da\/wp-json\/wp\/v2\/product_cat?post=27076"},{"taxonomy":"product_tag","embeddable":true,"href":"https:\/\/nordicmart.andreevmaster.com\/da\/wp-json\/wp\/v2\/product_tag?post=27076"}],"curies":[{"name":"wp","href":"https:\/\/api.w.org\/{rel}","templated":true}]}}