{"id":27075,"date":"2026-02-27T00:35:20","date_gmt":"2026-02-27T00:35:20","guid":{"rendered":"https:\/\/nordicmart.andreevmaster.com\/product\/retro-kokkenvaegt-wsb7\/"},"modified":"2026-02-27T09:14:16","modified_gmt":"2026-02-27T09:14:16","slug":"retro-kokkenvaegt-wsb7","status":"publish","type":"product","link":"https:\/\/nordicmart.andreevmaster.com\/da\/vare\/retro-kokkenvaegt-wsb7\/","title":{"rendered":"Retro k\u00f8kkenv\u00e6gt \u2013 WSB7"},"content":{"rendered":"<p>Retro k\u00f8kkenv\u00e6gt \u2013 WSB7Retro k\u00f8kkenv\u00e6gt er en fantastisk tilf\u00f8jelse til et rustikt eller eklektisk k\u00f8kken. Den universelle kombination af messing og tr\u00e6 og det stiliserede design f\u00e5r v\u00e6gten til at se ud, som om den er blevet ber\u00f8rt af tidens \u00e5nd. V\u00e6gten vil appellere til b\u00f8rn, som kan lege med den i butikken. &nbsp;S\u00e6ttet indeholder 8 v\u00e6gte til v\u00e6gten. V\u00e6gten er lavet af messing og er placeret p\u00e5 en tr\u00e6base. P\u00e5 basen er der plads til v\u00e6gtene. &nbsp;Produktinformation:&nbsp;Materiale: messingStativ: tr\u00e6 Dimensioner: L\u00e6ngde 25,5 cm, h\u00f8jde 10 cm&nbsp;S\u00e6t med 8 v\u00e6gte:&nbsp;1 g2 g x 25 g10 g x 220 g50 g&nbsp;&nbsp;V\u00e6gten er ikke certificeret til professionel brug. Det er et dekorativt element.<\/p>\n","protected":false},"excerpt":{"rendered":"<p>Retro k\u00f8kkenv\u00e6gt \u2013 WSB7Retro k\u00f8kkenv\u00e6gt er en fantastisk tilf\u00f8jelse til et rustikt eller eklektisk k\u00f8kken. Den universelle kombination af messing og tr\u00e6 og det stiliserede design f\u00e5r v\u00e6gten til at se ud, som om den er blevet ber\u00f8rt af tidens \u00e5nd. V\u00e6gten vil appellere til b\u00f8rn, som kan lege med den i butikken. &nbsp;S\u00e6ttet indeholder [&hellip;]<\/p>\n","protected":false},"featured_media":44859,"comment_status":"open","ping_status":"closed","template":"","meta":[],"product_brand":[],"product_cat":[31],"product_tag":[],"class_list":{"0":"post-27075","1":"product","2":"type-product","3":"status-publish","4":"has-post-thumbnail","6":"product_cat-uncategorized-da","8":"first","9":"instock","10":"shipping-taxable","11":"purchasable","12":"product-type-simple"},"_links":{"self":[{"href":"https:\/\/nordicmart.andreevmaster.com\/da\/wp-json\/wp\/v2\/product\/27075","targetHints":{"allow":["GET"]}}],"collection":[{"href":"https:\/\/nordicmart.andreevmaster.com\/da\/wp-json\/wp\/v2\/product"}],"about":[{"href":"https:\/\/nordicmart.andreevmaster.com\/da\/wp-json\/wp\/v2\/types\/product"}],"replies":[{"embeddable":true,"href":"https:\/\/nordicmart.andreevmaster.com\/da\/wp-json\/wp\/v2\/comments?post=27075"}],"wp:featuredmedia":[{"embeddable":true,"href":"https:\/\/nordicmart.andreevmaster.com\/da\/wp-json\/wp\/v2\/media\/44859"}],"wp:attachment":[{"href":"https:\/\/nordicmart.andreevmaster.com\/da\/wp-json\/wp\/v2\/media?parent=27075"}],"wp:term":[{"taxonomy":"product_brand","embeddable":true,"href":"https:\/\/nordicmart.andreevmaster.com\/da\/wp-json\/wp\/v2\/product_brand?post=27075"},{"taxonomy":"product_cat","embeddable":true,"href":"https:\/\/nordicmart.andreevmaster.com\/da\/wp-json\/wp\/v2\/product_cat?post=27075"},{"taxonomy":"product_tag","embeddable":true,"href":"https:\/\/nordicmart.andreevmaster.com\/da\/wp-json\/wp\/v2\/product_tag?post=27075"}],"curies":[{"name":"wp","href":"https:\/\/api.w.org\/{rel}","templated":true}]}}