{"id":27074,"date":"2026-02-27T00:35:20","date_gmt":"2026-02-27T00:35:20","guid":{"rendered":"https:\/\/nordicmart.andreevmaster.com\/product\/dekorativ-barvaegt-wsb8\/"},"modified":"2026-02-27T09:14:16","modified_gmt":"2026-02-27T09:14:16","slug":"dekorativ-barvaegt-wsb8","status":"publish","type":"product","link":"https:\/\/nordicmart.andreevmaster.com\/da\/vare\/dekorativ-barvaegt-wsb8\/","title":{"rendered":"Dekorativ barv\u00e6gt &#8211; WSB8"},"content":{"rendered":"<p>Dekorativ barv\u00e6gt &#8211; WSB8&nbsp;&nbsp;Dekorativ barv\u00e6gt vil v\u00e6re en charmerende tilf\u00f8jelse til et rum i vintage-stil. Den passer godt til et apotek eller en stilfuld, intim butik. Den vil v\u00e6re en fin gave til en apoteker og en symbolsk gave til en advokat. &nbsp;V\u00e6gte er et af attributterne for Themis, den gr\u00e6ske gudinde for lov og retf\u00e6rdighed. Den symboliserer retf\u00e6rdighed, klogskab og balance. &nbsp;V\u00e6gten er lavet af messing og st\u00e5r p\u00e5 en tr\u00e6fod. S\u00e6ttet indeholder ogs\u00e5 8 v\u00e6gte. &nbsp;&nbsp;&nbsp;&nbsp;&nbsp;&nbsp;Specifikationer for barv\u00e6gten:&nbsp;Materiale: messingStativ: tr\u00e6 &nbsp;Inkluderer 8 v\u00e6gte:&nbsp;1 g2 g x 25 g10 g x 220 g50 g&nbsp;Dekorative v\u00e6gte fungerer godt som: Dekoration til apotek Dekoration til advokatkontor Rustik k\u00f8kkendekoration Gave til en apoteker Gave til en advokat Gave til en dommer V\u00e6gten er ikke certificeret til professionel brug. Det er et dekorativt element.<\/p>\n","protected":false},"excerpt":{"rendered":"<p>Dekorativ barv\u00e6gt &#8211; WSB8&nbsp;&nbsp;Dekorativ barv\u00e6gt vil v\u00e6re en charmerende tilf\u00f8jelse til et rum i vintage-stil. Den passer godt til et apotek eller en stilfuld, intim butik. Den vil v\u00e6re en fin gave til en apoteker og en symbolsk gave til en advokat. &nbsp;V\u00e6gte er et af attributterne for Themis, den gr\u00e6ske gudinde for lov og [&hellip;]<\/p>\n","protected":false},"featured_media":44858,"comment_status":"open","ping_status":"closed","template":"","meta":[],"product_brand":[],"product_cat":[31],"product_tag":[],"class_list":{"0":"post-27074","1":"product","2":"type-product","3":"status-publish","4":"has-post-thumbnail","6":"product_cat-uncategorized-da","8":"first","9":"instock","10":"shipping-taxable","11":"purchasable","12":"product-type-simple"},"_links":{"self":[{"href":"https:\/\/nordicmart.andreevmaster.com\/da\/wp-json\/wp\/v2\/product\/27074","targetHints":{"allow":["GET"]}}],"collection":[{"href":"https:\/\/nordicmart.andreevmaster.com\/da\/wp-json\/wp\/v2\/product"}],"about":[{"href":"https:\/\/nordicmart.andreevmaster.com\/da\/wp-json\/wp\/v2\/types\/product"}],"replies":[{"embeddable":true,"href":"https:\/\/nordicmart.andreevmaster.com\/da\/wp-json\/wp\/v2\/comments?post=27074"}],"wp:featuredmedia":[{"embeddable":true,"href":"https:\/\/nordicmart.andreevmaster.com\/da\/wp-json\/wp\/v2\/media\/44858"}],"wp:attachment":[{"href":"https:\/\/nordicmart.andreevmaster.com\/da\/wp-json\/wp\/v2\/media?parent=27074"}],"wp:term":[{"taxonomy":"product_brand","embeddable":true,"href":"https:\/\/nordicmart.andreevmaster.com\/da\/wp-json\/wp\/v2\/product_brand?post=27074"},{"taxonomy":"product_cat","embeddable":true,"href":"https:\/\/nordicmart.andreevmaster.com\/da\/wp-json\/wp\/v2\/product_cat?post=27074"},{"taxonomy":"product_tag","embeddable":true,"href":"https:\/\/nordicmart.andreevmaster.com\/da\/wp-json\/wp\/v2\/product_tag?post=27074"}],"curies":[{"name":"wp","href":"https:\/\/api.w.org\/{rel}","templated":true}]}}