{"id":27073,"date":"2026-02-27T00:35:20","date_gmt":"2026-02-27T00:35:20","guid":{"rendered":"https:\/\/nordicmart.andreevmaster.com\/product\/messing-skibsklokke-diameter-175-cm-hb43-7\/"},"modified":"2026-02-27T09:14:16","modified_gmt":"2026-02-27T09:14:16","slug":"messing-skibsklokke-diameter-175-cm-hb43-7","status":"publish","type":"product","link":"https:\/\/nordicmart.andreevmaster.com\/da\/vare\/messing-skibsklokke-diameter-175-cm-hb43-7\/","title":{"rendered":"Messing skibsklokke &#8211; diameter 17,5 cm &#8211; HB43\/7"},"content":{"rendered":"<p>Messing skibsklokke &#8211; diameter 17,5 cm &#8211; HB43\/7&nbsp;&nbsp;Messing skibsklokken er et nautisk dekorativt element, der passer perfekt til rum indrettet i maritim stil. Klokken er en dekoration med sejlads-tema til en kabine, en s\u00f8mands sovev\u00e6relse eller et arbejdsv\u00e6relse i nautisk stil. Skibsklokken er perfekt til hoteller og pensionater ved havet og i Great Lakes-regionen. Den informerer husets beboere om, hvorn\u00e5r det er frokosttid, eller om der er et m\u00f8de, de skal deltage i.&nbsp;I sejlsporten menes det, at klokken er skibets sj\u00e6l. Klokker advarede om forest\u00e5ende fare og markerede begyndelsen og slutningen af vagten. Man troede, at klokken havde evnen til at fordrive stormskyer og lyn. Den skulle ogs\u00e5 beskytte mod onde kr\u00e6fter som en slags talisman. Skibsklokken er derfor en god gaveid\u00e9 til en s\u00f8mand.&nbsp;&nbsp;Messing skibsklokke Specifikationer:&nbsp;Materiale: messingKlokkens hjerte: messingLinje: dekorativt flettet hvidt rebFarve: guldDimensioner: diameter &#8211; 17,5 cm&nbsp;<\/p>\n","protected":false},"excerpt":{"rendered":"<p>Messing skibsklokke &#8211; diameter 17,5 cm &#8211; HB43\/7&nbsp;&nbsp;Messing skibsklokken er et nautisk dekorativt element, der passer perfekt til rum indrettet i maritim stil. Klokken er en dekoration med sejlads-tema til en kabine, en s\u00f8mands sovev\u00e6relse eller et arbejdsv\u00e6relse i nautisk stil. Skibsklokken er perfekt til hoteller og pensionater ved havet og i Great Lakes-regionen. Den [&hellip;]<\/p>\n","protected":false},"featured_media":44857,"comment_status":"open","ping_status":"closed","template":"","meta":[],"product_brand":[],"product_cat":[31],"product_tag":[],"class_list":{"0":"post-27073","1":"product","2":"type-product","3":"status-publish","4":"has-post-thumbnail","6":"product_cat-uncategorized-da","8":"first","9":"instock","10":"shipping-taxable","11":"purchasable","12":"product-type-simple"},"_links":{"self":[{"href":"https:\/\/nordicmart.andreevmaster.com\/da\/wp-json\/wp\/v2\/product\/27073","targetHints":{"allow":["GET"]}}],"collection":[{"href":"https:\/\/nordicmart.andreevmaster.com\/da\/wp-json\/wp\/v2\/product"}],"about":[{"href":"https:\/\/nordicmart.andreevmaster.com\/da\/wp-json\/wp\/v2\/types\/product"}],"replies":[{"embeddable":true,"href":"https:\/\/nordicmart.andreevmaster.com\/da\/wp-json\/wp\/v2\/comments?post=27073"}],"wp:featuredmedia":[{"embeddable":true,"href":"https:\/\/nordicmart.andreevmaster.com\/da\/wp-json\/wp\/v2\/media\/44857"}],"wp:attachment":[{"href":"https:\/\/nordicmart.andreevmaster.com\/da\/wp-json\/wp\/v2\/media?parent=27073"}],"wp:term":[{"taxonomy":"product_brand","embeddable":true,"href":"https:\/\/nordicmart.andreevmaster.com\/da\/wp-json\/wp\/v2\/product_brand?post=27073"},{"taxonomy":"product_cat","embeddable":true,"href":"https:\/\/nordicmart.andreevmaster.com\/da\/wp-json\/wp\/v2\/product_cat?post=27073"},{"taxonomy":"product_tag","embeddable":true,"href":"https:\/\/nordicmart.andreevmaster.com\/da\/wp-json\/wp\/v2\/product_tag?post=27073"}],"curies":[{"name":"wp","href":"https:\/\/api.w.org\/{rel}","templated":true}]}}