{"id":27071,"date":"2026-02-27T00:35:19","date_gmt":"2026-02-27T00:35:19","guid":{"rendered":"https:\/\/nordicmart.andreevmaster.com\/product\/lukkelig-traekasse-se28\/"},"modified":"2026-02-27T09:14:15","modified_gmt":"2026-02-27T09:14:15","slug":"lukkelig-traekasse-se28","status":"publish","type":"product","link":"https:\/\/nordicmart.andreevmaster.com\/da\/vare\/lukkelig-traekasse-se28\/","title":{"rendered":"Lukkelig tr\u00e6kasse \u2013 SE28"},"content":{"rendered":"<p>Lukkelig tr\u00e6kasse \u2013 SE28&nbsp;&nbsp;Lukkelig tr\u00e6kasse g\u00f8r det nemt at opbevare dine huslige skatte. Kassen kan rumme sm\u00e5 smykker, n\u00f8gler og breve. Den kan fyldes med m\u00f8nter og forvandles til en skattekiste, som b\u00f8rnene vil elske. Kassen er lavet af tr\u00e6 og er rigt dekoreret med metalornamenter, der f\u00e5r den til at ligne en kiste fra et kongeligt skatkammer. Takket v\u00e6re sin lukkede konstruktion beskytter kassen genstande mod st\u00f8v og tab.&nbsp;&nbsp;Tr\u00e6kasse:&nbsp;Materiale: tr\u00e6, metal M\u00e5l: 22,85 x 15,2 x 15,2 cm Farve: brun, guld 6 rum R\u00f8d polstring&nbsp;<\/p>\n","protected":false},"excerpt":{"rendered":"<p>Lukkelig tr\u00e6kasse \u2013 SE28&nbsp;&nbsp;Lukkelig tr\u00e6kasse g\u00f8r det nemt at opbevare dine huslige skatte. Kassen kan rumme sm\u00e5 smykker, n\u00f8gler og breve. Den kan fyldes med m\u00f8nter og forvandles til en skattekiste, som b\u00f8rnene vil elske. Kassen er lavet af tr\u00e6 og er rigt dekoreret med metalornamenter, der f\u00e5r den til at ligne en kiste fra [&hellip;]<\/p>\n","protected":false},"featured_media":44855,"comment_status":"open","ping_status":"closed","template":"","meta":[],"product_brand":[],"product_cat":[31],"product_tag":[],"class_list":{"0":"post-27071","1":"product","2":"type-product","3":"status-publish","4":"has-post-thumbnail","6":"product_cat-uncategorized-da","8":"first","9":"instock","10":"shipping-taxable","11":"purchasable","12":"product-type-simple"},"_links":{"self":[{"href":"https:\/\/nordicmart.andreevmaster.com\/da\/wp-json\/wp\/v2\/product\/27071","targetHints":{"allow":["GET"]}}],"collection":[{"href":"https:\/\/nordicmart.andreevmaster.com\/da\/wp-json\/wp\/v2\/product"}],"about":[{"href":"https:\/\/nordicmart.andreevmaster.com\/da\/wp-json\/wp\/v2\/types\/product"}],"replies":[{"embeddable":true,"href":"https:\/\/nordicmart.andreevmaster.com\/da\/wp-json\/wp\/v2\/comments?post=27071"}],"wp:featuredmedia":[{"embeddable":true,"href":"https:\/\/nordicmart.andreevmaster.com\/da\/wp-json\/wp\/v2\/media\/44855"}],"wp:attachment":[{"href":"https:\/\/nordicmart.andreevmaster.com\/da\/wp-json\/wp\/v2\/media?parent=27071"}],"wp:term":[{"taxonomy":"product_brand","embeddable":true,"href":"https:\/\/nordicmart.andreevmaster.com\/da\/wp-json\/wp\/v2\/product_brand?post=27071"},{"taxonomy":"product_cat","embeddable":true,"href":"https:\/\/nordicmart.andreevmaster.com\/da\/wp-json\/wp\/v2\/product_cat?post=27071"},{"taxonomy":"product_tag","embeddable":true,"href":"https:\/\/nordicmart.andreevmaster.com\/da\/wp-json\/wp\/v2\/product_tag?post=27071"}],"curies":[{"name":"wp","href":"https:\/\/api.w.org\/{rel}","templated":true}]}}