{"id":27070,"date":"2026-02-27T00:35:19","date_gmt":"2026-02-27T00:35:19","guid":{"rendered":"https:\/\/nordicmart.andreevmaster.com\/product\/eksklusivt-kompas-h44\/"},"modified":"2026-02-27T09:14:15","modified_gmt":"2026-02-27T09:14:15","slug":"eksklusivt-kompas-h44","status":"publish","type":"product","link":"https:\/\/nordicmart.andreevmaster.com\/da\/vare\/eksklusivt-kompas-h44\/","title":{"rendered":"Eksklusivt kompas H44"},"content":{"rendered":"<p>Eksklusivt kompas H44 &#8211; kardan-system &nbsp;&nbsp;Nautisk, eksklusivt kompas H44 &#8211; replika af et produkt fra det 17. \u00e5rhundrede.&nbsp;&nbsp;Produktinformation:&nbsp;Dimensioner: H\u00f8jde: 5,8 cm&nbsp;&nbsp;&nbsp;&nbsp;&nbsp;&nbsp;&nbsp;Diameter: 10 cmV\u00e6gt: 515 gKasse st\u00f8rrelse: &nbsp;bredde 12,5 X &nbsp;l\u00e6ngde 12,5 X h\u00f8jde 6,5 cm &nbsp;&nbsp;&nbsp;&nbsp;&nbsp;&nbsp;&nbsp;Samlet v\u00e6gt kompas + \u00e6ske = 620 g Materiale: B\u00f8g\/egetr\u00e6 (naturlig voks og poleret), zamak messing (lakeret i ovn), polycarbonat over magnetisk kompas&nbsp;&nbsp;<\/p>\n","protected":false},"excerpt":{"rendered":"<p>Eksklusivt kompas H44 &#8211; kardan-system &nbsp;&nbsp;Nautisk, eksklusivt kompas H44 &#8211; replika af et produkt fra det 17. \u00e5rhundrede.&nbsp;&nbsp;Produktinformation:&nbsp;Dimensioner: H\u00f8jde: 5,8 cm&nbsp;&nbsp;&nbsp;&nbsp;&nbsp;&nbsp;&nbsp;Diameter: 10 cmV\u00e6gt: 515 gKasse st\u00f8rrelse: &nbsp;bredde 12,5 X &nbsp;l\u00e6ngde 12,5 X h\u00f8jde 6,5 cm &nbsp;&nbsp;&nbsp;&nbsp;&nbsp;&nbsp;&nbsp;Samlet v\u00e6gt kompas + \u00e6ske = 620 g Materiale: B\u00f8g\/egetr\u00e6 (naturlig voks og poleret), zamak messing (lakeret i ovn), polycarbonat [&hellip;]<\/p>\n","protected":false},"featured_media":44854,"comment_status":"open","ping_status":"closed","template":"","meta":[],"product_brand":[],"product_cat":[31],"product_tag":[],"class_list":{"0":"post-27070","1":"product","2":"type-product","3":"status-publish","4":"has-post-thumbnail","6":"product_cat-uncategorized-da","8":"first","9":"instock","10":"shipping-taxable","11":"purchasable","12":"product-type-simple"},"_links":{"self":[{"href":"https:\/\/nordicmart.andreevmaster.com\/da\/wp-json\/wp\/v2\/product\/27070","targetHints":{"allow":["GET"]}}],"collection":[{"href":"https:\/\/nordicmart.andreevmaster.com\/da\/wp-json\/wp\/v2\/product"}],"about":[{"href":"https:\/\/nordicmart.andreevmaster.com\/da\/wp-json\/wp\/v2\/types\/product"}],"replies":[{"embeddable":true,"href":"https:\/\/nordicmart.andreevmaster.com\/da\/wp-json\/wp\/v2\/comments?post=27070"}],"wp:featuredmedia":[{"embeddable":true,"href":"https:\/\/nordicmart.andreevmaster.com\/da\/wp-json\/wp\/v2\/media\/44854"}],"wp:attachment":[{"href":"https:\/\/nordicmart.andreevmaster.com\/da\/wp-json\/wp\/v2\/media?parent=27070"}],"wp:term":[{"taxonomy":"product_brand","embeddable":true,"href":"https:\/\/nordicmart.andreevmaster.com\/da\/wp-json\/wp\/v2\/product_brand?post=27070"},{"taxonomy":"product_cat","embeddable":true,"href":"https:\/\/nordicmart.andreevmaster.com\/da\/wp-json\/wp\/v2\/product_cat?post=27070"},{"taxonomy":"product_tag","embeddable":true,"href":"https:\/\/nordicmart.andreevmaster.com\/da\/wp-json\/wp\/v2\/product_tag?post=27070"}],"curies":[{"name":"wp","href":"https:\/\/api.w.org\/{rel}","templated":true}]}}