{"id":27069,"date":"2026-02-27T00:35:19","date_gmt":"2026-02-27T00:35:19","guid":{"rendered":"https:\/\/nordicmart.andreevmaster.com\/product\/mini-bowling-desk-gadget-arcade-game-se08-2\/"},"modified":"2026-02-27T09:14:15","modified_gmt":"2026-02-27T09:14:15","slug":"mini-bowling-desk-gadget-arcade-game-se08-2","status":"publish","type":"product","link":"https:\/\/nordicmart.andreevmaster.com\/da\/vare\/mini-bowling-desk-gadget-arcade-game-se08-2\/","title":{"rendered":"Mini Bowling &#8211; Desk Gadget &#8211; Arcade Game \u2013 SE08"},"content":{"rendered":"<p>Mini Bowling &#8211; SE08&nbsp;&nbsp;Bring lidt sjov ind i hverdagen med det elegante SE08 Mini Bowling Set. Det er en stilfuld og kompakt version af det klassiske bowling-spil, der er perfekt til b\u00e5de anti-stress underholdning p\u00e5 skrivebordet og en original gave til enhver fan af arkadespil.&nbsp;Tr\u00e6n din pr\u00e6cision, udvikl din koordination og slap af i pauserne fra arbejdet &#8211; alene eller sammen med kollegerne! Mini-bowlingkeglerne i denne version fungerer godt som en gadget, du kan placere p\u00e5 dit skrivebord. &nbsp;&nbsp;&nbsp;Hvorfor det er det v\u00e6rd:&nbsp;??Underholdning altid ved h\u00e5nden \u2013 perfekt til dit skrivebord p\u00e5 arbejde eller derhjemme.??Fremmer koncentration og manuelle f\u00e6rdigheder \u2013 perfekt til dem, der elsker udfordringer.??Fantastisk gaveid\u00e9 \u2013 elegant h\u00e5ndv\u00e6rk og dekorativ \u00e6ske er i\u00f8jnefaldende.??Vintage-stil \u2013 naturligt tr\u00e6, messingornamenter og glasl\u00e5g skaber en unik atmosf\u00e6re.&nbsp;&nbsp;I s\u00e6ttet finder du:&nbsp;10 miniature bowlingkegler (h\u00f8jde: 5,5 cm, tr\u00e6).2 tr\u00e6kugler (diameter: 3 cm)Elegant \u00e6ske af tr\u00e6 og glas (15 x 7,5 x 8 cm) med l\u00e5sbart l\u00e5g og messingdetaljer.&nbsp;&nbsp;Bem\u00e6rk, at dette produkt ikke er et leget\u00f8j. Produktet er beregnet til personer over 14 \u00e5r. &nbsp;<\/p>\n","protected":false},"excerpt":{"rendered":"<p>Mini Bowling &#8211; SE08&nbsp;&nbsp;Bring lidt sjov ind i hverdagen med det elegante SE08 Mini Bowling Set. Det er en stilfuld og kompakt version af det klassiske bowling-spil, der er perfekt til b\u00e5de anti-stress underholdning p\u00e5 skrivebordet og en original gave til enhver fan af arkadespil.&nbsp;Tr\u00e6n din pr\u00e6cision, udvikl din koordination og slap af i pauserne [&hellip;]<\/p>\n","protected":false},"featured_media":44853,"comment_status":"open","ping_status":"closed","template":"","meta":[],"product_brand":[],"product_cat":[31],"product_tag":[],"class_list":{"0":"post-27069","1":"product","2":"type-product","3":"status-publish","4":"has-post-thumbnail","6":"product_cat-uncategorized-da","8":"first","9":"instock","10":"shipping-taxable","11":"purchasable","12":"product-type-simple"},"_links":{"self":[{"href":"https:\/\/nordicmart.andreevmaster.com\/da\/wp-json\/wp\/v2\/product\/27069","targetHints":{"allow":["GET"]}}],"collection":[{"href":"https:\/\/nordicmart.andreevmaster.com\/da\/wp-json\/wp\/v2\/product"}],"about":[{"href":"https:\/\/nordicmart.andreevmaster.com\/da\/wp-json\/wp\/v2\/types\/product"}],"replies":[{"embeddable":true,"href":"https:\/\/nordicmart.andreevmaster.com\/da\/wp-json\/wp\/v2\/comments?post=27069"}],"wp:featuredmedia":[{"embeddable":true,"href":"https:\/\/nordicmart.andreevmaster.com\/da\/wp-json\/wp\/v2\/media\/44853"}],"wp:attachment":[{"href":"https:\/\/nordicmart.andreevmaster.com\/da\/wp-json\/wp\/v2\/media?parent=27069"}],"wp:term":[{"taxonomy":"product_brand","embeddable":true,"href":"https:\/\/nordicmart.andreevmaster.com\/da\/wp-json\/wp\/v2\/product_brand?post=27069"},{"taxonomy":"product_cat","embeddable":true,"href":"https:\/\/nordicmart.andreevmaster.com\/da\/wp-json\/wp\/v2\/product_cat?post=27069"},{"taxonomy":"product_tag","embeddable":true,"href":"https:\/\/nordicmart.andreevmaster.com\/da\/wp-json\/wp\/v2\/product_tag?post=27069"}],"curies":[{"name":"wp","href":"https:\/\/api.w.org\/{rel}","templated":true}]}}