{"id":27068,"date":"2026-02-27T00:35:18","date_gmt":"2026-02-27T00:35:18","guid":{"rendered":"https:\/\/nordicmart.andreevmaster.com\/product\/kendama-japansk-arkadespil-se06\/"},"modified":"2026-02-27T09:14:15","modified_gmt":"2026-02-27T09:14:15","slug":"kendama-japansk-arkadespil-se06","status":"publish","type":"product","link":"https:\/\/nordicmart.andreevmaster.com\/da\/vare\/kendama-japansk-arkadespil-se06\/","title":{"rendered":"Kendama &#8211; japansk arkadespil &#8211; SE06"},"content":{"rendered":"<p>Kendama &#8211; Japansk arkadespil &#8211; SE06&nbsp;&nbsp;Kendama er et traditionelt japansk f\u00e6rdighedsspil, der fornylig har vundet hjerterne hos mennesker over hele verden. &nbsp;Spillet g\u00e5r ud p\u00e5 at sl\u00e5 bolden ind i hullerne (kopperne). Efterh\u00e5nden som vores f\u00e6rdigheder udvikles, kan vi blive fristet til at udf\u00f8re mere komplicerede tricks og stunts. Kendama, som undertiden kaldes japansk yoyo, kr\u00e6ver reflekser, smidighed og en masse t\u00e5lmodighed. Det udvikler motorisk koordination og balance. I en tid, hvor vi er optaget af flere sk\u00e6rme, er dette traditionelle arkadespil et godt alternativ til at bruge fritiden. &nbsp;Kendama er underholdning for b\u00e5de teenagere og voksne.&nbsp;&nbsp;Specifikationer:&nbsp;Materiale: tr\u00e6Dimensioner: 27 x 12 x 4,5 cm&nbsp;&nbsp;OBS! Dette produkt er ikke et leget\u00f8j og er ikke egnet til b\u00f8rn under 14 \u00e5r. &nbsp;&nbsp;<\/p>\n","protected":false},"excerpt":{"rendered":"<p>Kendama &#8211; Japansk arkadespil &#8211; SE06&nbsp;&nbsp;Kendama er et traditionelt japansk f\u00e6rdighedsspil, der fornylig har vundet hjerterne hos mennesker over hele verden. &nbsp;Spillet g\u00e5r ud p\u00e5 at sl\u00e5 bolden ind i hullerne (kopperne). Efterh\u00e5nden som vores f\u00e6rdigheder udvikles, kan vi blive fristet til at udf\u00f8re mere komplicerede tricks og stunts. Kendama, som undertiden kaldes japansk yoyo, [&hellip;]<\/p>\n","protected":false},"featured_media":44852,"comment_status":"open","ping_status":"closed","template":"","meta":[],"product_brand":[],"product_cat":[31],"product_tag":[],"class_list":{"0":"post-27068","1":"product","2":"type-product","3":"status-publish","4":"has-post-thumbnail","6":"product_cat-uncategorized-da","8":"first","9":"instock","10":"shipping-taxable","11":"purchasable","12":"product-type-simple"},"_links":{"self":[{"href":"https:\/\/nordicmart.andreevmaster.com\/da\/wp-json\/wp\/v2\/product\/27068","targetHints":{"allow":["GET"]}}],"collection":[{"href":"https:\/\/nordicmart.andreevmaster.com\/da\/wp-json\/wp\/v2\/product"}],"about":[{"href":"https:\/\/nordicmart.andreevmaster.com\/da\/wp-json\/wp\/v2\/types\/product"}],"replies":[{"embeddable":true,"href":"https:\/\/nordicmart.andreevmaster.com\/da\/wp-json\/wp\/v2\/comments?post=27068"}],"wp:featuredmedia":[{"embeddable":true,"href":"https:\/\/nordicmart.andreevmaster.com\/da\/wp-json\/wp\/v2\/media\/44852"}],"wp:attachment":[{"href":"https:\/\/nordicmart.andreevmaster.com\/da\/wp-json\/wp\/v2\/media?parent=27068"}],"wp:term":[{"taxonomy":"product_brand","embeddable":true,"href":"https:\/\/nordicmart.andreevmaster.com\/da\/wp-json\/wp\/v2\/product_brand?post=27068"},{"taxonomy":"product_cat","embeddable":true,"href":"https:\/\/nordicmart.andreevmaster.com\/da\/wp-json\/wp\/v2\/product_cat?post=27068"},{"taxonomy":"product_tag","embeddable":true,"href":"https:\/\/nordicmart.andreevmaster.com\/da\/wp-json\/wp\/v2\/product_tag?post=27068"}],"curies":[{"name":"wp","href":"https:\/\/api.w.org\/{rel}","templated":true}]}}