{"id":27067,"date":"2026-02-27T00:35:18","date_gmt":"2026-02-27T00:35:18","guid":{"rendered":"https:\/\/nordicmart.andreevmaster.com\/product\/dekorativ-globus-gave-til-geograf-nc2142\/"},"modified":"2026-02-27T09:14:15","modified_gmt":"2026-02-27T09:14:15","slug":"dekorativ-globus-gave-til-geograf-nc2142","status":"publish","type":"product","link":"https:\/\/nordicmart.andreevmaster.com\/da\/vare\/dekorativ-globus-gave-til-geograf-nc2142\/","title":{"rendered":"Dekorativ globus &#8211; gave til geograf &#8211; NC2142"},"content":{"rendered":"<p>Dekorativ globus &#8211; gave til geograf &#8211; NC2142&nbsp;&nbsp;Leder du efter en gave til en geografielsker? Denne dekorative globus med indgraveret armillarsf\u00e6re er en original gave til geografien og rejseglade. Den vil v\u00e6re en flot dekoration p\u00e5 et skrivebord, i et skab eller i en vindueskarm. &nbsp;Armillarsf\u00e6ren, eller astrolabiet, er et astronomisk instrument, der bruges til at bestemme \u00e6kvatoriale og ekliptiske koordinater. Denne model af himmelsf\u00e6ren har en globus med et \u00e6ldet kort baseret p\u00e5 gule og gr\u00f8nne farver. Det hele er holdt i en elegant, kabinetagtig stil. &nbsp;&nbsp;Produktinformation:&nbsp;Globens materiale: plastArmillarsf\u00e6rens materiale: messing Fod: messing og MDFKortets farve: gule og gr\u00f8nne nuancerLamineret kortM\u00e5l: 17,5 x 17,5 x 28 cm&nbsp;&nbsp;<\/p>\n","protected":false},"excerpt":{"rendered":"<p>Dekorativ globus &#8211; gave til geograf &#8211; NC2142&nbsp;&nbsp;Leder du efter en gave til en geografielsker? Denne dekorative globus med indgraveret armillarsf\u00e6re er en original gave til geografien og rejseglade. Den vil v\u00e6re en flot dekoration p\u00e5 et skrivebord, i et skab eller i en vindueskarm. &nbsp;Armillarsf\u00e6ren, eller astrolabiet, er et astronomisk instrument, der bruges til [&hellip;]<\/p>\n","protected":false},"featured_media":44851,"comment_status":"open","ping_status":"closed","template":"","meta":[],"product_brand":[],"product_cat":[31],"product_tag":[],"class_list":{"0":"post-27067","1":"product","2":"type-product","3":"status-publish","4":"has-post-thumbnail","6":"product_cat-uncategorized-da","8":"first","9":"instock","10":"shipping-taxable","11":"purchasable","12":"product-type-simple"},"_links":{"self":[{"href":"https:\/\/nordicmart.andreevmaster.com\/da\/wp-json\/wp\/v2\/product\/27067","targetHints":{"allow":["GET"]}}],"collection":[{"href":"https:\/\/nordicmart.andreevmaster.com\/da\/wp-json\/wp\/v2\/product"}],"about":[{"href":"https:\/\/nordicmart.andreevmaster.com\/da\/wp-json\/wp\/v2\/types\/product"}],"replies":[{"embeddable":true,"href":"https:\/\/nordicmart.andreevmaster.com\/da\/wp-json\/wp\/v2\/comments?post=27067"}],"wp:featuredmedia":[{"embeddable":true,"href":"https:\/\/nordicmart.andreevmaster.com\/da\/wp-json\/wp\/v2\/media\/44851"}],"wp:attachment":[{"href":"https:\/\/nordicmart.andreevmaster.com\/da\/wp-json\/wp\/v2\/media?parent=27067"}],"wp:term":[{"taxonomy":"product_brand","embeddable":true,"href":"https:\/\/nordicmart.andreevmaster.com\/da\/wp-json\/wp\/v2\/product_brand?post=27067"},{"taxonomy":"product_cat","embeddable":true,"href":"https:\/\/nordicmart.andreevmaster.com\/da\/wp-json\/wp\/v2\/product_cat?post=27067"},{"taxonomy":"product_tag","embeddable":true,"href":"https:\/\/nordicmart.andreevmaster.com\/da\/wp-json\/wp\/v2\/product_tag?post=27067"}],"curies":[{"name":"wp","href":"https:\/\/api.w.org\/{rel}","templated":true}]}}