{"id":27066,"date":"2026-02-27T00:35:18","date_gmt":"2026-02-27T00:35:18","guid":{"rendered":"https:\/\/nordicmart.andreevmaster.com\/product\/traeratt-45-cm-nc1402a\/"},"modified":"2026-02-27T09:14:14","modified_gmt":"2026-02-27T09:14:14","slug":"traeratt-45-cm-nc1402a","status":"publish","type":"product","link":"https:\/\/nordicmart.andreevmaster.com\/da\/vare\/traeratt-45-cm-nc1402a\/","title":{"rendered":"Tr\u00e6ratt &#8211; 45 cm &#8211; NC1402A"},"content":{"rendered":"<p>Tr\u00e6rrat &#8211; 45 cm &#8211; NC1402A &nbsp;Tr\u00e6rrat er en nautisk dekoration, der vil tilf\u00f8re dit hjem et maritimt pr\u00e6g. En symbolsk gave til en s\u00f8mand og til alle, der styrer roret i deres professionelle og private liv. Rorhjulet er lavet af tr\u00e6 med en messingmidte og passer godt til bl\u00e5, gr\u00f8nne eller hvide v\u00e6gge. &nbsp;Specifikationer for hjulet: &nbsp;&#8211; Materiale: tr\u00e6 &#8211; Indsats: messing &#8211; Hjuldiameter: 45 cm &#8211; Stil: maritim, retro &nbsp;Perfekt som:&nbsp;&#8211; Gave til en s\u00f8mand &#8211; Gave til chefen &#8211; Gave til en s\u00f8mand &#8211; Maritim dekoration&nbsp;<\/p>\n","protected":false},"excerpt":{"rendered":"<p>Tr\u00e6rrat &#8211; 45 cm &#8211; NC1402A &nbsp;Tr\u00e6rrat er en nautisk dekoration, der vil tilf\u00f8re dit hjem et maritimt pr\u00e6g. En symbolsk gave til en s\u00f8mand og til alle, der styrer roret i deres professionelle og private liv. Rorhjulet er lavet af tr\u00e6 med en messingmidte og passer godt til bl\u00e5, gr\u00f8nne eller hvide v\u00e6gge. &nbsp;Specifikationer [&hellip;]<\/p>\n","protected":false},"featured_media":44850,"comment_status":"open","ping_status":"closed","template":"","meta":[],"product_brand":[],"product_cat":[31],"product_tag":[],"class_list":{"0":"post-27066","1":"product","2":"type-product","3":"status-publish","4":"has-post-thumbnail","6":"product_cat-uncategorized-da","8":"first","9":"instock","10":"shipping-taxable","11":"purchasable","12":"product-type-simple"},"_links":{"self":[{"href":"https:\/\/nordicmart.andreevmaster.com\/da\/wp-json\/wp\/v2\/product\/27066","targetHints":{"allow":["GET"]}}],"collection":[{"href":"https:\/\/nordicmart.andreevmaster.com\/da\/wp-json\/wp\/v2\/product"}],"about":[{"href":"https:\/\/nordicmart.andreevmaster.com\/da\/wp-json\/wp\/v2\/types\/product"}],"replies":[{"embeddable":true,"href":"https:\/\/nordicmart.andreevmaster.com\/da\/wp-json\/wp\/v2\/comments?post=27066"}],"wp:featuredmedia":[{"embeddable":true,"href":"https:\/\/nordicmart.andreevmaster.com\/da\/wp-json\/wp\/v2\/media\/44850"}],"wp:attachment":[{"href":"https:\/\/nordicmart.andreevmaster.com\/da\/wp-json\/wp\/v2\/media?parent=27066"}],"wp:term":[{"taxonomy":"product_brand","embeddable":true,"href":"https:\/\/nordicmart.andreevmaster.com\/da\/wp-json\/wp\/v2\/product_brand?post=27066"},{"taxonomy":"product_cat","embeddable":true,"href":"https:\/\/nordicmart.andreevmaster.com\/da\/wp-json\/wp\/v2\/product_cat?post=27066"},{"taxonomy":"product_tag","embeddable":true,"href":"https:\/\/nordicmart.andreevmaster.com\/da\/wp-json\/wp\/v2\/product_tag?post=27066"}],"curies":[{"name":"wp","href":"https:\/\/api.w.org\/{rel}","templated":true}]}}