{"id":27065,"date":"2026-02-27T00:35:17","date_gmt":"2026-02-27T00:35:17","guid":{"rendered":"https:\/\/nordicmart.andreevmaster.com\/product\/sejlskibsmodel-dar-pomorza-darpom80\/"},"modified":"2026-02-27T09:14:14","modified_gmt":"2026-02-27T09:14:14","slug":"sejlskibsmodel-dar-pomorza-darpom80","status":"publish","type":"product","link":"https:\/\/nordicmart.andreevmaster.com\/da\/vare\/sejlskibsmodel-dar-pomorza-darpom80\/","title":{"rendered":"Sejlskibsmodel Dar Pomorza &#8211; DARPOM80"},"content":{"rendered":"<p>Sejlskibsmodel Dar Pomorza &#8211; DARPOM80&nbsp;&nbsp;Skibsmodellen kan blive et centralt dekorativt element i dit kontor eller din stue. Den store st\u00f8rrelse g\u00f8r, at den tiltr\u00e6kker dine g\u00e6sters opm\u00e6rksomhed. Pr\u00e6cist h\u00e5ndv\u00e6rk og elegant design g\u00f8r produktet unikt.&nbsp;&nbsp;Produktinformation:&nbsp;Materiale: Modellen er lavet af tr\u00e6 (skrog og master), sejl af l\u00e6rred, finishelementer (metal, plast).Model af h\u00f8j kvalitet, omhyggeligt fremstillet med sans for detaljer.Levering af modellen i dele, der skal samles &#8211; opstilling af master, montering af bovspryd og tilslutning og sp\u00e6nding af liner. Monteringen tager ca. 10-15 minutter og kr\u00e6ver ingen v\u00e6rkt\u00f8j. M\u00e5l: l\u00e6ngde 80 cm, h\u00f8jde 57 cm, bredde 14 cm. Dar Pomorza er et tremastet tr\u00e6ningssejlskib, kendt som den hvide fregat. En legende inden for polsk s\u00f8fartsuddannelse. Dar Pomorza blev k\u00f8bt af det pommerske samfund i 1929 til s\u00f8fartsskolen i Gdynia. Under polsk flag gennemf\u00f8rte &#8220;Dar Pomorza&#8221; 102 skolekrydstogter og sejlede en halv million s\u00f8mil \u2013 en afstand svarende til ca. 25 rejser jorden rundt. Det blev ber\u00f8mt som det f\u00f8rste skib i den polske handelsfl\u00e5des historie, der sejlede jorden rundt, og uddannede 13.384 studerende.<\/p>\n","protected":false},"excerpt":{"rendered":"<p>Sejlskibsmodel Dar Pomorza &#8211; DARPOM80&nbsp;&nbsp;Skibsmodellen kan blive et centralt dekorativt element i dit kontor eller din stue. Den store st\u00f8rrelse g\u00f8r, at den tiltr\u00e6kker dine g\u00e6sters opm\u00e6rksomhed. Pr\u00e6cist h\u00e5ndv\u00e6rk og elegant design g\u00f8r produktet unikt.&nbsp;&nbsp;Produktinformation:&nbsp;Materiale: Modellen er lavet af tr\u00e6 (skrog og master), sejl af l\u00e6rred, finishelementer (metal, plast).Model af h\u00f8j kvalitet, omhyggeligt fremstillet med [&hellip;]<\/p>\n","protected":false},"featured_media":44849,"comment_status":"open","ping_status":"closed","template":"","meta":[],"product_brand":[],"product_cat":[31],"product_tag":[],"class_list":{"0":"post-27065","1":"product","2":"type-product","3":"status-publish","4":"has-post-thumbnail","6":"product_cat-uncategorized-da","8":"first","9":"instock","10":"shipping-taxable","11":"purchasable","12":"product-type-simple"},"_links":{"self":[{"href":"https:\/\/nordicmart.andreevmaster.com\/da\/wp-json\/wp\/v2\/product\/27065","targetHints":{"allow":["GET"]}}],"collection":[{"href":"https:\/\/nordicmart.andreevmaster.com\/da\/wp-json\/wp\/v2\/product"}],"about":[{"href":"https:\/\/nordicmart.andreevmaster.com\/da\/wp-json\/wp\/v2\/types\/product"}],"replies":[{"embeddable":true,"href":"https:\/\/nordicmart.andreevmaster.com\/da\/wp-json\/wp\/v2\/comments?post=27065"}],"wp:featuredmedia":[{"embeddable":true,"href":"https:\/\/nordicmart.andreevmaster.com\/da\/wp-json\/wp\/v2\/media\/44849"}],"wp:attachment":[{"href":"https:\/\/nordicmart.andreevmaster.com\/da\/wp-json\/wp\/v2\/media?parent=27065"}],"wp:term":[{"taxonomy":"product_brand","embeddable":true,"href":"https:\/\/nordicmart.andreevmaster.com\/da\/wp-json\/wp\/v2\/product_brand?post=27065"},{"taxonomy":"product_cat","embeddable":true,"href":"https:\/\/nordicmart.andreevmaster.com\/da\/wp-json\/wp\/v2\/product_cat?post=27065"},{"taxonomy":"product_tag","embeddable":true,"href":"https:\/\/nordicmart.andreevmaster.com\/da\/wp-json\/wp\/v2\/product_tag?post=27065"}],"curies":[{"name":"wp","href":"https:\/\/api.w.org\/{rel}","templated":true}]}}