{"id":27064,"date":"2026-02-27T00:35:17","date_gmt":"2026-02-27T00:35:17","guid":{"rendered":"https:\/\/nordicmart.andreevmaster.com\/product\/schooner-model-atlantic-72-cm-atl72\/"},"modified":"2026-02-27T09:14:14","modified_gmt":"2026-02-27T09:14:14","slug":"schooner-model-atlantic-72-cm-atl72","status":"publish","type":"product","link":"https:\/\/nordicmart.andreevmaster.com\/da\/vare\/schooner-model-atlantic-72-cm-atl72\/","title":{"rendered":"Schooner Model Atlantic 72 cm &#8211; ATL72"},"content":{"rendered":"<p>Skonnertmodel Atlantic H\u00f8jde 72 cm | ATL72&nbsp;&nbsp;Smuk, stor 3-mastet skonnert. En replika af den ber\u00f8mte Atlantic-skonnert fra 1903. I 1905 vandt skonnerten den transatlantiske regatta fra New York til London og satte en rute-rekord.&nbsp;Fremstillet af tr\u00e6. Sejl lavet af linned. Det er en vidunderlig gave til en sejlentusiast!&nbsp;&nbsp;Produktinformation:&nbsp;Dimensioner: l\u00e6ngde 72 cm, bredde 10,5 cm, h\u00f8jde 53 cm Materiale: Tr\u00e6 og linned Selvmontering (kr\u00e6ver ikke limning eller ekstra v\u00e6rkt\u00f8j \u2013 ca. 20 minutter)&nbsp;OBS! Rigning til selvmontering \u2013 kr\u00e6ver ikke limning eller ekstra v\u00e6rkt\u00f8j. Monteringstid \u2013 ca. 20 minutter.&nbsp;<\/p>\n","protected":false},"excerpt":{"rendered":"<p>Skonnertmodel Atlantic H\u00f8jde 72 cm | ATL72&nbsp;&nbsp;Smuk, stor 3-mastet skonnert. En replika af den ber\u00f8mte Atlantic-skonnert fra 1903. I 1905 vandt skonnerten den transatlantiske regatta fra New York til London og satte en rute-rekord.&nbsp;Fremstillet af tr\u00e6. Sejl lavet af linned. Det er en vidunderlig gave til en sejlentusiast!&nbsp;&nbsp;Produktinformation:&nbsp;Dimensioner: l\u00e6ngde 72 cm, bredde 10,5 cm, h\u00f8jde [&hellip;]<\/p>\n","protected":false},"featured_media":44848,"comment_status":"open","ping_status":"closed","template":"","meta":[],"product_brand":[],"product_cat":[31],"product_tag":[],"class_list":{"0":"post-27064","1":"product","2":"type-product","3":"status-publish","4":"has-post-thumbnail","6":"product_cat-uncategorized-da","8":"first","9":"instock","10":"shipping-taxable","11":"purchasable","12":"product-type-simple"},"_links":{"self":[{"href":"https:\/\/nordicmart.andreevmaster.com\/da\/wp-json\/wp\/v2\/product\/27064","targetHints":{"allow":["GET"]}}],"collection":[{"href":"https:\/\/nordicmart.andreevmaster.com\/da\/wp-json\/wp\/v2\/product"}],"about":[{"href":"https:\/\/nordicmart.andreevmaster.com\/da\/wp-json\/wp\/v2\/types\/product"}],"replies":[{"embeddable":true,"href":"https:\/\/nordicmart.andreevmaster.com\/da\/wp-json\/wp\/v2\/comments?post=27064"}],"wp:featuredmedia":[{"embeddable":true,"href":"https:\/\/nordicmart.andreevmaster.com\/da\/wp-json\/wp\/v2\/media\/44848"}],"wp:attachment":[{"href":"https:\/\/nordicmart.andreevmaster.com\/da\/wp-json\/wp\/v2\/media?parent=27064"}],"wp:term":[{"taxonomy":"product_brand","embeddable":true,"href":"https:\/\/nordicmart.andreevmaster.com\/da\/wp-json\/wp\/v2\/product_brand?post=27064"},{"taxonomy":"product_cat","embeddable":true,"href":"https:\/\/nordicmart.andreevmaster.com\/da\/wp-json\/wp\/v2\/product_cat?post=27064"},{"taxonomy":"product_tag","embeddable":true,"href":"https:\/\/nordicmart.andreevmaster.com\/da\/wp-json\/wp\/v2\/product_tag?post=27064"}],"curies":[{"name":"wp","href":"https:\/\/api.w.org\/{rel}","templated":true}]}}