{"id":27063,"date":"2026-02-27T00:35:17","date_gmt":"2026-02-27T00:35:17","guid":{"rendered":"https:\/\/nordicmart.andreevmaster.com\/product\/marineur-i-vintage-stil-m02\/"},"modified":"2026-02-27T09:14:14","modified_gmt":"2026-02-27T09:14:14","slug":"marineur-i-vintage-stil-m02","status":"publish","type":"product","link":"https:\/\/nordicmart.andreevmaster.com\/da\/vare\/marineur-i-vintage-stil-m02\/","title":{"rendered":"Marineur i vintage-stil &#8211; M02"},"content":{"rendered":"<p>Vintage-stil pejsur &#8211; M02&nbsp;&nbsp;&nbsp;Vintage-stil pejsuret vil v\u00e6re en praktisk dekoration til en pejsreol, et skrivebord eller en kommode. Det passer godt sammen med kabinet-, engelsk- og retroindretninger. Uret i metalhus med fremragende kontrast mellem hvid urskive og sorte visere og tal g\u00f8r det nemt at afl\u00e6se tiden. &nbsp;&nbsp;&nbsp;Produktinformation:&nbsp;Materiale: metal, glasUrskive: hvidVisere: sorteTal: romertal, sorteFarve: guld, s\u00f8lvStr\u00f8mforsyning: batteriM\u00e5l: 23 x 13,5 x 5,5 cmStil: vintage, retro&nbsp;<\/p>\n","protected":false},"excerpt":{"rendered":"<p>Vintage-stil pejsur &#8211; M02&nbsp;&nbsp;&nbsp;Vintage-stil pejsuret vil v\u00e6re en praktisk dekoration til en pejsreol, et skrivebord eller en kommode. Det passer godt sammen med kabinet-, engelsk- og retroindretninger. Uret i metalhus med fremragende kontrast mellem hvid urskive og sorte visere og tal g\u00f8r det nemt at afl\u00e6se tiden. &nbsp;&nbsp;&nbsp;Produktinformation:&nbsp;Materiale: metal, glasUrskive: hvidVisere: sorteTal: romertal, sorteFarve: guld, [&hellip;]<\/p>\n","protected":false},"featured_media":44847,"comment_status":"open","ping_status":"closed","template":"","meta":[],"product_brand":[],"product_cat":[31],"product_tag":[],"class_list":{"0":"post-27063","1":"product","2":"type-product","3":"status-publish","4":"has-post-thumbnail","6":"product_cat-uncategorized-da","8":"first","9":"instock","10":"shipping-taxable","11":"purchasable","12":"product-type-simple"},"_links":{"self":[{"href":"https:\/\/nordicmart.andreevmaster.com\/da\/wp-json\/wp\/v2\/product\/27063","targetHints":{"allow":["GET"]}}],"collection":[{"href":"https:\/\/nordicmart.andreevmaster.com\/da\/wp-json\/wp\/v2\/product"}],"about":[{"href":"https:\/\/nordicmart.andreevmaster.com\/da\/wp-json\/wp\/v2\/types\/product"}],"replies":[{"embeddable":true,"href":"https:\/\/nordicmart.andreevmaster.com\/da\/wp-json\/wp\/v2\/comments?post=27063"}],"wp:featuredmedia":[{"embeddable":true,"href":"https:\/\/nordicmart.andreevmaster.com\/da\/wp-json\/wp\/v2\/media\/44847"}],"wp:attachment":[{"href":"https:\/\/nordicmart.andreevmaster.com\/da\/wp-json\/wp\/v2\/media?parent=27063"}],"wp:term":[{"taxonomy":"product_brand","embeddable":true,"href":"https:\/\/nordicmart.andreevmaster.com\/da\/wp-json\/wp\/v2\/product_brand?post=27063"},{"taxonomy":"product_cat","embeddable":true,"href":"https:\/\/nordicmart.andreevmaster.com\/da\/wp-json\/wp\/v2\/product_cat?post=27063"},{"taxonomy":"product_tag","embeddable":true,"href":"https:\/\/nordicmart.andreevmaster.com\/da\/wp-json\/wp\/v2\/product_tag?post=27063"}],"curies":[{"name":"wp","href":"https:\/\/api.w.org\/{rel}","templated":true}]}}