{"id":27062,"date":"2026-02-27T00:35:17","date_gmt":"2026-02-27T00:35:17","guid":{"rendered":"https:\/\/nordicmart.andreevmaster.com\/product\/statuette-af-musiknote-en-gave-til-en-musiker-mus-22\/"},"modified":"2026-02-27T09:14:14","modified_gmt":"2026-02-27T09:14:14","slug":"statuette-af-musiknote-en-gave-til-en-musiker-mus-22","status":"publish","type":"product","link":"https:\/\/nordicmart.andreevmaster.com\/da\/vare\/statuette-af-musiknote-en-gave-til-en-musiker-mus-22\/","title":{"rendered":"Statuette af musiknote \u2013 en gave til en musiker \u2013 MUS-22"},"content":{"rendered":"<p>Statuette af en musiknote \u2013 en gave til en musiker \u2013 MUS-22&nbsp;&nbsp;Noter er alfabetet i musiknotation \u2013 musikeres universelle sprog. De er en grafisk repr\u00e6sentation af en musikalsk lyd og angiver dens varighed og toneh\u00f8jde. En tone er en sekstendedels tone \u2013 den repr\u00e6senterer en lyd med en varighed p\u00e5 en sekstendedel af en hel tone. To eller flere sekstendedele skrives med en dobbelt treble (binding).&nbsp;&nbsp;Statuen af en musiknote er en charmerende gave til en musiker. Den er perfekt som gave i forbindelse med eksamen fra en musikskole. Den vil ogs\u00e5 v\u00e6re en perfekt gave til en musikl\u00e6rer og en smuk pris i en musikkonkurrence. &nbsp;&nbsp;Produktinformation:&nbsp;Materiale: aluminiumBase: tr\u00e6Dimensioner: 26 x 20 x 6,5 cm Farve: guld Basisfarve: sort&nbsp;Musiknote-statuetten er:&nbsp;Musikalsk dekoration til en musikers v\u00e6relseGave til en musikerGave til en musikl\u00e6rerPr\u00e6mie i en musikkonkurrence&nbsp;&nbsp;&nbsp;&nbsp;&nbsp;&nbsp;&nbsp;&nbsp;&nbsp;<\/p>\n","protected":false},"excerpt":{"rendered":"<p>Statuette af en musiknote \u2013 en gave til en musiker \u2013 MUS-22&nbsp;&nbsp;Noter er alfabetet i musiknotation \u2013 musikeres universelle sprog. De er en grafisk repr\u00e6sentation af en musikalsk lyd og angiver dens varighed og toneh\u00f8jde. En tone er en sekstendedels tone \u2013 den repr\u00e6senterer en lyd med en varighed p\u00e5 en sekstendedel af en hel [&hellip;]<\/p>\n","protected":false},"featured_media":44846,"comment_status":"open","ping_status":"closed","template":"","meta":[],"product_brand":[],"product_cat":[31],"product_tag":[],"class_list":{"0":"post-27062","1":"product","2":"type-product","3":"status-publish","4":"has-post-thumbnail","6":"product_cat-uncategorized-da","8":"first","9":"instock","10":"shipping-taxable","11":"purchasable","12":"product-type-simple"},"_links":{"self":[{"href":"https:\/\/nordicmart.andreevmaster.com\/da\/wp-json\/wp\/v2\/product\/27062","targetHints":{"allow":["GET"]}}],"collection":[{"href":"https:\/\/nordicmart.andreevmaster.com\/da\/wp-json\/wp\/v2\/product"}],"about":[{"href":"https:\/\/nordicmart.andreevmaster.com\/da\/wp-json\/wp\/v2\/types\/product"}],"replies":[{"embeddable":true,"href":"https:\/\/nordicmart.andreevmaster.com\/da\/wp-json\/wp\/v2\/comments?post=27062"}],"wp:featuredmedia":[{"embeddable":true,"href":"https:\/\/nordicmart.andreevmaster.com\/da\/wp-json\/wp\/v2\/media\/44846"}],"wp:attachment":[{"href":"https:\/\/nordicmart.andreevmaster.com\/da\/wp-json\/wp\/v2\/media?parent=27062"}],"wp:term":[{"taxonomy":"product_brand","embeddable":true,"href":"https:\/\/nordicmart.andreevmaster.com\/da\/wp-json\/wp\/v2\/product_brand?post=27062"},{"taxonomy":"product_cat","embeddable":true,"href":"https:\/\/nordicmart.andreevmaster.com\/da\/wp-json\/wp\/v2\/product_cat?post=27062"},{"taxonomy":"product_tag","embeddable":true,"href":"https:\/\/nordicmart.andreevmaster.com\/da\/wp-json\/wp\/v2\/product_tag?post=27062"}],"curies":[{"name":"wp","href":"https:\/\/api.w.org\/{rel}","templated":true}]}}