{"id":27061,"date":"2026-02-27T00:35:16","date_gmt":"2026-02-27T00:35:16","guid":{"rendered":"https:\/\/nordicmart.andreevmaster.com\/product\/metalguitar-model-gave-til-guitaristen-mus-20\/"},"modified":"2026-02-27T09:14:14","modified_gmt":"2026-02-27T09:14:14","slug":"metalguitar-model-gave-til-guitaristen-mus-20","status":"publish","type":"product","link":"https:\/\/nordicmart.andreevmaster.com\/da\/vare\/metalguitar-model-gave-til-guitaristen-mus-20\/","title":{"rendered":"Metalguitar-model \u2013 gave til guitaristen \u2013 MUS-20"},"content":{"rendered":"<p>Metalguitar-model \u2013 gave til guitaristen \u2013 MUS-20&nbsp;&nbsp;Guitaren \u2013 et af de mest popul\u00e6re musikinstrumenter i verden. I 2020 blev der solgt omkring 160 millioner akustiske guitarer alene i USA! Guitaren har erobret hjerterne hos mennesker over hele verden. Romantiske ballader, bluesnumre, flamenco, strumming ved b\u00e5let &#8211; guitarlyde ledsager os n\u00e6sten overalt. &nbsp;&nbsp;Den klassiske metalguitar er en charmerende gave til dem, der kan lide musik. Guitaren er en fantastisk gave til en guitarist og kan ogs\u00e5 bruges som pr\u00e6mie i en musikkonkurrence. Guitarfiguren er ogs\u00e5 en perfekt gave til en musikl\u00e6rer. &nbsp;Produktinformation:&nbsp;Materiale: aluminiumDimensioner: 25 x 9,5 x 6,5 cm Farve: guld &nbsp;&nbsp;<\/p>\n","protected":false},"excerpt":{"rendered":"<p>Metalguitar-model \u2013 gave til guitaristen \u2013 MUS-20&nbsp;&nbsp;Guitaren \u2013 et af de mest popul\u00e6re musikinstrumenter i verden. I 2020 blev der solgt omkring 160 millioner akustiske guitarer alene i USA! Guitaren har erobret hjerterne hos mennesker over hele verden. Romantiske ballader, bluesnumre, flamenco, strumming ved b\u00e5let &#8211; guitarlyde ledsager os n\u00e6sten overalt. &nbsp;&nbsp;Den klassiske metalguitar er [&hellip;]<\/p>\n","protected":false},"featured_media":44845,"comment_status":"open","ping_status":"closed","template":"","meta":[],"product_brand":[],"product_cat":[31],"product_tag":[],"class_list":{"0":"post-27061","1":"product","2":"type-product","3":"status-publish","4":"has-post-thumbnail","6":"product_cat-uncategorized-da","8":"first","9":"instock","10":"shipping-taxable","11":"purchasable","12":"product-type-simple"},"_links":{"self":[{"href":"https:\/\/nordicmart.andreevmaster.com\/da\/wp-json\/wp\/v2\/product\/27061","targetHints":{"allow":["GET"]}}],"collection":[{"href":"https:\/\/nordicmart.andreevmaster.com\/da\/wp-json\/wp\/v2\/product"}],"about":[{"href":"https:\/\/nordicmart.andreevmaster.com\/da\/wp-json\/wp\/v2\/types\/product"}],"replies":[{"embeddable":true,"href":"https:\/\/nordicmart.andreevmaster.com\/da\/wp-json\/wp\/v2\/comments?post=27061"}],"wp:featuredmedia":[{"embeddable":true,"href":"https:\/\/nordicmart.andreevmaster.com\/da\/wp-json\/wp\/v2\/media\/44845"}],"wp:attachment":[{"href":"https:\/\/nordicmart.andreevmaster.com\/da\/wp-json\/wp\/v2\/media?parent=27061"}],"wp:term":[{"taxonomy":"product_brand","embeddable":true,"href":"https:\/\/nordicmart.andreevmaster.com\/da\/wp-json\/wp\/v2\/product_brand?post=27061"},{"taxonomy":"product_cat","embeddable":true,"href":"https:\/\/nordicmart.andreevmaster.com\/da\/wp-json\/wp\/v2\/product_cat?post=27061"},{"taxonomy":"product_tag","embeddable":true,"href":"https:\/\/nordicmart.andreevmaster.com\/da\/wp-json\/wp\/v2\/product_tag?post=27061"}],"curies":[{"name":"wp","href":"https:\/\/api.w.org\/{rel}","templated":true}]}}