{"id":27060,"date":"2026-02-27T00:35:16","date_gmt":"2026-02-27T00:35:16","guid":{"rendered":"https:\/\/nordicmart.andreevmaster.com\/product\/spitfire-flymodel-legendarisk-jagerfly-fra-2-verdenskrig-spis\/"},"modified":"2026-02-27T09:14:13","modified_gmt":"2026-02-27T09:14:13","slug":"spitfire-flymodel-legendarisk-jagerfly-fra-2-verdenskrig-spis","status":"publish","type":"product","link":"https:\/\/nordicmart.andreevmaster.com\/da\/vare\/spitfire-flymodel-legendarisk-jagerfly-fra-2-verdenskrig-spis\/","title":{"rendered":"Spitfire-flymodel \u2013 legendarisk jagerfly fra 2. verdenskrig \u2013 SPIS"},"content":{"rendered":"<p>Spitfire-flymodel \u2013 legendarisk jagerfly fra 2. verdenskrig \u2013 SPIS&nbsp;&nbsp;Spitfire-modellen, det legendariske jagerfly fra 2. verdenskrig, er en sand forn\u00f8jelse for fans af luftfartshistorie og en fantastisk gave til dem, der interesserer sig for milit\u00e6rteknologiens historie.&nbsp;Spitfire-jagerflyet var et af de mest ber\u00f8mte fly fra 2. verdenskrig, og der blev produceret mere end 23.000 eksemplarer af dette utroligt hurtige og man\u00f8vredygtige jagerfly. Otte eskadriller fra det polske luftv\u00e5ben i Storbritannien fl\u00f8j med Spitfire-fly under krigen. Spitfire blev symbolet p\u00e5 sejren over det tyske Luftwaffe i Slaget om England. &nbsp;&nbsp;&nbsp;Produktinformation:&nbsp;Materiale: aluminiumDimensioner: 15 x 13 x 8 cm Farve: Guld &nbsp;<\/p>\n","protected":false},"excerpt":{"rendered":"<p>Spitfire-flymodel \u2013 legendarisk jagerfly fra 2. verdenskrig \u2013 SPIS&nbsp;&nbsp;Spitfire-modellen, det legendariske jagerfly fra 2. verdenskrig, er en sand forn\u00f8jelse for fans af luftfartshistorie og en fantastisk gave til dem, der interesserer sig for milit\u00e6rteknologiens historie.&nbsp;Spitfire-jagerflyet var et af de mest ber\u00f8mte fly fra 2. verdenskrig, og der blev produceret mere end 23.000 eksemplarer af dette [&hellip;]<\/p>\n","protected":false},"featured_media":44844,"comment_status":"open","ping_status":"closed","template":"","meta":[],"product_brand":[],"product_cat":[31],"product_tag":[],"class_list":{"0":"post-27060","1":"product","2":"type-product","3":"status-publish","4":"has-post-thumbnail","6":"product_cat-uncategorized-da","8":"first","9":"instock","10":"shipping-taxable","11":"purchasable","12":"product-type-simple"},"_links":{"self":[{"href":"https:\/\/nordicmart.andreevmaster.com\/da\/wp-json\/wp\/v2\/product\/27060","targetHints":{"allow":["GET"]}}],"collection":[{"href":"https:\/\/nordicmart.andreevmaster.com\/da\/wp-json\/wp\/v2\/product"}],"about":[{"href":"https:\/\/nordicmart.andreevmaster.com\/da\/wp-json\/wp\/v2\/types\/product"}],"replies":[{"embeddable":true,"href":"https:\/\/nordicmart.andreevmaster.com\/da\/wp-json\/wp\/v2\/comments?post=27060"}],"wp:featuredmedia":[{"embeddable":true,"href":"https:\/\/nordicmart.andreevmaster.com\/da\/wp-json\/wp\/v2\/media\/44844"}],"wp:attachment":[{"href":"https:\/\/nordicmart.andreevmaster.com\/da\/wp-json\/wp\/v2\/media?parent=27060"}],"wp:term":[{"taxonomy":"product_brand","embeddable":true,"href":"https:\/\/nordicmart.andreevmaster.com\/da\/wp-json\/wp\/v2\/product_brand?post=27060"},{"taxonomy":"product_cat","embeddable":true,"href":"https:\/\/nordicmart.andreevmaster.com\/da\/wp-json\/wp\/v2\/product_cat?post=27060"},{"taxonomy":"product_tag","embeddable":true,"href":"https:\/\/nordicmart.andreevmaster.com\/da\/wp-json\/wp\/v2\/product_tag?post=27060"}],"curies":[{"name":"wp","href":"https:\/\/api.w.org\/{rel}","templated":true}]}}