{"id":27059,"date":"2026-02-27T00:35:16","date_gmt":"2026-02-27T00:35:16","guid":{"rendered":"https:\/\/nordicmart.andreevmaster.com\/product\/concorde-metalmodel-fly-luftfartsikon-con\/"},"modified":"2026-02-27T09:14:13","modified_gmt":"2026-02-27T09:14:13","slug":"concorde-metalmodel-fly-luftfartsikon-con","status":"publish","type":"product","link":"https:\/\/nordicmart.andreevmaster.com\/da\/vare\/concorde-metalmodel-fly-luftfartsikon-con\/","title":{"rendered":"Concorde metalmodel fly &#8211; luftfartsikon \u2013 CON"},"content":{"rendered":"<p>Concorde metalmodel fly &#8211; luftfartsikon &ndash; CON&nbsp;&nbsp;Denne metalmodel af Concorde-flyet, den legendariske supersoniske maskine, er den perfekte gave til den ivrige luftfartsentusiast.&nbsp;Det Concorde-passagerfly med turbojetmotor betragtes af mange som et ikon inden for luftfarten. Det slog hastighedsrekorder: fra London Heathrow til New York JFK fl\u00f8j det p\u00e5 2 timer, 52 minutter og 59 sekunder og fl\u00f8j jorden rundt p\u00e5 mindre end 33 timer (med mellemlandinger). Concorde blev betragtet som et prestigefyldt transportmiddel for de rigeste, men takket v\u00e6re charterflyvninger kunne en enkeltrejse ogs\u00e5 foretages af kunder med en mellemindkomst. Efter flystyrtet med fly 4590 den 25. juli 2000 og \u00f8konomiske problemer blev Concorde taget ud af drift i 2003. Denne moderne, minimalistiske Concorde-model ville v\u00e6re en fantastisk gave til en flyentusiast. &nbsp;&nbsp;Produktinformation:&nbsp;Materiale: aluminiumDimensioner: 31 x 12 x 13 cm Farve: s\u00f8lv Elegant, s\u00f8lvfarvet stativ&nbsp;<\/p>\n","protected":false},"excerpt":{"rendered":"<p>Concorde metalmodel fly &#8211; luftfartsikon &ndash; CON&nbsp;&nbsp;Denne metalmodel af Concorde-flyet, den legendariske supersoniske maskine, er den perfekte gave til den ivrige luftfartsentusiast.&nbsp;Det Concorde-passagerfly med turbojetmotor betragtes af mange som et ikon inden for luftfarten. Det slog hastighedsrekorder: fra London Heathrow til New York JFK fl\u00f8j det p\u00e5 2 timer, 52 minutter og 59 sekunder og [&hellip;]<\/p>\n","protected":false},"featured_media":44843,"comment_status":"open","ping_status":"closed","template":"","meta":[],"product_brand":[],"product_cat":[31],"product_tag":[],"class_list":{"0":"post-27059","1":"product","2":"type-product","3":"status-publish","4":"has-post-thumbnail","6":"product_cat-uncategorized-da","8":"first","9":"instock","10":"shipping-taxable","11":"purchasable","12":"product-type-simple"},"_links":{"self":[{"href":"https:\/\/nordicmart.andreevmaster.com\/da\/wp-json\/wp\/v2\/product\/27059","targetHints":{"allow":["GET"]}}],"collection":[{"href":"https:\/\/nordicmart.andreevmaster.com\/da\/wp-json\/wp\/v2\/product"}],"about":[{"href":"https:\/\/nordicmart.andreevmaster.com\/da\/wp-json\/wp\/v2\/types\/product"}],"replies":[{"embeddable":true,"href":"https:\/\/nordicmart.andreevmaster.com\/da\/wp-json\/wp\/v2\/comments?post=27059"}],"wp:featuredmedia":[{"embeddable":true,"href":"https:\/\/nordicmart.andreevmaster.com\/da\/wp-json\/wp\/v2\/media\/44843"}],"wp:attachment":[{"href":"https:\/\/nordicmart.andreevmaster.com\/da\/wp-json\/wp\/v2\/media?parent=27059"}],"wp:term":[{"taxonomy":"product_brand","embeddable":true,"href":"https:\/\/nordicmart.andreevmaster.com\/da\/wp-json\/wp\/v2\/product_brand?post=27059"},{"taxonomy":"product_cat","embeddable":true,"href":"https:\/\/nordicmart.andreevmaster.com\/da\/wp-json\/wp\/v2\/product_cat?post=27059"},{"taxonomy":"product_tag","embeddable":true,"href":"https:\/\/nordicmart.andreevmaster.com\/da\/wp-json\/wp\/v2\/product_tag?post=27059"}],"curies":[{"name":"wp","href":"https:\/\/api.w.org\/{rel}","templated":true}]}}