{"id":27058,"date":"2026-02-27T00:35:16","date_gmt":"2026-02-27T00:35:16","guid":{"rendered":"https:\/\/nordicmart.andreevmaster.com\/product\/enmotorers-metalmodel-fly-n-0896\/"},"modified":"2026-02-27T09:14:13","modified_gmt":"2026-02-27T09:14:13","slug":"enmotorers-metalmodel-fly-n-0896","status":"publish","type":"product","link":"https:\/\/nordicmart.andreevmaster.com\/da\/vare\/enmotorers-metalmodel-fly-n-0896\/","title":{"rendered":"Enmotorers metalmodel fly &#8211; N-0896"},"content":{"rendered":"<p>Enmotorers metalmodel af fly &#8211; N-0896&nbsp;&nbsp;Metalmodel af et enmotorers fly er en fantastisk gave til en nyuddannet pilot. Den dekorative model af flyet vil v\u00e6re en smuk souvenir. Flyfiguren vil ogs\u00e5 gl\u00e6de flyentusiaster. &nbsp;Takket v\u00e6re modellens base ser flyet ud som om det er i luften. Den moderne, diskrete form af et enmotoret fly passer b\u00e5de til industrielle og kontorinteri\u00f8rer. &nbsp;Det vil pynte p\u00e5 et skrivebord, en pejs eller en kommode.&nbsp;Produktinformation:&nbsp;Materiale: aluminiumDimensioner: 17 x 14 x 11 cm Farve: s\u00f8lv St\u00e5r p\u00e5 basen&nbsp;&nbsp;<\/p>\n","protected":false},"excerpt":{"rendered":"<p>Enmotorers metalmodel af fly &#8211; N-0896&nbsp;&nbsp;Metalmodel af et enmotorers fly er en fantastisk gave til en nyuddannet pilot. Den dekorative model af flyet vil v\u00e6re en smuk souvenir. Flyfiguren vil ogs\u00e5 gl\u00e6de flyentusiaster. &nbsp;Takket v\u00e6re modellens base ser flyet ud som om det er i luften. Den moderne, diskrete form af et enmotoret fly passer [&hellip;]<\/p>\n","protected":false},"featured_media":44842,"comment_status":"open","ping_status":"closed","template":"","meta":[],"product_brand":[],"product_cat":[31],"product_tag":[],"class_list":{"0":"post-27058","1":"product","2":"type-product","3":"status-publish","4":"has-post-thumbnail","6":"product_cat-uncategorized-da","8":"first","9":"instock","10":"shipping-taxable","11":"purchasable","12":"product-type-simple"},"_links":{"self":[{"href":"https:\/\/nordicmart.andreevmaster.com\/da\/wp-json\/wp\/v2\/product\/27058","targetHints":{"allow":["GET"]}}],"collection":[{"href":"https:\/\/nordicmart.andreevmaster.com\/da\/wp-json\/wp\/v2\/product"}],"about":[{"href":"https:\/\/nordicmart.andreevmaster.com\/da\/wp-json\/wp\/v2\/types\/product"}],"replies":[{"embeddable":true,"href":"https:\/\/nordicmart.andreevmaster.com\/da\/wp-json\/wp\/v2\/comments?post=27058"}],"wp:featuredmedia":[{"embeddable":true,"href":"https:\/\/nordicmart.andreevmaster.com\/da\/wp-json\/wp\/v2\/media\/44842"}],"wp:attachment":[{"href":"https:\/\/nordicmart.andreevmaster.com\/da\/wp-json\/wp\/v2\/media?parent=27058"}],"wp:term":[{"taxonomy":"product_brand","embeddable":true,"href":"https:\/\/nordicmart.andreevmaster.com\/da\/wp-json\/wp\/v2\/product_brand?post=27058"},{"taxonomy":"product_cat","embeddable":true,"href":"https:\/\/nordicmart.andreevmaster.com\/da\/wp-json\/wp\/v2\/product_cat?post=27058"},{"taxonomy":"product_tag","embeddable":true,"href":"https:\/\/nordicmart.andreevmaster.com\/da\/wp-json\/wp\/v2\/product_tag?post=27058"}],"curies":[{"name":"wp","href":"https:\/\/api.w.org\/{rel}","templated":true}]}}