{"id":27057,"date":"2026-02-27T00:35:15","date_gmt":"2026-02-27T00:35:15","guid":{"rendered":"https:\/\/nordicmart.andreevmaster.com\/product\/flashdrev-16-gb-og-powerbank-2600-mah-i-en-aeske-pdpb\/"},"modified":"2026-02-27T09:14:13","modified_gmt":"2026-02-27T09:14:13","slug":"flashdrev-16-gb-og-powerbank-2600-mah-i-en-aeske-pdpb","status":"publish","type":"product","link":"https:\/\/nordicmart.andreevmaster.com\/da\/vare\/flashdrev-16-gb-og-powerbank-2600-mah-i-en-aeske-pdpb\/","title":{"rendered":"Flashdrev 16 GB og powerbank 2600 mAh i en \u00e6ske PDPB"},"content":{"rendered":"<p>Flashdrev 16 GB og powerbank 2600 mAh i en \u00e6ske PDPB &nbsp;Forretningss\u00e6t: Flashdrev 16 GB og powerbank 2600 mAh i en \u00e6ske PDPB passer perfekt som gave til en medarbejder eller en forretningskunde. De stilfulde enheder i en tr\u00e6kasse er nyttige gadgets, som du kan bruge p\u00e5 kontoret og p\u00e5 forretningsrejser. Tr\u00e6-flashdrev med en kapacitet p\u00e5 16 GB kan fastg\u00f8res til en n\u00f8glering. Flashdrevets indgang er sikret med en tr\u00e6prop.&nbsp;Powerbank 2600 mAh kan bruges til op til 3 opladninger. En powerbank er en elektronisk gadget, der kan redde dig, n\u00e5r din telefonbatteri er ved at l\u00f8be t\u00f8r. Flashdrev og powerbank i en elegant sort papkasse med en svamp til opbevaring af enheder. Flashdrevets specifikationer: Kapacitet: 16 GB Interface: USB Etui: tr\u00e6, metal Farve: lysebrun&bull;Dimensioner:&nbsp;Powerbank-specifikationer:&nbsp;&bull; Antal porte: 2&bull; Nominel kapacitet [mAh]: 2600 mAh&bull; Materiale: metal, tr\u00e6&bull; Farve: lysebrun&bull; Dimensioner:&nbsp;Emballage:&nbsp;&bull; Sort pap&bull; Svamp&bull; M\u00e5l:&nbsp;<\/p>\n","protected":false},"excerpt":{"rendered":"<p>Flashdrev 16 GB og powerbank 2600 mAh i en \u00e6ske PDPB &nbsp;Forretningss\u00e6t: Flashdrev 16 GB og powerbank 2600 mAh i en \u00e6ske PDPB passer perfekt som gave til en medarbejder eller en forretningskunde. De stilfulde enheder i en tr\u00e6kasse er nyttige gadgets, som du kan bruge p\u00e5 kontoret og p\u00e5 forretningsrejser. Tr\u00e6-flashdrev med en kapacitet [&hellip;]<\/p>\n","protected":false},"featured_media":0,"comment_status":"open","ping_status":"closed","template":"","meta":[],"product_brand":[],"product_cat":[31],"product_tag":[],"class_list":{"0":"post-27057","1":"product","2":"type-product","3":"status-publish","5":"product_cat-uncategorized-da","7":"first","8":"instock","9":"shipping-taxable","10":"purchasable","11":"product-type-simple"},"_links":{"self":[{"href":"https:\/\/nordicmart.andreevmaster.com\/da\/wp-json\/wp\/v2\/product\/27057","targetHints":{"allow":["GET"]}}],"collection":[{"href":"https:\/\/nordicmart.andreevmaster.com\/da\/wp-json\/wp\/v2\/product"}],"about":[{"href":"https:\/\/nordicmart.andreevmaster.com\/da\/wp-json\/wp\/v2\/types\/product"}],"replies":[{"embeddable":true,"href":"https:\/\/nordicmart.andreevmaster.com\/da\/wp-json\/wp\/v2\/comments?post=27057"}],"wp:attachment":[{"href":"https:\/\/nordicmart.andreevmaster.com\/da\/wp-json\/wp\/v2\/media?parent=27057"}],"wp:term":[{"taxonomy":"product_brand","embeddable":true,"href":"https:\/\/nordicmart.andreevmaster.com\/da\/wp-json\/wp\/v2\/product_brand?post=27057"},{"taxonomy":"product_cat","embeddable":true,"href":"https:\/\/nordicmart.andreevmaster.com\/da\/wp-json\/wp\/v2\/product_cat?post=27057"},{"taxonomy":"product_tag","embeddable":true,"href":"https:\/\/nordicmart.andreevmaster.com\/da\/wp-json\/wp\/v2\/product_tag?post=27057"}],"curies":[{"name":"wp","href":"https:\/\/api.w.org\/{rel}","templated":true}]}}