{"id":27056,"date":"2026-02-27T00:35:15","date_gmt":"2026-02-27T00:35:15","guid":{"rendered":"https:\/\/nordicmart.andreevmaster.com\/product\/elegant-4-delt-vinsaet-g196\/"},"modified":"2026-02-27T09:14:13","modified_gmt":"2026-02-27T09:14:13","slug":"elegant-4-delt-vinsaet-g196","status":"publish","type":"product","link":"https:\/\/nordicmart.andreevmaster.com\/da\/vare\/elegant-4-delt-vinsaet-g196\/","title":{"rendered":"Elegant 4-delt vins\u00e6t &#8211; G196"},"content":{"rendered":"<p>Elegant 4-delt vins\u00e6t &#8211; G196&nbsp;&nbsp;Inde i denne elegante tr\u00e6flaske findes vintilbeh\u00f8r: en proptr\u00e6kker med prop, en ekstra prop, en flaskeunderlag og en flaskehalsring \u2013 det perfekte tilbeh\u00f8r til hjemmebaren. Tilbeh\u00f8ret er lavet af rustfrit st\u00e5l og er fors\u00f8lvet. Hvert element har sin egen plads inde i flaskeemballagen. For at g\u00f8re det nemt at tage tilbeh\u00f8ret ud, er hvert element fors\u00e6nket i formen. S\u00e6ttet er pakket i en \u00e6stetisk \u00e6ske lavet af hvidt karton med kridtfinish.&nbsp;&nbsp;Produktinformation:&nbsp;M\u00e5l: 29,7 cm x 17 cm x 5,5 cmMateriale: Tilbeh\u00f8r: fors\u00f8lvet rustfrit st\u00e5l; Emballage: tr\u00e6 (flaskeformet); \u00c6ske: hvidt, kridtbehandlet pap. Indhold: Proptr\u00e6kker med flaskeprop Ekstra prop Flaskeunderlag Flaskehalsdrypskive Hvorfor er det v\u00e6rd at k\u00f8be? Elegant emballage: Hvert element har sin egen plads i emballagen. Komplet 4-i-1-s\u00e6t: S\u00e6ttet indeholder alt det n\u00f8dvendige tilbeh\u00f8r for at nyde vin fuldt ud: en proptr\u00e6kker med flaskeprop, en ekstra prop, en flaskeunderlag og en dr\u00e5bering til flaskehalsen. Materialer af h\u00f8j kvalitet: Tilbeh\u00f8ret er lavet af rustfrit st\u00e5l og er fors\u00f8lvet, hvilket giver det et elegant look og sikrer holdbarhed.Alsidig gave: Dette elegante s\u00e6t er en fantastisk gave til en vinelsker, en kvindedagsgave eller en gave til din chef. Det er en perfekt gaveid\u00e9 til enhver lejlighed. Praktisk og funktionelt: Dette s\u00e6t er det perfekte udstyr til hjemmebaren og er uundv\u00e6rligt til professionel vinservering.<\/p>\n","protected":false},"excerpt":{"rendered":"<p>Elegant 4-delt vins\u00e6t &#8211; G196&nbsp;&nbsp;Inde i denne elegante tr\u00e6flaske findes vintilbeh\u00f8r: en proptr\u00e6kker med prop, en ekstra prop, en flaskeunderlag og en flaskehalsring \u2013 det perfekte tilbeh\u00f8r til hjemmebaren. Tilbeh\u00f8ret er lavet af rustfrit st\u00e5l og er fors\u00f8lvet. Hvert element har sin egen plads inde i flaskeemballagen. For at g\u00f8re det nemt at tage tilbeh\u00f8ret [&hellip;]<\/p>\n","protected":false},"featured_media":44841,"comment_status":"open","ping_status":"closed","template":"","meta":[],"product_brand":[],"product_cat":[31],"product_tag":[],"class_list":{"0":"post-27056","1":"product","2":"type-product","3":"status-publish","4":"has-post-thumbnail","6":"product_cat-uncategorized-da","8":"first","9":"instock","10":"shipping-taxable","11":"purchasable","12":"product-type-simple"},"_links":{"self":[{"href":"https:\/\/nordicmart.andreevmaster.com\/da\/wp-json\/wp\/v2\/product\/27056","targetHints":{"allow":["GET"]}}],"collection":[{"href":"https:\/\/nordicmart.andreevmaster.com\/da\/wp-json\/wp\/v2\/product"}],"about":[{"href":"https:\/\/nordicmart.andreevmaster.com\/da\/wp-json\/wp\/v2\/types\/product"}],"replies":[{"embeddable":true,"href":"https:\/\/nordicmart.andreevmaster.com\/da\/wp-json\/wp\/v2\/comments?post=27056"}],"wp:featuredmedia":[{"embeddable":true,"href":"https:\/\/nordicmart.andreevmaster.com\/da\/wp-json\/wp\/v2\/media\/44841"}],"wp:attachment":[{"href":"https:\/\/nordicmart.andreevmaster.com\/da\/wp-json\/wp\/v2\/media?parent=27056"}],"wp:term":[{"taxonomy":"product_brand","embeddable":true,"href":"https:\/\/nordicmart.andreevmaster.com\/da\/wp-json\/wp\/v2\/product_brand?post=27056"},{"taxonomy":"product_cat","embeddable":true,"href":"https:\/\/nordicmart.andreevmaster.com\/da\/wp-json\/wp\/v2\/product_cat?post=27056"},{"taxonomy":"product_tag","embeddable":true,"href":"https:\/\/nordicmart.andreevmaster.com\/da\/wp-json\/wp\/v2\/product_tag?post=27056"}],"curies":[{"name":"wp","href":"https:\/\/api.w.org\/{rel}","templated":true}]}}