{"id":27055,"date":"2026-02-27T00:35:15","date_gmt":"2026-02-27T00:35:15","guid":{"rendered":"https:\/\/nordicmart.andreevmaster.com\/product\/eksklusivt-2-delt-golfgavesaet-g032\/"},"modified":"2026-02-27T09:14:12","modified_gmt":"2026-02-27T09:14:12","slug":"eksklusivt-2-delt-golfgavesaet-g032","status":"publish","type":"product","link":"https:\/\/nordicmart.andreevmaster.com\/da\/vare\/eksklusivt-2-delt-golfgavesaet-g032\/","title":{"rendered":"Eksklusivt 2-delt golfgaves\u00e6t | G032"},"content":{"rendered":"<p>Golf \u2013 todelt gaves\u00e6t \u2013 gave til en golfspiller \u2013 G032&nbsp;&nbsp;Leder du efter den perfekte gave til en golfentusiast? G032-s\u00e6ttet er et hit! Det er elegant og praktisk og vil helt sikkert gl\u00e6de alle fans af denne sport.&nbsp;&nbsp;S\u00e6ttet best\u00e5r af to elementer:&nbsp;N\u00f8glering i form af en halv golfbold med et ur. Uret \u00e5bnes ved hj\u00e6lp af knappen p\u00e5 siden af enheden.Metalgaffel til at l\u00f8fte bolde (s\u00e5kaldt fork) med tr\u00e6 p\u00e5 toppen&nbsp;&nbsp;Det hele er pakket i en elegant tr\u00e6kasse med en halvcirkelformet top og cremefarvet lister.&nbsp;G032-s\u00e6ttet er en perfekt gaveid\u00e9 til enhver golfspiller, uanset deres niveau. Det vil ogs\u00e5 v\u00e6re et smagfuldt dekorativt element p\u00e5 skrivebordet hos enhver sportsfan.&nbsp;&nbsp;Produktinformation:&nbsp;M\u00e5l: 21 x 12 x 4 cmMateriale: tr\u00e6, metalS\u00e6ttet indeholder: en n\u00f8glering med ur, en gaffel til at l\u00f8fte bolde, en tr\u00e6kasse&nbsp;&nbsp;Golf er en af de mest popul\u00e6re sportsgrene i verden. Det er en sport for mennesker i alle aldre og med alle niveauer af fysisk kondition. Golf kr\u00e6ver pr\u00e6cision, fokus og strategi, hvilket g\u00f8r det til en ekstremt vanedannende disciplin.&nbsp;<\/p>\n","protected":false},"excerpt":{"rendered":"<p>Golf \u2013 todelt gaves\u00e6t \u2013 gave til en golfspiller \u2013 G032&nbsp;&nbsp;Leder du efter den perfekte gave til en golfentusiast? G032-s\u00e6ttet er et hit! Det er elegant og praktisk og vil helt sikkert gl\u00e6de alle fans af denne sport.&nbsp;&nbsp;S\u00e6ttet best\u00e5r af to elementer:&nbsp;N\u00f8glering i form af en halv golfbold med et ur. Uret \u00e5bnes ved hj\u00e6lp [&hellip;]<\/p>\n","protected":false},"featured_media":44840,"comment_status":"open","ping_status":"closed","template":"","meta":[],"product_brand":[],"product_cat":[31],"product_tag":[],"class_list":{"0":"post-27055","1":"product","2":"type-product","3":"status-publish","4":"has-post-thumbnail","6":"product_cat-uncategorized-da","8":"first","9":"instock","10":"shipping-taxable","11":"purchasable","12":"product-type-simple"},"_links":{"self":[{"href":"https:\/\/nordicmart.andreevmaster.com\/da\/wp-json\/wp\/v2\/product\/27055","targetHints":{"allow":["GET"]}}],"collection":[{"href":"https:\/\/nordicmart.andreevmaster.com\/da\/wp-json\/wp\/v2\/product"}],"about":[{"href":"https:\/\/nordicmart.andreevmaster.com\/da\/wp-json\/wp\/v2\/types\/product"}],"replies":[{"embeddable":true,"href":"https:\/\/nordicmart.andreevmaster.com\/da\/wp-json\/wp\/v2\/comments?post=27055"}],"wp:featuredmedia":[{"embeddable":true,"href":"https:\/\/nordicmart.andreevmaster.com\/da\/wp-json\/wp\/v2\/media\/44840"}],"wp:attachment":[{"href":"https:\/\/nordicmart.andreevmaster.com\/da\/wp-json\/wp\/v2\/media?parent=27055"}],"wp:term":[{"taxonomy":"product_brand","embeddable":true,"href":"https:\/\/nordicmart.andreevmaster.com\/da\/wp-json\/wp\/v2\/product_brand?post=27055"},{"taxonomy":"product_cat","embeddable":true,"href":"https:\/\/nordicmart.andreevmaster.com\/da\/wp-json\/wp\/v2\/product_cat?post=27055"},{"taxonomy":"product_tag","embeddable":true,"href":"https:\/\/nordicmart.andreevmaster.com\/da\/wp-json\/wp\/v2\/product_tag?post=27055"}],"curies":[{"name":"wp","href":"https:\/\/api.w.org\/{rel}","templated":true}]}}