{"id":27054,"date":"2026-02-27T00:35:15","date_gmt":"2026-02-27T00:35:15","guid":{"rendered":"https:\/\/nordicmart.andreevmaster.com\/product\/turistkompas-antik-finish-nc2884\/"},"modified":"2026-02-27T09:14:12","modified_gmt":"2026-02-27T09:14:12","slug":"turistkompas-antik-finish-nc2884","status":"publish","type":"product","link":"https:\/\/nordicmart.andreevmaster.com\/da\/vare\/turistkompas-antik-finish-nc2884\/","title":{"rendered":"Turistkompas antik finish NC2884"},"content":{"rendered":"<p>Turistkompas antik finish NC2884Den perfekte ledsager p\u00e5 enhver rejse og et uerstatteligt alternativ til en defekt GPS \u2013 et turistkompas g\u00f8r det nemmere at navigere i terr\u00e6net og l\u00e6se kort. Takket v\u00e6re det kan du nemt bestemme verdenshj\u00f8rnerne under dine rejser. Et turistkompas er nyttigt for spejdere, svampesamlere og dem, der nogle gange kommer p\u00e5 afveje. Kompasset i messinghuset er udf\u00f8rt i antik stil. Det har et l\u00e5sbart l\u00e5g, der beskytter glasset mod at g\u00e5 i stykker. Perfekt til gravering. En magnetisk n\u00e5l med en r\u00f8d spids peger mod nord. Kompasset har en krog til fastg\u00f8relse af en k\u00e6de.&nbsp;Turistkompas antik finish NC2884 Specifikationer:&nbsp;&bull; M\u00e5l: 6 x 5 x 1,75 cm&bull; Materiale: messing&bull; Farve: antik messing, brun&bull; Magnetisk n\u00e5l: med en r\u00f8d spids, der peger mod nord&nbsp;Turistkompas NC2884 er perfekt som:&nbsp;&bull; En gave til svampesamleren&bull; En gave til vandreren&bull; En gadget til rejseentusiaster&bull; En uundv\u00e6rlig gadget til vandreturen&bull; En gave til spejderen&nbsp;&nbsp;<\/p>\n","protected":false},"excerpt":{"rendered":"<p>Turistkompas antik finish NC2884Den perfekte ledsager p\u00e5 enhver rejse og et uerstatteligt alternativ til en defekt GPS \u2013 et turistkompas g\u00f8r det nemmere at navigere i terr\u00e6net og l\u00e6se kort. Takket v\u00e6re det kan du nemt bestemme verdenshj\u00f8rnerne under dine rejser. Et turistkompas er nyttigt for spejdere, svampesamlere og dem, der nogle gange kommer p\u00e5 [&hellip;]<\/p>\n","protected":false},"featured_media":44839,"comment_status":"open","ping_status":"closed","template":"","meta":[],"product_brand":[],"product_cat":[31],"product_tag":[],"class_list":{"0":"post-27054","1":"product","2":"type-product","3":"status-publish","4":"has-post-thumbnail","6":"product_cat-uncategorized-da","8":"first","9":"instock","10":"shipping-taxable","11":"purchasable","12":"product-type-simple"},"_links":{"self":[{"href":"https:\/\/nordicmart.andreevmaster.com\/da\/wp-json\/wp\/v2\/product\/27054","targetHints":{"allow":["GET"]}}],"collection":[{"href":"https:\/\/nordicmart.andreevmaster.com\/da\/wp-json\/wp\/v2\/product"}],"about":[{"href":"https:\/\/nordicmart.andreevmaster.com\/da\/wp-json\/wp\/v2\/types\/product"}],"replies":[{"embeddable":true,"href":"https:\/\/nordicmart.andreevmaster.com\/da\/wp-json\/wp\/v2\/comments?post=27054"}],"wp:featuredmedia":[{"embeddable":true,"href":"https:\/\/nordicmart.andreevmaster.com\/da\/wp-json\/wp\/v2\/media\/44839"}],"wp:attachment":[{"href":"https:\/\/nordicmart.andreevmaster.com\/da\/wp-json\/wp\/v2\/media?parent=27054"}],"wp:term":[{"taxonomy":"product_brand","embeddable":true,"href":"https:\/\/nordicmart.andreevmaster.com\/da\/wp-json\/wp\/v2\/product_brand?post=27054"},{"taxonomy":"product_cat","embeddable":true,"href":"https:\/\/nordicmart.andreevmaster.com\/da\/wp-json\/wp\/v2\/product_cat?post=27054"},{"taxonomy":"product_tag","embeddable":true,"href":"https:\/\/nordicmart.andreevmaster.com\/da\/wp-json\/wp\/v2\/product_tag?post=27054"}],"curies":[{"name":"wp","href":"https:\/\/api.w.org\/{rel}","templated":true}]}}