{"id":27053,"date":"2026-02-27T00:35:14","date_gmt":"2026-02-27T00:35:14","guid":{"rendered":"https:\/\/nordicmart.andreevmaster.com\/product\/kaerlighed-metalfigur-gave-til-elskende-mt2020\/"},"modified":"2026-02-27T09:14:12","modified_gmt":"2026-02-27T09:14:12","slug":"kaerlighed-metalfigur-gave-til-elskende-mt2020","status":"publish","type":"product","link":"https:\/\/nordicmart.andreevmaster.com\/da\/vare\/kaerlighed-metalfigur-gave-til-elskende-mt2020\/","title":{"rendered":"K\u00e6rlighed &#8211; metalfigur &#8211; gave til elskende MT2020"},"content":{"rendered":"<p>K\u00e6rlighed &#8211; metalfigur &#8211; gave til elskende MT2020&nbsp;&nbsp;K\u00e6rlighed er en original dekorativ figur i minimalistisk stil. Den forestiller symbolske figurer af k\u00e6le elskende. Figuren er en perfekt dekoration i rum i industriel stil. Love-figuren er en fantastisk gave til elskende, som du kan give til din partner p\u00e5 Valentinsdag eller p\u00e5 \u00e5rsdagen for jeres f\u00f8rste m\u00f8de eller bryllup.&nbsp;&nbsp;Figurens parametre:&nbsp;Materiale: aluminiumFarve: messingDimensioner: 21,5 cm, bredde 10 cm<\/p>\n","protected":false},"excerpt":{"rendered":"<p>K\u00e6rlighed &#8211; metalfigur &#8211; gave til elskende MT2020&nbsp;&nbsp;K\u00e6rlighed er en original dekorativ figur i minimalistisk stil. Den forestiller symbolske figurer af k\u00e6le elskende. Figuren er en perfekt dekoration i rum i industriel stil. Love-figuren er en fantastisk gave til elskende, som du kan give til din partner p\u00e5 Valentinsdag eller p\u00e5 \u00e5rsdagen for jeres f\u00f8rste [&hellip;]<\/p>\n","protected":false},"featured_media":0,"comment_status":"open","ping_status":"closed","template":"","meta":[],"product_brand":[],"product_cat":[31],"product_tag":[],"class_list":{"0":"post-27053","1":"product","2":"type-product","3":"status-publish","5":"product_cat-uncategorized-da","7":"first","8":"instock","9":"shipping-taxable","10":"purchasable","11":"product-type-simple"},"_links":{"self":[{"href":"https:\/\/nordicmart.andreevmaster.com\/da\/wp-json\/wp\/v2\/product\/27053","targetHints":{"allow":["GET"]}}],"collection":[{"href":"https:\/\/nordicmart.andreevmaster.com\/da\/wp-json\/wp\/v2\/product"}],"about":[{"href":"https:\/\/nordicmart.andreevmaster.com\/da\/wp-json\/wp\/v2\/types\/product"}],"replies":[{"embeddable":true,"href":"https:\/\/nordicmart.andreevmaster.com\/da\/wp-json\/wp\/v2\/comments?post=27053"}],"wp:attachment":[{"href":"https:\/\/nordicmart.andreevmaster.com\/da\/wp-json\/wp\/v2\/media?parent=27053"}],"wp:term":[{"taxonomy":"product_brand","embeddable":true,"href":"https:\/\/nordicmart.andreevmaster.com\/da\/wp-json\/wp\/v2\/product_brand?post=27053"},{"taxonomy":"product_cat","embeddable":true,"href":"https:\/\/nordicmart.andreevmaster.com\/da\/wp-json\/wp\/v2\/product_cat?post=27053"},{"taxonomy":"product_tag","embeddable":true,"href":"https:\/\/nordicmart.andreevmaster.com\/da\/wp-json\/wp\/v2\/product_tag?post=27053"}],"curies":[{"name":"wp","href":"https:\/\/api.w.org\/{rel}","templated":true}]}}