{"id":27051,"date":"2026-02-27T00:35:14","date_gmt":"2026-02-27T00:35:14","guid":{"rendered":"https:\/\/nordicmart.andreevmaster.com\/product\/korknoglering-mt2016\/"},"modified":"2026-02-27T09:14:12","modified_gmt":"2026-02-27T09:14:12","slug":"korknoglering-mt2016","status":"publish","type":"product","link":"https:\/\/nordicmart.andreevmaster.com\/da\/vare\/korknoglering-mt2016\/","title":{"rendered":"Korkn\u00f8glering &#8211; MT2016"},"content":{"rendered":"<p>Korkn\u00f8glering &#8211; MT2016&nbsp;&nbsp;&nbsp;Leder du efter en praktisk og stilfuld n\u00f8glering? Korkn\u00f8glering er det perfekte valg for alle, der s\u00e6tter pris p\u00e5 enkelhed og funktionalitet. Den er lavet af naturlig kork, er let, holdbar og behagelig at r\u00f8re ved.&nbsp;&nbsp;&nbsp;Hvorfor v\u00e6lge en korkvedh\u00e6ng?&nbsp;Den synker ikke! &#8211; Ideel til havnefronten, sejlere og vandsportsentusiaster.Praktisk og nem at fastg\u00f8re til n\u00f8gler, rygs\u00e6k eller taske. Milj\u00f8venlig &#8211; kork er et naturligt og vedvarende materiale.&nbsp;Korkvedh\u00e6nget er ogs\u00e5 en god gaveid\u00e9 til alle, der s\u00e6tter pris p\u00e5 praktiske og originale gadgets.&nbsp;&nbsp;Det er perfekt som:&nbsp;Gave til en sejlerMaritim gaveTilf\u00f8jelse til et feries\u00e6tLille gestus til en elsket&nbsp;<\/p>\n","protected":false},"excerpt":{"rendered":"<p>Korkn\u00f8glering &#8211; MT2016&nbsp;&nbsp;&nbsp;Leder du efter en praktisk og stilfuld n\u00f8glering? Korkn\u00f8glering er det perfekte valg for alle, der s\u00e6tter pris p\u00e5 enkelhed og funktionalitet. Den er lavet af naturlig kork, er let, holdbar og behagelig at r\u00f8re ved.&nbsp;&nbsp;&nbsp;Hvorfor v\u00e6lge en korkvedh\u00e6ng?&nbsp;Den synker ikke! &#8211; Ideel til havnefronten, sejlere og vandsportsentusiaster.Praktisk og nem at fastg\u00f8re til [&hellip;]<\/p>\n","protected":false},"featured_media":44837,"comment_status":"open","ping_status":"closed","template":"","meta":[],"product_brand":[],"product_cat":[31],"product_tag":[],"class_list":{"0":"post-27051","1":"product","2":"type-product","3":"status-publish","4":"has-post-thumbnail","6":"product_cat-uncategorized-da","8":"first","9":"instock","10":"shipping-taxable","11":"purchasable","12":"product-type-simple"},"_links":{"self":[{"href":"https:\/\/nordicmart.andreevmaster.com\/da\/wp-json\/wp\/v2\/product\/27051","targetHints":{"allow":["GET"]}}],"collection":[{"href":"https:\/\/nordicmart.andreevmaster.com\/da\/wp-json\/wp\/v2\/product"}],"about":[{"href":"https:\/\/nordicmart.andreevmaster.com\/da\/wp-json\/wp\/v2\/types\/product"}],"replies":[{"embeddable":true,"href":"https:\/\/nordicmart.andreevmaster.com\/da\/wp-json\/wp\/v2\/comments?post=27051"}],"wp:featuredmedia":[{"embeddable":true,"href":"https:\/\/nordicmart.andreevmaster.com\/da\/wp-json\/wp\/v2\/media\/44837"}],"wp:attachment":[{"href":"https:\/\/nordicmart.andreevmaster.com\/da\/wp-json\/wp\/v2\/media?parent=27051"}],"wp:term":[{"taxonomy":"product_brand","embeddable":true,"href":"https:\/\/nordicmart.andreevmaster.com\/da\/wp-json\/wp\/v2\/product_brand?post=27051"},{"taxonomy":"product_cat","embeddable":true,"href":"https:\/\/nordicmart.andreevmaster.com\/da\/wp-json\/wp\/v2\/product_cat?post=27051"},{"taxonomy":"product_tag","embeddable":true,"href":"https:\/\/nordicmart.andreevmaster.com\/da\/wp-json\/wp\/v2\/product_tag?post=27051"}],"curies":[{"name":"wp","href":"https:\/\/api.w.org\/{rel}","templated":true}]}}