{"id":27050,"date":"2026-02-27T00:35:14","date_gmt":"2026-02-27T00:35:14","guid":{"rendered":"https:\/\/nordicmart.andreevmaster.com\/product\/smartphoneholder-anker-mt201\/"},"modified":"2026-02-27T09:14:12","modified_gmt":"2026-02-27T09:14:12","slug":"smartphoneholder-anker-mt201","status":"publish","type":"product","link":"https:\/\/nordicmart.andreevmaster.com\/da\/vare\/smartphoneholder-anker-mt201\/","title":{"rendered":"Smartphoneholder &#8211; Anker &#8211; MT201"},"content":{"rendered":"<p>Anker smartphoneholder MT201&nbsp;&nbsp;Ankerformet smartphoneholder er en nyttig gadget, der er s\u00e6rlig nyttig under videosamtaler og n\u00e5r man ser film og serier. Det er en lille gave til en s\u00f8mand. Det er en nyttig dekoration i maritim stil til yachtkaptajnens skrivebord. Telefonholderen er lavet af metal.&nbsp;&nbsp;Holderens parametre:&nbsp;Materiale: metalFarve: s\u00f8lv, guldDimensioner: h\u00f8jde 25 cm, bredde 16 cm&nbsp;&nbsp;<\/p>\n","protected":false},"excerpt":{"rendered":"<p>Anker smartphoneholder MT201&nbsp;&nbsp;Ankerformet smartphoneholder er en nyttig gadget, der er s\u00e6rlig nyttig under videosamtaler og n\u00e5r man ser film og serier. Det er en lille gave til en s\u00f8mand. Det er en nyttig dekoration i maritim stil til yachtkaptajnens skrivebord. Telefonholderen er lavet af metal.&nbsp;&nbsp;Holderens parametre:&nbsp;Materiale: metalFarve: s\u00f8lv, guldDimensioner: h\u00f8jde 25 cm, bredde 16 cm&nbsp;&nbsp;<\/p>\n","protected":false},"featured_media":44836,"comment_status":"open","ping_status":"closed","template":"","meta":[],"product_brand":[],"product_cat":[31],"product_tag":[],"class_list":{"0":"post-27050","1":"product","2":"type-product","3":"status-publish","4":"has-post-thumbnail","6":"product_cat-uncategorized-da","8":"first","9":"instock","10":"shipping-taxable","11":"purchasable","12":"product-type-simple"},"_links":{"self":[{"href":"https:\/\/nordicmart.andreevmaster.com\/da\/wp-json\/wp\/v2\/product\/27050","targetHints":{"allow":["GET"]}}],"collection":[{"href":"https:\/\/nordicmart.andreevmaster.com\/da\/wp-json\/wp\/v2\/product"}],"about":[{"href":"https:\/\/nordicmart.andreevmaster.com\/da\/wp-json\/wp\/v2\/types\/product"}],"replies":[{"embeddable":true,"href":"https:\/\/nordicmart.andreevmaster.com\/da\/wp-json\/wp\/v2\/comments?post=27050"}],"wp:featuredmedia":[{"embeddable":true,"href":"https:\/\/nordicmart.andreevmaster.com\/da\/wp-json\/wp\/v2\/media\/44836"}],"wp:attachment":[{"href":"https:\/\/nordicmart.andreevmaster.com\/da\/wp-json\/wp\/v2\/media?parent=27050"}],"wp:term":[{"taxonomy":"product_brand","embeddable":true,"href":"https:\/\/nordicmart.andreevmaster.com\/da\/wp-json\/wp\/v2\/product_brand?post=27050"},{"taxonomy":"product_cat","embeddable":true,"href":"https:\/\/nordicmart.andreevmaster.com\/da\/wp-json\/wp\/v2\/product_cat?post=27050"},{"taxonomy":"product_tag","embeddable":true,"href":"https:\/\/nordicmart.andreevmaster.com\/da\/wp-json\/wp\/v2\/product_tag?post=27050"}],"curies":[{"name":"wp","href":"https:\/\/api.w.org\/{rel}","templated":true}]}}