{"id":27049,"date":"2026-02-27T00:35:13","date_gmt":"2026-02-27T00:35:13","guid":{"rendered":"https:\/\/nordicmart.andreevmaster.com\/product\/bogstotte-globusser-nc2677c\/"},"modified":"2026-02-27T09:14:11","modified_gmt":"2026-02-27T09:14:11","slug":"bogstotte-globusser-nc2677c","status":"publish","type":"product","link":"https:\/\/nordicmart.andreevmaster.com\/da\/vare\/bogstotte-globusser-nc2677c\/","title":{"rendered":"Bogst\u00f8tte-globusser &#8211; NC2677C"},"content":{"rendered":"<p>Elegante bogst\u00f8tte-globusser &#8211; Bogst\u00f8tter &#8211; NC2677C&nbsp;&nbsp;&nbsp;Bogst\u00f8tte-globusser er ikke kun en praktisk m\u00e5de at opbevare dine b\u00f8ger sikkert p\u00e5, men ogs\u00e5 et unikt dekorativt element. Deres unikke design passer til b\u00e5de moderne og klassiske interi\u00f8rer og tilf\u00f8jer diskret charme og elegance.&nbsp;Dette er en god gaveid\u00e9 til rejseglade, l\u00e6sere og entusiaster af originale dekorationer.&nbsp;&nbsp;Produktinformation:&nbsp;Bredde 15,0 cmDybde 11,5 cmH\u00f8jde 17,5 cmTr\u00e6st\u00f8ttebaserPlastkuglerElegant dekorativt element<\/p>\n","protected":false},"excerpt":{"rendered":"<p>Elegante bogst\u00f8tte-globusser &#8211; Bogst\u00f8tter &#8211; NC2677C&nbsp;&nbsp;&nbsp;Bogst\u00f8tte-globusser er ikke kun en praktisk m\u00e5de at opbevare dine b\u00f8ger sikkert p\u00e5, men ogs\u00e5 et unikt dekorativt element. Deres unikke design passer til b\u00e5de moderne og klassiske interi\u00f8rer og tilf\u00f8jer diskret charme og elegance.&nbsp;Dette er en god gaveid\u00e9 til rejseglade, l\u00e6sere og entusiaster af originale dekorationer.&nbsp;&nbsp;Produktinformation:&nbsp;Bredde 15,0 cmDybde 11,5 [&hellip;]<\/p>\n","protected":false},"featured_media":44835,"comment_status":"open","ping_status":"closed","template":"","meta":[],"product_brand":[],"product_cat":[31],"product_tag":[],"class_list":{"0":"post-27049","1":"product","2":"type-product","3":"status-publish","4":"has-post-thumbnail","6":"product_cat-uncategorized-da","8":"first","9":"instock","10":"shipping-taxable","11":"purchasable","12":"product-type-simple"},"_links":{"self":[{"href":"https:\/\/nordicmart.andreevmaster.com\/da\/wp-json\/wp\/v2\/product\/27049","targetHints":{"allow":["GET"]}}],"collection":[{"href":"https:\/\/nordicmart.andreevmaster.com\/da\/wp-json\/wp\/v2\/product"}],"about":[{"href":"https:\/\/nordicmart.andreevmaster.com\/da\/wp-json\/wp\/v2\/types\/product"}],"replies":[{"embeddable":true,"href":"https:\/\/nordicmart.andreevmaster.com\/da\/wp-json\/wp\/v2\/comments?post=27049"}],"wp:featuredmedia":[{"embeddable":true,"href":"https:\/\/nordicmart.andreevmaster.com\/da\/wp-json\/wp\/v2\/media\/44835"}],"wp:attachment":[{"href":"https:\/\/nordicmart.andreevmaster.com\/da\/wp-json\/wp\/v2\/media?parent=27049"}],"wp:term":[{"taxonomy":"product_brand","embeddable":true,"href":"https:\/\/nordicmart.andreevmaster.com\/da\/wp-json\/wp\/v2\/product_brand?post=27049"},{"taxonomy":"product_cat","embeddable":true,"href":"https:\/\/nordicmart.andreevmaster.com\/da\/wp-json\/wp\/v2\/product_cat?post=27049"},{"taxonomy":"product_tag","embeddable":true,"href":"https:\/\/nordicmart.andreevmaster.com\/da\/wp-json\/wp\/v2\/product_tag?post=27049"}],"curies":[{"name":"wp","href":"https:\/\/api.w.org\/{rel}","templated":true}]}}