{"id":27048,"date":"2026-02-27T00:35:13","date_gmt":"2026-02-27T00:35:13","guid":{"rendered":"https:\/\/nordicmart.andreevmaster.com\/product\/marine-bordur-nc2963\/"},"modified":"2026-02-27T09:14:11","modified_gmt":"2026-02-27T09:14:11","slug":"marine-bordur-nc2963","status":"publish","type":"product","link":"https:\/\/nordicmart.andreevmaster.com\/da\/vare\/marine-bordur-nc2963\/","title":{"rendered":"Marine bordur NC2963"},"content":{"rendered":"<p>Marine bordur NC2963&nbsp;&nbsp;Borduret i maritim stil er en gadget, der passer perfekt til interi\u00f8rer i nautisk stil. Urskiven med en dekorativ vindrose vil vinde hjerterne hos rejselystne globetrottere. Det samme g\u00e6lder verdenskortet p\u00e5 den anden side af uret. Uret vil appellere til mennesker, der er ul\u00f8seligt forbundet med sejlsport.&nbsp;Det kugleformede ur er placeret i en messingfod i guldfarve. De sorte indskrifter og visere st\u00e5r i flot kontrast til urskivens hvide baggrund. Urskiven er dekoreret med en vindrose. P\u00e5 bagsiden af uret er der et sort-hvidt verdenskort.&nbsp;&nbsp;Produktinformation:&nbsp;Materiale: messing, glasDimensioner: H\u00f8jde 11 cm x Bredde 9,5 cm x Dybde 5 cmFarve: gyldenUrskive: hvid med sort vindroseBogstaver: sorteViser: sorteSort-hvidt verdenskort p\u00e5 bagsidenDrivkraft: batteri&nbsp;<\/p>\n","protected":false},"excerpt":{"rendered":"<p>Marine bordur NC2963&nbsp;&nbsp;Borduret i maritim stil er en gadget, der passer perfekt til interi\u00f8rer i nautisk stil. Urskiven med en dekorativ vindrose vil vinde hjerterne hos rejselystne globetrottere. Det samme g\u00e6lder verdenskortet p\u00e5 den anden side af uret. Uret vil appellere til mennesker, der er ul\u00f8seligt forbundet med sejlsport.&nbsp;Det kugleformede ur er placeret i en [&hellip;]<\/p>\n","protected":false},"featured_media":44834,"comment_status":"open","ping_status":"closed","template":"","meta":[],"product_brand":[],"product_cat":[31],"product_tag":[],"class_list":{"0":"post-27048","1":"product","2":"type-product","3":"status-publish","4":"has-post-thumbnail","6":"product_cat-uncategorized-da","8":"first","9":"instock","10":"shipping-taxable","11":"purchasable","12":"product-type-simple"},"_links":{"self":[{"href":"https:\/\/nordicmart.andreevmaster.com\/da\/wp-json\/wp\/v2\/product\/27048","targetHints":{"allow":["GET"]}}],"collection":[{"href":"https:\/\/nordicmart.andreevmaster.com\/da\/wp-json\/wp\/v2\/product"}],"about":[{"href":"https:\/\/nordicmart.andreevmaster.com\/da\/wp-json\/wp\/v2\/types\/product"}],"replies":[{"embeddable":true,"href":"https:\/\/nordicmart.andreevmaster.com\/da\/wp-json\/wp\/v2\/comments?post=27048"}],"wp:featuredmedia":[{"embeddable":true,"href":"https:\/\/nordicmart.andreevmaster.com\/da\/wp-json\/wp\/v2\/media\/44834"}],"wp:attachment":[{"href":"https:\/\/nordicmart.andreevmaster.com\/da\/wp-json\/wp\/v2\/media?parent=27048"}],"wp:term":[{"taxonomy":"product_brand","embeddable":true,"href":"https:\/\/nordicmart.andreevmaster.com\/da\/wp-json\/wp\/v2\/product_brand?post=27048"},{"taxonomy":"product_cat","embeddable":true,"href":"https:\/\/nordicmart.andreevmaster.com\/da\/wp-json\/wp\/v2\/product_cat?post=27048"},{"taxonomy":"product_tag","embeddable":true,"href":"https:\/\/nordicmart.andreevmaster.com\/da\/wp-json\/wp\/v2\/product_tag?post=27048"}],"curies":[{"name":"wp","href":"https:\/\/api.w.org\/{rel}","templated":true}]}}