{"id":27047,"date":"2026-02-27T00:35:13","date_gmt":"2026-02-27T00:35:13","guid":{"rendered":"https:\/\/nordicmart.andreevmaster.com\/product\/solvfarvet-kompas-solur-nc1028\/"},"modified":"2026-02-27T09:14:11","modified_gmt":"2026-02-27T09:14:11","slug":"solvfarvet-kompas-solur-nc1028","status":"publish","type":"product","link":"https:\/\/nordicmart.andreevmaster.com\/da\/vare\/solvfarvet-kompas-solur-nc1028\/","title":{"rendered":"S\u00f8lvfarvet kompas-solur | NC1028"},"content":{"rendered":"<p>S\u00f8lvfarvet kompas-solur &#8211; NC1028&nbsp;&nbsp;S\u00f8lvfarvet solur med kompas &#8211; model NC1028. Fremstillet af messing i s\u00f8lvfarve. Kompasn\u00e5len er sort med en r\u00f8d spids. Det viste solur kaldes Dollonds solur. Takket v\u00e6re kompasset er det muligt at placere enheden i nord-syd-retningen. Takket v\u00e6re dette vil solens str\u00e5ler, n\u00e5r gnomonen h\u00e6ves til lodret position \u2013 en trekantet, bev\u00e6gelig indikator p\u00e5 toppen \u2013 kaste en skygge p\u00e5 enhedens ydre urskive, hvor timerne er markeret. Du kan derefter afl\u00e6se den aktuelle tid.&nbsp;En fantastisk gave til en sejlads- og maritim entusiast. Et interessant dekorativt element til skrivebordet. Den er perfekt til moderne og koloniale interi\u00f8rer.&nbsp;&nbsp;Dimensioner: &nbsp;Diameter 4,5 cmL\u00e6ngde med en n\u00e5l 6,5 cm&nbsp;&nbsp;<\/p>\n","protected":false},"excerpt":{"rendered":"<p>S\u00f8lvfarvet kompas-solur &#8211; NC1028&nbsp;&nbsp;S\u00f8lvfarvet solur med kompas &#8211; model NC1028. Fremstillet af messing i s\u00f8lvfarve. Kompasn\u00e5len er sort med en r\u00f8d spids. Det viste solur kaldes Dollonds solur. Takket v\u00e6re kompasset er det muligt at placere enheden i nord-syd-retningen. Takket v\u00e6re dette vil solens str\u00e5ler, n\u00e5r gnomonen h\u00e6ves til lodret position \u2013 en trekantet, bev\u00e6gelig [&hellip;]<\/p>\n","protected":false},"featured_media":44833,"comment_status":"open","ping_status":"closed","template":"","meta":[],"product_brand":[],"product_cat":[31],"product_tag":[],"class_list":{"0":"post-27047","1":"product","2":"type-product","3":"status-publish","4":"has-post-thumbnail","6":"product_cat-uncategorized-da","8":"first","9":"instock","10":"shipping-taxable","11":"purchasable","12":"product-type-simple"},"_links":{"self":[{"href":"https:\/\/nordicmart.andreevmaster.com\/da\/wp-json\/wp\/v2\/product\/27047","targetHints":{"allow":["GET"]}}],"collection":[{"href":"https:\/\/nordicmart.andreevmaster.com\/da\/wp-json\/wp\/v2\/product"}],"about":[{"href":"https:\/\/nordicmart.andreevmaster.com\/da\/wp-json\/wp\/v2\/types\/product"}],"replies":[{"embeddable":true,"href":"https:\/\/nordicmart.andreevmaster.com\/da\/wp-json\/wp\/v2\/comments?post=27047"}],"wp:featuredmedia":[{"embeddable":true,"href":"https:\/\/nordicmart.andreevmaster.com\/da\/wp-json\/wp\/v2\/media\/44833"}],"wp:attachment":[{"href":"https:\/\/nordicmart.andreevmaster.com\/da\/wp-json\/wp\/v2\/media?parent=27047"}],"wp:term":[{"taxonomy":"product_brand","embeddable":true,"href":"https:\/\/nordicmart.andreevmaster.com\/da\/wp-json\/wp\/v2\/product_brand?post=27047"},{"taxonomy":"product_cat","embeddable":true,"href":"https:\/\/nordicmart.andreevmaster.com\/da\/wp-json\/wp\/v2\/product_cat?post=27047"},{"taxonomy":"product_tag","embeddable":true,"href":"https:\/\/nordicmart.andreevmaster.com\/da\/wp-json\/wp\/v2\/product_tag?post=27047"}],"curies":[{"name":"wp","href":"https:\/\/api.w.org\/{rel}","templated":true}]}}