{"id":27046,"date":"2026-02-27T00:35:13","date_gmt":"2026-02-27T00:35:13","guid":{"rendered":"https:\/\/nordicmart.andreevmaster.com\/product\/messingkompas-med-flydende-skjold-nc1609\/"},"modified":"2026-02-27T09:14:11","modified_gmt":"2026-02-27T09:14:11","slug":"messingkompas-med-flydende-skjold-nc1609","status":"publish","type":"product","link":"https:\/\/nordicmart.andreevmaster.com\/da\/vare\/messingkompas-med-flydende-skjold-nc1609\/","title":{"rendered":"Messingkompas med flydende skjold | NC1609"},"content":{"rendered":"<p>Messingkompas med flydende skala NC1609&nbsp;&nbsp;Messingkompas med flydende skala er et elegant gadget i nautisk stil, der vil tilf\u00f8re rummet et maritimt pr\u00e6g. Det funktionelle kompas, hvor kompasskiven selv fungerer som magnetn\u00e5l, er et interessant alternativ til standardkompasser. Kompasskiven er frit oph\u00e6ngt, s\u00e5 den ser ud til at sv\u00e6ve.&nbsp;Kompasset er en smuk gave til en styrmand, kaptajn eller s\u00f8mand. Det kan ogs\u00e5 fungere som en us\u00e6dvanlig brevpresser. Det er et unikt dekorativt element, der passer godt ind i rum indrettet i nautisk, kolonial eller vintage stil.&nbsp;&nbsp;Produktinformation:&nbsp;Materiale: messing, glas.M\u00e5l: 5,90 x 5,90 x 3 cm Farve: brun Skivefarve: nuancer af brun og beige Dekorativ skive Magnetisk n\u00e5l: frit oph\u00e6ngt kompasskive fungerer som en n\u00e5l. Kompasset vil v\u00e6re velegnet som: Gave til en s\u00f8mand Gave til en skipper Gadget i maritim stil En interessant brevpresser Dekoration i vintage-stil &nbsp;<\/p>\n","protected":false},"excerpt":{"rendered":"<p>Messingkompas med flydende skala NC1609&nbsp;&nbsp;Messingkompas med flydende skala er et elegant gadget i nautisk stil, der vil tilf\u00f8re rummet et maritimt pr\u00e6g. Det funktionelle kompas, hvor kompasskiven selv fungerer som magnetn\u00e5l, er et interessant alternativ til standardkompasser. Kompasskiven er frit oph\u00e6ngt, s\u00e5 den ser ud til at sv\u00e6ve.&nbsp;Kompasset er en smuk gave til en styrmand, [&hellip;]<\/p>\n","protected":false},"featured_media":44832,"comment_status":"open","ping_status":"closed","template":"","meta":[],"product_brand":[],"product_cat":[31],"product_tag":[],"class_list":{"0":"post-27046","1":"product","2":"type-product","3":"status-publish","4":"has-post-thumbnail","6":"product_cat-uncategorized-da","8":"first","9":"instock","10":"shipping-taxable","11":"purchasable","12":"product-type-simple"},"_links":{"self":[{"href":"https:\/\/nordicmart.andreevmaster.com\/da\/wp-json\/wp\/v2\/product\/27046","targetHints":{"allow":["GET"]}}],"collection":[{"href":"https:\/\/nordicmart.andreevmaster.com\/da\/wp-json\/wp\/v2\/product"}],"about":[{"href":"https:\/\/nordicmart.andreevmaster.com\/da\/wp-json\/wp\/v2\/types\/product"}],"replies":[{"embeddable":true,"href":"https:\/\/nordicmart.andreevmaster.com\/da\/wp-json\/wp\/v2\/comments?post=27046"}],"wp:featuredmedia":[{"embeddable":true,"href":"https:\/\/nordicmart.andreevmaster.com\/da\/wp-json\/wp\/v2\/media\/44832"}],"wp:attachment":[{"href":"https:\/\/nordicmart.andreevmaster.com\/da\/wp-json\/wp\/v2\/media?parent=27046"}],"wp:term":[{"taxonomy":"product_brand","embeddable":true,"href":"https:\/\/nordicmart.andreevmaster.com\/da\/wp-json\/wp\/v2\/product_brand?post=27046"},{"taxonomy":"product_cat","embeddable":true,"href":"https:\/\/nordicmart.andreevmaster.com\/da\/wp-json\/wp\/v2\/product_cat?post=27046"},{"taxonomy":"product_tag","embeddable":true,"href":"https:\/\/nordicmart.andreevmaster.com\/da\/wp-json\/wp\/v2\/product_tag?post=27046"}],"curies":[{"name":"wp","href":"https:\/\/api.w.org\/{rel}","templated":true}]}}