{"id":27045,"date":"2026-02-27T00:35:12","date_gmt":"2026-02-27T00:35:12","guid":{"rendered":"https:\/\/nordicmart.andreevmaster.com\/product\/messingkompas-med-linser-nc2511\/"},"modified":"2026-02-27T09:14:11","modified_gmt":"2026-02-27T09:14:11","slug":"messingkompas-med-linser-nc2511","status":"publish","type":"product","link":"https:\/\/nordicmart.andreevmaster.com\/da\/vare\/messingkompas-med-linser-nc2511\/","title":{"rendered":"Messingkompas med linser &#8211; NC2511"},"content":{"rendered":"<p>Messingkompas med linse &#8211; NC2511&nbsp;&nbsp;&nbsp;Stort kompas med linse er en fantastisk borddekoration til enhver rejselysten. Det vil v\u00e6re en fremragende dekoration til en hytte eller et v\u00e6relse i maritim stil. Kompasset fungerer ogs\u00e5 godt som en interessant brevpresser. &nbsp;Kompasset er fuldt funktionelt. Instrumentet er en replika af et britisk kompas fra 1941 af H. Hughes. Kompashuset er lavet af messing. P\u00e5 bunden st\u00e5r et smukt ordsprog: &#8220;En rejse p\u00e5 tusind mil begynder med et enkelt skridt&#8221;. &#8211; &#8220;En rejse p\u00e5 tusind mil begynder med et f\u00f8rste skridt&#8221;. Brugen af en linse giver indtryk af, at skiven er neds\u00e6nket i v\u00e6ske. Kompassets urskive fungerer som en magnetisk n\u00e5l.&nbsp;&nbsp;Produktinformation:&nbsp;&nbsp;M\u00e5l: 8 x 8 x 2,70 cmMateriale: messing, glasFarve: messing, sort, beigeMagnetisk n\u00e5l: rollen spilles af kompassets urskiveInskriptioner: sort&nbsp;&nbsp;<\/p>\n","protected":false},"excerpt":{"rendered":"<p>Messingkompas med linse &#8211; NC2511&nbsp;&nbsp;&nbsp;Stort kompas med linse er en fantastisk borddekoration til enhver rejselysten. Det vil v\u00e6re en fremragende dekoration til en hytte eller et v\u00e6relse i maritim stil. Kompasset fungerer ogs\u00e5 godt som en interessant brevpresser. &nbsp;Kompasset er fuldt funktionelt. Instrumentet er en replika af et britisk kompas fra 1941 af H. Hughes. [&hellip;]<\/p>\n","protected":false},"featured_media":44831,"comment_status":"open","ping_status":"closed","template":"","meta":[],"product_brand":[],"product_cat":[31],"product_tag":[],"class_list":{"0":"post-27045","1":"product","2":"type-product","3":"status-publish","4":"has-post-thumbnail","6":"product_cat-uncategorized-da","8":"first","9":"instock","10":"shipping-taxable","11":"purchasable","12":"product-type-simple"},"_links":{"self":[{"href":"https:\/\/nordicmart.andreevmaster.com\/da\/wp-json\/wp\/v2\/product\/27045","targetHints":{"allow":["GET"]}}],"collection":[{"href":"https:\/\/nordicmart.andreevmaster.com\/da\/wp-json\/wp\/v2\/product"}],"about":[{"href":"https:\/\/nordicmart.andreevmaster.com\/da\/wp-json\/wp\/v2\/types\/product"}],"replies":[{"embeddable":true,"href":"https:\/\/nordicmart.andreevmaster.com\/da\/wp-json\/wp\/v2\/comments?post=27045"}],"wp:featuredmedia":[{"embeddable":true,"href":"https:\/\/nordicmart.andreevmaster.com\/da\/wp-json\/wp\/v2\/media\/44831"}],"wp:attachment":[{"href":"https:\/\/nordicmart.andreevmaster.com\/da\/wp-json\/wp\/v2\/media?parent=27045"}],"wp:term":[{"taxonomy":"product_brand","embeddable":true,"href":"https:\/\/nordicmart.andreevmaster.com\/da\/wp-json\/wp\/v2\/product_brand?post=27045"},{"taxonomy":"product_cat","embeddable":true,"href":"https:\/\/nordicmart.andreevmaster.com\/da\/wp-json\/wp\/v2\/product_cat?post=27045"},{"taxonomy":"product_tag","embeddable":true,"href":"https:\/\/nordicmart.andreevmaster.com\/da\/wp-json\/wp\/v2\/product_tag?post=27045"}],"curies":[{"name":"wp","href":"https:\/\/api.w.org\/{rel}","templated":true}]}}