{"id":27044,"date":"2026-02-27T00:35:12","date_gmt":"2026-02-27T00:35:12","guid":{"rendered":"https:\/\/nordicmart.andreevmaster.com\/product\/lenticular-kompas-messing-og-glas-nc2119\/"},"modified":"2026-02-27T09:14:10","modified_gmt":"2026-02-27T09:14:10","slug":"lenticular-kompas-messing-og-glas-nc2119","status":"publish","type":"product","link":"https:\/\/nordicmart.andreevmaster.com\/da\/vare\/lenticular-kompas-messing-og-glas-nc2119\/","title":{"rendered":"Lenticular kompas &#8211; messing og glas NC2119"},"content":{"rendered":"<p>Lenticular kompas &#8211; messing og glas NC2119&nbsp;&nbsp;&nbsp;Lenticular kompas er en ideel dekoration til skrivebordet hos enhver rejseglad person. Det kan fungere som en original og smagfuld brevpresser. Den &#8220;sv\u00e6vende&#8221; kompasskive giver indtryk af, at der er v\u00e6ske indeni. Kompasset er funktionelt. Kompasshuset er lavet af messing. Kompasskiven er placeret under en tyk linse, der forst\u00f8rrer det synlige billede. Kompasset har ingen n\u00e5l, da dets funktion udf\u00f8res af selve skiven. Skiven er holdt i nuancer af beige, r\u00f8d og sort. &nbsp; &nbsp;Produktinformation:&nbsp;&nbsp;M\u00e5l: diameter 6,3 cm, h\u00f8jde 3 cm. Materiale: messing, glas Farve: messing, sort, r\u00f8d, beige Magnetisk n\u00e5l: rollen udf\u00f8res af kompasskiven&nbsp;<\/p>\n","protected":false},"excerpt":{"rendered":"<p>Lenticular kompas &#8211; messing og glas NC2119&nbsp;&nbsp;&nbsp;Lenticular kompas er en ideel dekoration til skrivebordet hos enhver rejseglad person. Det kan fungere som en original og smagfuld brevpresser. Den &#8220;sv\u00e6vende&#8221; kompasskive giver indtryk af, at der er v\u00e6ske indeni. Kompasset er funktionelt. Kompasshuset er lavet af messing. Kompasskiven er placeret under en tyk linse, der forst\u00f8rrer [&hellip;]<\/p>\n","protected":false},"featured_media":44830,"comment_status":"open","ping_status":"closed","template":"","meta":[],"product_brand":[],"product_cat":[31],"product_tag":[],"class_list":{"0":"post-27044","1":"product","2":"type-product","3":"status-publish","4":"has-post-thumbnail","6":"product_cat-uncategorized-da","8":"first","9":"instock","10":"shipping-taxable","11":"purchasable","12":"product-type-simple"},"_links":{"self":[{"href":"https:\/\/nordicmart.andreevmaster.com\/da\/wp-json\/wp\/v2\/product\/27044","targetHints":{"allow":["GET"]}}],"collection":[{"href":"https:\/\/nordicmart.andreevmaster.com\/da\/wp-json\/wp\/v2\/product"}],"about":[{"href":"https:\/\/nordicmart.andreevmaster.com\/da\/wp-json\/wp\/v2\/types\/product"}],"replies":[{"embeddable":true,"href":"https:\/\/nordicmart.andreevmaster.com\/da\/wp-json\/wp\/v2\/comments?post=27044"}],"wp:featuredmedia":[{"embeddable":true,"href":"https:\/\/nordicmart.andreevmaster.com\/da\/wp-json\/wp\/v2\/media\/44830"}],"wp:attachment":[{"href":"https:\/\/nordicmart.andreevmaster.com\/da\/wp-json\/wp\/v2\/media?parent=27044"}],"wp:term":[{"taxonomy":"product_brand","embeddable":true,"href":"https:\/\/nordicmart.andreevmaster.com\/da\/wp-json\/wp\/v2\/product_brand?post=27044"},{"taxonomy":"product_cat","embeddable":true,"href":"https:\/\/nordicmart.andreevmaster.com\/da\/wp-json\/wp\/v2\/product_cat?post=27044"},{"taxonomy":"product_tag","embeddable":true,"href":"https:\/\/nordicmart.andreevmaster.com\/da\/wp-json\/wp\/v2\/product_tag?post=27044"}],"curies":[{"name":"wp","href":"https:\/\/api.w.org\/{rel}","templated":true}]}}