{"id":27043,"date":"2026-02-27T00:35:12","date_gmt":"2026-02-27T00:35:12","guid":{"rendered":"https:\/\/nordicmart.andreevmaster.com\/product\/laeselupe-med-handtag-af-ben-nc1099a\/"},"modified":"2026-02-27T09:14:10","modified_gmt":"2026-02-27T09:14:10","slug":"laeselupe-med-handtag-af-ben-nc1099a","status":"publish","type":"product","link":"https:\/\/nordicmart.andreevmaster.com\/da\/vare\/laeselupe-med-handtag-af-ben-nc1099a\/","title":{"rendered":"L\u00e6selupe med h\u00e5ndtag af ben NC1099A"},"content":{"rendered":"<p>L\u00e6selupe med benh\u00e5ndtag NC1099A&nbsp;&nbsp;L\u00e6selupe med benh\u00e5ndtag er et elegant alternativ til plastmodeller. Den g\u00f8r det lettere at l\u00e6se b\u00f8ger og yndlingsaviser, gennemse arkivmateriale og opdage sm\u00e5 detaljer. Den er perfekt som supplement til et kontor eller et arbejdsv\u00e6relse i klassisk, engelsk eller kolonistil. L\u00e6selupen er en praktisk gave til bedstefor\u00e6ldre, en gave til chefen og alle, der fra tid til anden har brug for at kigge p\u00e5 sm\u00e5t tryk.&nbsp;Lupens etui er lavet af messing i s\u00f8lvfarve. H\u00e5ndtaget er lavet af honningbrunt ben. Lupe forst\u00f8rrer 3,5 gange.&nbsp;&nbsp;Produktinformation:&nbsp;M\u00e5l: L. 24,5 cm, dia. 10 cm, h\u00f8jde 2 cm Materiale: messing, glas, ben Farver: s\u00f8lvfarvet, honningbrun, brun Forst\u00f8rrelse: 3,5x&nbsp;<\/p>\n","protected":false},"excerpt":{"rendered":"<p>L\u00e6selupe med benh\u00e5ndtag NC1099A&nbsp;&nbsp;L\u00e6selupe med benh\u00e5ndtag er et elegant alternativ til plastmodeller. Den g\u00f8r det lettere at l\u00e6se b\u00f8ger og yndlingsaviser, gennemse arkivmateriale og opdage sm\u00e5 detaljer. Den er perfekt som supplement til et kontor eller et arbejdsv\u00e6relse i klassisk, engelsk eller kolonistil. L\u00e6selupen er en praktisk gave til bedstefor\u00e6ldre, en gave til chefen og [&hellip;]<\/p>\n","protected":false},"featured_media":44829,"comment_status":"open","ping_status":"closed","template":"","meta":[],"product_brand":[],"product_cat":[31],"product_tag":[],"class_list":{"0":"post-27043","1":"product","2":"type-product","3":"status-publish","4":"has-post-thumbnail","6":"product_cat-uncategorized-da","8":"first","9":"instock","10":"shipping-taxable","11":"purchasable","12":"product-type-simple"},"_links":{"self":[{"href":"https:\/\/nordicmart.andreevmaster.com\/da\/wp-json\/wp\/v2\/product\/27043","targetHints":{"allow":["GET"]}}],"collection":[{"href":"https:\/\/nordicmart.andreevmaster.com\/da\/wp-json\/wp\/v2\/product"}],"about":[{"href":"https:\/\/nordicmart.andreevmaster.com\/da\/wp-json\/wp\/v2\/types\/product"}],"replies":[{"embeddable":true,"href":"https:\/\/nordicmart.andreevmaster.com\/da\/wp-json\/wp\/v2\/comments?post=27043"}],"wp:featuredmedia":[{"embeddable":true,"href":"https:\/\/nordicmart.andreevmaster.com\/da\/wp-json\/wp\/v2\/media\/44829"}],"wp:attachment":[{"href":"https:\/\/nordicmart.andreevmaster.com\/da\/wp-json\/wp\/v2\/media?parent=27043"}],"wp:term":[{"taxonomy":"product_brand","embeddable":true,"href":"https:\/\/nordicmart.andreevmaster.com\/da\/wp-json\/wp\/v2\/product_brand?post=27043"},{"taxonomy":"product_cat","embeddable":true,"href":"https:\/\/nordicmart.andreevmaster.com\/da\/wp-json\/wp\/v2\/product_cat?post=27043"},{"taxonomy":"product_tag","embeddable":true,"href":"https:\/\/nordicmart.andreevmaster.com\/da\/wp-json\/wp\/v2\/product_tag?post=27043"}],"curies":[{"name":"wp","href":"https:\/\/api.w.org\/{rel}","templated":true}]}}