{"id":27041,"date":"2026-02-27T00:35:11","date_gmt":"2026-02-27T00:35:11","guid":{"rendered":"https:\/\/nordicmart.andreevmaster.com\/product\/figur-retrocykel-nc1714\/"},"modified":"2026-02-27T09:14:10","modified_gmt":"2026-02-27T09:14:10","slug":"figur-retrocykel-nc1714","status":"publish","type":"product","link":"https:\/\/nordicmart.andreevmaster.com\/da\/vare\/figur-retrocykel-nc1714\/","title":{"rendered":"Figur Retrocykel NC1714"},"content":{"rendered":"<p>Figur Retrocykel NC1714&nbsp;&nbsp;Figuren Retrocykel er en gaveid\u00e9 til en cyklist og en fan af dette \u00f8kologiske transportmiddel. Den passer godt som dekoration i en cykelmekanikers v\u00e6rksted.&nbsp;Modellen forestiller en citybike. Styret og forhjulet kan bev\u00e6ges. Retro Bike-figurinen er lavet af metal. H\u00e5ndtagene og s\u00e6det er af tr\u00e6. Figurinen har et antikt look. Den er et perfekt dekorativt element til rum i klassisk og moderne stil.&nbsp;&nbsp;Produktinformation:&nbsp;Materiale: metal, tr\u00e6Farve: nuancer af brun og beigeM\u00e5l: 35 x 11 x 24,5 cm&nbsp;<\/p>\n","protected":false},"excerpt":{"rendered":"<p>Figur Retrocykel NC1714&nbsp;&nbsp;Figuren Retrocykel er en gaveid\u00e9 til en cyklist og en fan af dette \u00f8kologiske transportmiddel. Den passer godt som dekoration i en cykelmekanikers v\u00e6rksted.&nbsp;Modellen forestiller en citybike. Styret og forhjulet kan bev\u00e6ges. Retro Bike-figurinen er lavet af metal. H\u00e5ndtagene og s\u00e6det er af tr\u00e6. Figurinen har et antikt look. Den er et perfekt [&hellip;]<\/p>\n","protected":false},"featured_media":44827,"comment_status":"open","ping_status":"closed","template":"","meta":[],"product_brand":[],"product_cat":[31],"product_tag":[],"class_list":{"0":"post-27041","1":"product","2":"type-product","3":"status-publish","4":"has-post-thumbnail","6":"product_cat-uncategorized-da","8":"first","9":"instock","10":"shipping-taxable","11":"purchasable","12":"product-type-simple"},"_links":{"self":[{"href":"https:\/\/nordicmart.andreevmaster.com\/da\/wp-json\/wp\/v2\/product\/27041","targetHints":{"allow":["GET"]}}],"collection":[{"href":"https:\/\/nordicmart.andreevmaster.com\/da\/wp-json\/wp\/v2\/product"}],"about":[{"href":"https:\/\/nordicmart.andreevmaster.com\/da\/wp-json\/wp\/v2\/types\/product"}],"replies":[{"embeddable":true,"href":"https:\/\/nordicmart.andreevmaster.com\/da\/wp-json\/wp\/v2\/comments?post=27041"}],"wp:featuredmedia":[{"embeddable":true,"href":"https:\/\/nordicmart.andreevmaster.com\/da\/wp-json\/wp\/v2\/media\/44827"}],"wp:attachment":[{"href":"https:\/\/nordicmart.andreevmaster.com\/da\/wp-json\/wp\/v2\/media?parent=27041"}],"wp:term":[{"taxonomy":"product_brand","embeddable":true,"href":"https:\/\/nordicmart.andreevmaster.com\/da\/wp-json\/wp\/v2\/product_brand?post=27041"},{"taxonomy":"product_cat","embeddable":true,"href":"https:\/\/nordicmart.andreevmaster.com\/da\/wp-json\/wp\/v2\/product_cat?post=27041"},{"taxonomy":"product_tag","embeddable":true,"href":"https:\/\/nordicmart.andreevmaster.com\/da\/wp-json\/wp\/v2\/product_tag?post=27041"}],"curies":[{"name":"wp","href":"https:\/\/api.w.org\/{rel}","templated":true}]}}