{"id":27039,"date":"2026-02-27T00:35:11","date_gmt":"2026-02-27T00:35:11","guid":{"rendered":"https:\/\/nordicmart.andreevmaster.com\/product\/messingforstorrelsesglas-og-papirkniv-laederhand-mfpcsol\/"},"modified":"2026-02-27T09:14:09","modified_gmt":"2026-02-27T09:14:09","slug":"messingforstorrelsesglas-og-papirkniv-laederhand-mfpcsol","status":"publish","type":"product","link":"https:\/\/nordicmart.andreevmaster.com\/da\/vare\/messingforstorrelsesglas-og-papirkniv-laederhand-mfpcsol\/","title":{"rendered":"Messingforst\u00f8rrelsesglas og papirkniv L\u00e6derh\u00e5nd | MFPCSOL"},"content":{"rendered":"<p>Messingforst\u00f8rrelsesglas og papirkniv med l\u00e6derh\u00e5ndtag | MFPCSOL&nbsp;Vi pr\u00e6senterer et elegant s\u00e6t best\u00e5ende af et messingforst\u00f8rrelsesglas og en papirkniv. Produkterne ser meget elegante ud og vil v\u00e6re perfekte som dekorative elementer p\u00e5 dit kontor. Med papirkniven kan du nemt \u00e5bne konvolutter, og med forst\u00f8rrelsesglasset kan du l\u00e6se selv den mindste skrift og arbejde endnu mere pr\u00e6cist. Begge produkter har et l\u00e6derh\u00e5ndtag, der giver dem en kolonial stil og vil give dit kontor et unikt pr\u00e6g.&nbsp;Grundl\u00e6ggende oplysninger:Forst\u00f8rrelsesglasets l\u00e6ngde: 18,5 cmForst\u00f8rrelsesglasets diameter: 7,5 cm3x zoomMateriale: Messing, l\u00e6der og glas&nbsp;Produktet leveres i kasser, hvis pris ikke er tilf\u00f8jet p\u00e5 grund af nogle mindre uregelm\u00e6ssigheder i kasserne!&nbsp;&nbsp;<\/p>\n","protected":false},"excerpt":{"rendered":"<p>Messingforst\u00f8rrelsesglas og papirkniv med l\u00e6derh\u00e5ndtag | MFPCSOL&nbsp;Vi pr\u00e6senterer et elegant s\u00e6t best\u00e5ende af et messingforst\u00f8rrelsesglas og en papirkniv. Produkterne ser meget elegante ud og vil v\u00e6re perfekte som dekorative elementer p\u00e5 dit kontor. Med papirkniven kan du nemt \u00e5bne konvolutter, og med forst\u00f8rrelsesglasset kan du l\u00e6se selv den mindste skrift og arbejde endnu mere pr\u00e6cist. [&hellip;]<\/p>\n","protected":false},"featured_media":44825,"comment_status":"open","ping_status":"closed","template":"","meta":[],"product_brand":[],"product_cat":[31],"product_tag":[],"class_list":{"0":"post-27039","1":"product","2":"type-product","3":"status-publish","4":"has-post-thumbnail","6":"product_cat-uncategorized-da","8":"first","9":"instock","10":"shipping-taxable","11":"purchasable","12":"product-type-simple"},"_links":{"self":[{"href":"https:\/\/nordicmart.andreevmaster.com\/da\/wp-json\/wp\/v2\/product\/27039","targetHints":{"allow":["GET"]}}],"collection":[{"href":"https:\/\/nordicmart.andreevmaster.com\/da\/wp-json\/wp\/v2\/product"}],"about":[{"href":"https:\/\/nordicmart.andreevmaster.com\/da\/wp-json\/wp\/v2\/types\/product"}],"replies":[{"embeddable":true,"href":"https:\/\/nordicmart.andreevmaster.com\/da\/wp-json\/wp\/v2\/comments?post=27039"}],"wp:featuredmedia":[{"embeddable":true,"href":"https:\/\/nordicmart.andreevmaster.com\/da\/wp-json\/wp\/v2\/media\/44825"}],"wp:attachment":[{"href":"https:\/\/nordicmart.andreevmaster.com\/da\/wp-json\/wp\/v2\/media?parent=27039"}],"wp:term":[{"taxonomy":"product_brand","embeddable":true,"href":"https:\/\/nordicmart.andreevmaster.com\/da\/wp-json\/wp\/v2\/product_brand?post=27039"},{"taxonomy":"product_cat","embeddable":true,"href":"https:\/\/nordicmart.andreevmaster.com\/da\/wp-json\/wp\/v2\/product_cat?post=27039"},{"taxonomy":"product_tag","embeddable":true,"href":"https:\/\/nordicmart.andreevmaster.com\/da\/wp-json\/wp\/v2\/product_tag?post=27039"}],"curies":[{"name":"wp","href":"https:\/\/api.w.org\/{rel}","templated":true}]}}