{"id":27038,"date":"2026-02-27T00:35:11","date_gmt":"2026-02-27T00:35:11","guid":{"rendered":"https:\/\/nordicmart.andreevmaster.com\/product\/nautisk-cardan-kompas-i-messing-i-traekasse-reproduktion-h43\/"},"modified":"2026-02-27T09:14:09","modified_gmt":"2026-02-27T09:14:09","slug":"nautisk-cardan-kompas-i-messing-i-traekasse-reproduktion-h43","status":"publish","type":"product","link":"https:\/\/nordicmart.andreevmaster.com\/da\/vare\/nautisk-cardan-kompas-i-messing-i-traekasse-reproduktion-h43\/","title":{"rendered":"Nautisk Cardan-kompas i messing i tr\u00e6kasse \u2013 reproduktion \u2013 H43"},"content":{"rendered":"<p>Nautisk Cardan-kompas i messing i tr\u00e6kasse \u2013 reproduktion \u2013 H43 &nbsp;&nbsp;Produktinformation:&nbsp;&nbsp;Cardan-systemet betyder, at kompasset bev\u00e6ger sig frit, n\u00e5r havets b\u00f8lger svajer. Top \u2013 ren\u00e6ssancedesign Oprindeligt brugt i det 17. \u00e5rhundrede. Stor opm\u00e6rksomhed p\u00e5 detaljer. &nbsp;Dimensioner: kompasset er ottekantet, afstanden m\u00e5lt i en lige linje mellem to sider er 10 cm. Hvis vi m\u00e5ler modst\u00e5ende kanter, er l\u00e6ngden 10,5 cm. Kompassets h\u00f8jde foldet: 5 cm, \u00e5bent: 14 cm. Gaveemballage: smuk gave\u00e6ske med formst\u00f8bning.&nbsp;&nbsp;<\/p>\n","protected":false},"excerpt":{"rendered":"<p>Nautisk Cardan-kompas i messing i tr\u00e6kasse \u2013 reproduktion \u2013 H43 &nbsp;&nbsp;Produktinformation:&nbsp;&nbsp;Cardan-systemet betyder, at kompasset bev\u00e6ger sig frit, n\u00e5r havets b\u00f8lger svajer. Top \u2013 ren\u00e6ssancedesign Oprindeligt brugt i det 17. \u00e5rhundrede. Stor opm\u00e6rksomhed p\u00e5 detaljer. &nbsp;Dimensioner: kompasset er ottekantet, afstanden m\u00e5lt i en lige linje mellem to sider er 10 cm. Hvis vi m\u00e5ler modst\u00e5ende kanter, [&hellip;]<\/p>\n","protected":false},"featured_media":44824,"comment_status":"open","ping_status":"closed","template":"","meta":[],"product_brand":[],"product_cat":[31],"product_tag":[],"class_list":{"0":"post-27038","1":"product","2":"type-product","3":"status-publish","4":"has-post-thumbnail","6":"product_cat-uncategorized-da","8":"first","9":"instock","10":"shipping-taxable","11":"purchasable","12":"product-type-simple"},"_links":{"self":[{"href":"https:\/\/nordicmart.andreevmaster.com\/da\/wp-json\/wp\/v2\/product\/27038","targetHints":{"allow":["GET"]}}],"collection":[{"href":"https:\/\/nordicmart.andreevmaster.com\/da\/wp-json\/wp\/v2\/product"}],"about":[{"href":"https:\/\/nordicmart.andreevmaster.com\/da\/wp-json\/wp\/v2\/types\/product"}],"replies":[{"embeddable":true,"href":"https:\/\/nordicmart.andreevmaster.com\/da\/wp-json\/wp\/v2\/comments?post=27038"}],"wp:featuredmedia":[{"embeddable":true,"href":"https:\/\/nordicmart.andreevmaster.com\/da\/wp-json\/wp\/v2\/media\/44824"}],"wp:attachment":[{"href":"https:\/\/nordicmart.andreevmaster.com\/da\/wp-json\/wp\/v2\/media?parent=27038"}],"wp:term":[{"taxonomy":"product_brand","embeddable":true,"href":"https:\/\/nordicmart.andreevmaster.com\/da\/wp-json\/wp\/v2\/product_brand?post=27038"},{"taxonomy":"product_cat","embeddable":true,"href":"https:\/\/nordicmart.andreevmaster.com\/da\/wp-json\/wp\/v2\/product_cat?post=27038"},{"taxonomy":"product_tag","embeddable":true,"href":"https:\/\/nordicmart.andreevmaster.com\/da\/wp-json\/wp\/v2\/product_tag?post=27038"}],"curies":[{"name":"wp","href":"https:\/\/api.w.org\/{rel}","templated":true}]}}