{"id":27037,"date":"2026-02-27T00:35:10","date_gmt":"2026-02-27T00:35:10","guid":{"rendered":"https:\/\/nordicmart.andreevmaster.com\/product\/model-af-sejlskibet-dar-pomorza-50-cm\/"},"modified":"2026-02-27T09:14:09","modified_gmt":"2026-02-27T09:14:09","slug":"model-af-sejlskibet-dar-pomorza-50-cm","status":"publish","type":"product","link":"https:\/\/nordicmart.andreevmaster.com\/da\/vare\/model-af-sejlskibet-dar-pomorza-50-cm\/","title":{"rendered":"Model af sejlskibet Dar Pomorza 50 cm"},"content":{"rendered":"<p>Model af sejlskibet Dar Pomorza 50 cm &nbsp; Modellen af det tremastede sejlskib Dar Pomorza, kendt som den &#8220;Hvide Fregat&#8221;, er en fremragende id\u00e9 til en nautisk gave eller stilfuld indretning. Den er omhyggeligt fremstillet af tr\u00e6, sejl af l\u00e6rred og metaldetaljer og imponerer med sin sans for detaljer og kvalitetsh\u00e5ndv\u00e6rk. &nbsp; ? Perfekt til haventusiaster! &nbsp;&nbsp; Model, der vil v\u00e6re en smuk dekoration i kontoret, stuen eller kabinen . Det er en fantastisk gave til sejlere og elskere af haveventyr. &nbsp; Produktinformation:&nbsp; Materiale: Model lavet af tr\u00e6 (skrog og master), sejl af l\u00e6rred, trim (metal, plast). Model af meget god kvalitet, omhyggeligt fremstillet. M\u00e5l: h\u00f8jde 42,5 cm x bredde 11,5 cm x l\u00e6ngde 53 cm &nbsp; Dar Pomorza \u2013 Historie&nbsp; Dar Pomorza blev k\u00f8bt af det pommerske samfund i 1929 til s\u00f8fartsskolen i Gdynia. Siden 1982 har det ligget fort\u00f8jet i Gdynia som museumsfart\u00f8j, en filial af det nationale s\u00f8fartsmuseum i Gdansk. Under polsk flag har Dar Pomorza foretaget 102 skolerejser, sejlet en halv million s\u00f8mil \u2013 en afstand svarende til ca. 25 rejser jorden rundt \u2013 og er blevet ber\u00f8mt som det f\u00f8rste skib i den polske handelsfl\u00e5des historie, der har sejlet jorden rundt og uddannet 13.384 studerende. &nbsp;<\/p>\n","protected":false},"excerpt":{"rendered":"<p>Model af sejlskibet Dar Pomorza 50 cm &nbsp; Modellen af det tremastede sejlskib Dar Pomorza, kendt som den &#8220;Hvide Fregat&#8221;, er en fremragende id\u00e9 til en nautisk gave eller stilfuld indretning. Den er omhyggeligt fremstillet af tr\u00e6, sejl af l\u00e6rred og metaldetaljer og imponerer med sin sans for detaljer og kvalitetsh\u00e5ndv\u00e6rk. &nbsp; ? Perfekt til [&hellip;]<\/p>\n","protected":false},"featured_media":44823,"comment_status":"open","ping_status":"closed","template":"","meta":[],"product_brand":[],"product_cat":[31],"product_tag":[],"class_list":{"0":"post-27037","1":"product","2":"type-product","3":"status-publish","4":"has-post-thumbnail","6":"product_cat-uncategorized-da","8":"first","9":"instock","10":"shipping-taxable","11":"purchasable","12":"product-type-simple"},"_links":{"self":[{"href":"https:\/\/nordicmart.andreevmaster.com\/da\/wp-json\/wp\/v2\/product\/27037","targetHints":{"allow":["GET"]}}],"collection":[{"href":"https:\/\/nordicmart.andreevmaster.com\/da\/wp-json\/wp\/v2\/product"}],"about":[{"href":"https:\/\/nordicmart.andreevmaster.com\/da\/wp-json\/wp\/v2\/types\/product"}],"replies":[{"embeddable":true,"href":"https:\/\/nordicmart.andreevmaster.com\/da\/wp-json\/wp\/v2\/comments?post=27037"}],"wp:featuredmedia":[{"embeddable":true,"href":"https:\/\/nordicmart.andreevmaster.com\/da\/wp-json\/wp\/v2\/media\/44823"}],"wp:attachment":[{"href":"https:\/\/nordicmart.andreevmaster.com\/da\/wp-json\/wp\/v2\/media?parent=27037"}],"wp:term":[{"taxonomy":"product_brand","embeddable":true,"href":"https:\/\/nordicmart.andreevmaster.com\/da\/wp-json\/wp\/v2\/product_brand?post=27037"},{"taxonomy":"product_cat","embeddable":true,"href":"https:\/\/nordicmart.andreevmaster.com\/da\/wp-json\/wp\/v2\/product_cat?post=27037"},{"taxonomy":"product_tag","embeddable":true,"href":"https:\/\/nordicmart.andreevmaster.com\/da\/wp-json\/wp\/v2\/product_tag?post=27037"}],"curies":[{"name":"wp","href":"https:\/\/api.w.org\/{rel}","templated":true}]}}