{"id":27036,"date":"2026-02-27T00:35:10","date_gmt":"2026-02-27T00:35:10","guid":{"rendered":"https:\/\/nordicmart.andreevmaster.com\/product\/solur-astronomiske-ringe-h21\/"},"modified":"2026-02-27T09:14:09","modified_gmt":"2026-02-27T09:14:09","slug":"solur-astronomiske-ringe-h21","status":"publish","type":"product","link":"https:\/\/nordicmart.andreevmaster.com\/da\/vare\/solur-astronomiske-ringe-h21\/","title":{"rendered":"Solur \u2013 Astronomiske ringe &#8211; H21"},"content":{"rendered":"<p>Solur \u2013 Astronomiske ringe &#8211; H21&nbsp;Vi pr\u00e6senterer et solur \u2013 astronomiske ringe \u2013 model H21. Dette er et universelt solur \u2013 til bestemmelse af alle breddegrader. Et af de mest universelle solure i det 17. og 18. \u00e5rhundrede. Soluret er kendetegnet ved sin rige ornamentik, der giver det et unikt pr\u00e6g og g\u00f8r det smukt at se p\u00e5. Produktet er fremstillet af zamak og messing, lakeret i overensstemmelse med de foreg\u00e5ende \u00e5rhundreders teknologi. Uret st\u00e5r p\u00e5 et tr\u00e6stativ. &nbsp;Produktinformation:&nbsp;Materiale: fremstillet af en legering af zink med aluminium eller med aluminium og kobber. Mangan, magnesium og titanium anvendes ogs\u00e5 som tils\u00e6tningsstoffer. Gaveemballage: en smuk gave\u00e6ske med spr\u00f8jtest\u00f8bning. Fantastisk dekorativt element. Vidunderlig gave til rejseglade. Dimensioner: Maksimal h\u00f8jde med stativ \u2013 12 cm Bredde 10 cm Dybde 0,4 cm V\u00e6gt 0,175 kg For at afl\u00e6se tiden skal \u00e6kvatorialringen foldes ud, s\u00e5 den ligger i et plan vinkelret p\u00e5 meridianen. Derefter skal du bestemme breddegraden ved hj\u00e6lp af tronen. Indstil den korrekte dato p\u00e5 deklinationsskalaen. Du skal h\u00e6nge enheden op med tronen, efter at du har indstillet den reelle breddegrad, hvor vi befinder os. Solens str\u00e5ler vil vise den korrekte soltid. Bem\u00e6rk, at den officielle tid kan afvige fra soltiden.<\/p>\n","protected":false},"excerpt":{"rendered":"<p>Solur \u2013 Astronomiske ringe &#8211; H21&nbsp;Vi pr\u00e6senterer et solur \u2013 astronomiske ringe \u2013 model H21. Dette er et universelt solur \u2013 til bestemmelse af alle breddegrader. Et af de mest universelle solure i det 17. og 18. \u00e5rhundrede. Soluret er kendetegnet ved sin rige ornamentik, der giver det et unikt pr\u00e6g og g\u00f8r det smukt [&hellip;]<\/p>\n","protected":false},"featured_media":44822,"comment_status":"open","ping_status":"closed","template":"","meta":[],"product_brand":[],"product_cat":[31],"product_tag":[],"class_list":{"0":"post-27036","1":"product","2":"type-product","3":"status-publish","4":"has-post-thumbnail","6":"product_cat-uncategorized-da","8":"first","9":"instock","10":"shipping-taxable","11":"purchasable","12":"product-type-simple"},"_links":{"self":[{"href":"https:\/\/nordicmart.andreevmaster.com\/da\/wp-json\/wp\/v2\/product\/27036","targetHints":{"allow":["GET"]}}],"collection":[{"href":"https:\/\/nordicmart.andreevmaster.com\/da\/wp-json\/wp\/v2\/product"}],"about":[{"href":"https:\/\/nordicmart.andreevmaster.com\/da\/wp-json\/wp\/v2\/types\/product"}],"replies":[{"embeddable":true,"href":"https:\/\/nordicmart.andreevmaster.com\/da\/wp-json\/wp\/v2\/comments?post=27036"}],"wp:featuredmedia":[{"embeddable":true,"href":"https:\/\/nordicmart.andreevmaster.com\/da\/wp-json\/wp\/v2\/media\/44822"}],"wp:attachment":[{"href":"https:\/\/nordicmart.andreevmaster.com\/da\/wp-json\/wp\/v2\/media?parent=27036"}],"wp:term":[{"taxonomy":"product_brand","embeddable":true,"href":"https:\/\/nordicmart.andreevmaster.com\/da\/wp-json\/wp\/v2\/product_brand?post=27036"},{"taxonomy":"product_cat","embeddable":true,"href":"https:\/\/nordicmart.andreevmaster.com\/da\/wp-json\/wp\/v2\/product_cat?post=27036"},{"taxonomy":"product_tag","embeddable":true,"href":"https:\/\/nordicmart.andreevmaster.com\/da\/wp-json\/wp\/v2\/product_tag?post=27036"}],"curies":[{"name":"wp","href":"https:\/\/api.w.org\/{rel}","templated":true}]}}