{"id":27035,"date":"2026-02-27T00:35:10","date_gmt":"2026-02-27T00:35:10","guid":{"rendered":"https:\/\/nordicmart.andreevmaster.com\/product\/messing-solur-med-kompas-urania-propitia-h45\/"},"modified":"2026-02-27T09:14:08","modified_gmt":"2026-02-27T09:14:08","slug":"messing-solur-med-kompas-urania-propitia-h45","status":"publish","type":"product","link":"https:\/\/nordicmart.andreevmaster.com\/da\/vare\/messing-solur-med-kompas-urania-propitia-h45\/","title":{"rendered":"Messing solur med kompas \u2013 Urania propitia  H45"},"content":{"rendered":"<p>Messing solur med kompas &ndash; Urania propitia H45&nbsp;&nbsp;Vi pr\u00e6senterer en smuk solur med kompas \u2013 modellen Urania Propitia. Produktet er fremstillet af messing. Smukke dekorationer i ren\u00e6ssancestil giver dette ur med kompas et unikt pr\u00e6g. Kompasset er dedikeret til minde om Maria Cunitz og den f\u00f8rste kvindelige astronom, skaberen af v\u00e6rket Urania propitia \u2013 astronomi for alle. Produktet er pakket i en smuk gave\u00e6ske med en layette. Perfekt som dekoration i et elegant kontor eller stue. Det tilf\u00f8jer en unik karakter til ethvert interi\u00f8r. Og hvis du nogensinde farer vild, hj\u00e6lper kompasset dig med at finde den rigtige vej!&nbsp;&nbsp;Produktinformation:&nbsp;Dimensioner: H\u00f8jde 2,8 cm x bredde 8,4 cm Materiale: Messing Produkt af h\u00f8j kvalitet Pakket i elegant \u00e6ske &nbsp;&nbsp;Maria Kunic (Cunitz, Cunitia) var en astronom, der blev f\u00f8dt i det 17. \u00e5rhundrede i Wo\u0142\u00f3w i Nedre Schlesien. Hendes st\u00f8rste v\u00e6rk er Urania Propitia \u2013 &#8220;tilg\u00e6ngelig astronomi&#8221;, hvor hun l\u00f8ste &#8220;Kepler-problemet&#8221; og placerede efemeriderne for Venus-faserne. Dette v\u00e6rk blev udgivet p\u00e5 to sprog: tysk og latin, og er opdelt i 23 kapitler. Det har 500 sider. I v\u00e6rket redigerede Maria Kunic Keplers astronomiske tabeller, korrigerede dem, tilf\u00f8jede noget og forenklede dem ved hj\u00e6lp af en metode, der udelader logaritmer. V\u00e6rket indeholder ogs\u00e5 en nyhed, nemlig ephemeriden for Venus&#8217; faser.&nbsp;<\/p>\n","protected":false},"excerpt":{"rendered":"<p>Messing solur med kompas &ndash; Urania propitia H45&nbsp;&nbsp;Vi pr\u00e6senterer en smuk solur med kompas \u2013 modellen Urania Propitia. Produktet er fremstillet af messing. Smukke dekorationer i ren\u00e6ssancestil giver dette ur med kompas et unikt pr\u00e6g. Kompasset er dedikeret til minde om Maria Cunitz og den f\u00f8rste kvindelige astronom, skaberen af v\u00e6rket Urania propitia \u2013 astronomi [&hellip;]<\/p>\n","protected":false},"featured_media":44821,"comment_status":"open","ping_status":"closed","template":"","meta":[],"product_brand":[],"product_cat":[31],"product_tag":[],"class_list":{"0":"post-27035","1":"product","2":"type-product","3":"status-publish","4":"has-post-thumbnail","6":"product_cat-uncategorized-da","8":"first","9":"instock","10":"shipping-taxable","11":"purchasable","12":"product-type-simple"},"_links":{"self":[{"href":"https:\/\/nordicmart.andreevmaster.com\/da\/wp-json\/wp\/v2\/product\/27035","targetHints":{"allow":["GET"]}}],"collection":[{"href":"https:\/\/nordicmart.andreevmaster.com\/da\/wp-json\/wp\/v2\/product"}],"about":[{"href":"https:\/\/nordicmart.andreevmaster.com\/da\/wp-json\/wp\/v2\/types\/product"}],"replies":[{"embeddable":true,"href":"https:\/\/nordicmart.andreevmaster.com\/da\/wp-json\/wp\/v2\/comments?post=27035"}],"wp:featuredmedia":[{"embeddable":true,"href":"https:\/\/nordicmart.andreevmaster.com\/da\/wp-json\/wp\/v2\/media\/44821"}],"wp:attachment":[{"href":"https:\/\/nordicmart.andreevmaster.com\/da\/wp-json\/wp\/v2\/media?parent=27035"}],"wp:term":[{"taxonomy":"product_brand","embeddable":true,"href":"https:\/\/nordicmart.andreevmaster.com\/da\/wp-json\/wp\/v2\/product_brand?post=27035"},{"taxonomy":"product_cat","embeddable":true,"href":"https:\/\/nordicmart.andreevmaster.com\/da\/wp-json\/wp\/v2\/product_cat?post=27035"},{"taxonomy":"product_tag","embeddable":true,"href":"https:\/\/nordicmart.andreevmaster.com\/da\/wp-json\/wp\/v2\/product_tag?post=27035"}],"curies":[{"name":"wp","href":"https:\/\/api.w.org\/{rel}","templated":true}]}}