{"id":27034,"date":"2026-02-27T00:35:10","date_gmt":"2026-02-27T00:35:10","guid":{"rendered":"https:\/\/nordicmart.andreevmaster.com\/product\/miniature-solur-astronomiske-ringe-h89\/"},"modified":"2026-02-27T09:14:08","modified_gmt":"2026-02-27T09:14:08","slug":"miniature-solur-astronomiske-ringe-h89","status":"publish","type":"product","link":"https:\/\/nordicmart.andreevmaster.com\/da\/vare\/miniature-solur-astronomiske-ringe-h89\/","title":{"rendered":"Miniature solur &#8211; astronomiske ringe &#8211; H89"},"content":{"rendered":"<p>&nbsp;Miniature solur &#8211; astronomiske ringe &#8211; H89&nbsp;&nbsp;Miniature replika af h\u00f8j kvalitet af et solur fra det 17. og 18. \u00e5rhundrede &#8211; astronomiske ringe. En fantastisk gave til en navigat\u00f8r, s\u00f8mand eller astronomientusiast.&nbsp;&nbsp;Produktinformation:&nbsp;M\u00e5l: h\u00f8jde 13 cm, diameter 4,5 cm, dybde 4 cm.V\u00e6gt: 60 g. Materiale: Fremstillet af znal og messing, lakeret ved hj\u00e6lp af en teknik, der er flere hundrede \u00e5r gammel. Sidder p\u00e5 en tr\u00e6base.Gaveemballage: smuk gave\u00e6ske med formst\u00f8bning.Brugsanvisning p\u00e5 engelsk, fransk, italiensk og spansk.Leveres i en attraktiv dekorativ \u00e6ske med en formst\u00f8bning, hvor instrumentet hviler.&nbsp;&nbsp;Instrumentet best\u00e5r af:&nbsp;en trone \u2013 en bev\u00e6gelig slynge til bestemmelse af breddegrad. Tronen kan flyttes for at indstille den korrekte breddegrad. Meridian \u2013 en fast ring med en breddegradsskala. Bev\u00e6gelig &#8220;\u00e6kvatorial&#8221; ring med en timeskala. En bev\u00e6gelig deklinationsskala til bestemmelse af m\u00e5neder (i midten af instrumentet) \u2013 fungerer som en gnomon. Hver m\u00e5ned er opdelt i tre tredjedele p\u00e5 hver 10 dage. M\u00e5nadernes navne er symboliseret med bogstaver, f.eks. O &#8211; oktober. I midten er der et lille bev\u00e6geligt element, der g\u00f8r det muligt at indstille den korrekte m\u00e5ned og dato.&nbsp;&nbsp;For at afl\u00e6se tiden skal du folde den \u00e6kvatoriale ring ud, s\u00e5 den ligger i et plan vinkelret p\u00e5 meridianen. Bestem derefter breddegraden ved hj\u00e6lp af tronen. &nbsp;Indstil den korrekte dato p\u00e5 deklinationsskalaen. H\u00e6ng enheden med tronen op, efter at du har indstillet den faktiske breddegrad, hvor du befinder dig. Solens str\u00e5ler vil angive den korrekte soltid. Bem\u00e6rk, at den officielle tid kan afvige fra soltiden. &nbsp;&nbsp;&nbsp;&nbsp;<\/p>\n","protected":false},"excerpt":{"rendered":"<p>&nbsp;Miniature solur &#8211; astronomiske ringe &#8211; H89&nbsp;&nbsp;Miniature replika af h\u00f8j kvalitet af et solur fra det 17. og 18. \u00e5rhundrede &#8211; astronomiske ringe. En fantastisk gave til en navigat\u00f8r, s\u00f8mand eller astronomientusiast.&nbsp;&nbsp;Produktinformation:&nbsp;M\u00e5l: h\u00f8jde 13 cm, diameter 4,5 cm, dybde 4 cm.V\u00e6gt: 60 g. Materiale: Fremstillet af znal og messing, lakeret ved hj\u00e6lp af en teknik, [&hellip;]<\/p>\n","protected":false},"featured_media":44820,"comment_status":"open","ping_status":"closed","template":"","meta":[],"product_brand":[],"product_cat":[31],"product_tag":[],"class_list":{"0":"post-27034","1":"product","2":"type-product","3":"status-publish","4":"has-post-thumbnail","6":"product_cat-uncategorized-da","8":"first","9":"instock","10":"shipping-taxable","11":"purchasable","12":"product-type-simple"},"_links":{"self":[{"href":"https:\/\/nordicmart.andreevmaster.com\/da\/wp-json\/wp\/v2\/product\/27034","targetHints":{"allow":["GET"]}}],"collection":[{"href":"https:\/\/nordicmart.andreevmaster.com\/da\/wp-json\/wp\/v2\/product"}],"about":[{"href":"https:\/\/nordicmart.andreevmaster.com\/da\/wp-json\/wp\/v2\/types\/product"}],"replies":[{"embeddable":true,"href":"https:\/\/nordicmart.andreevmaster.com\/da\/wp-json\/wp\/v2\/comments?post=27034"}],"wp:featuredmedia":[{"embeddable":true,"href":"https:\/\/nordicmart.andreevmaster.com\/da\/wp-json\/wp\/v2\/media\/44820"}],"wp:attachment":[{"href":"https:\/\/nordicmart.andreevmaster.com\/da\/wp-json\/wp\/v2\/media?parent=27034"}],"wp:term":[{"taxonomy":"product_brand","embeddable":true,"href":"https:\/\/nordicmart.andreevmaster.com\/da\/wp-json\/wp\/v2\/product_brand?post=27034"},{"taxonomy":"product_cat","embeddable":true,"href":"https:\/\/nordicmart.andreevmaster.com\/da\/wp-json\/wp\/v2\/product_cat?post=27034"},{"taxonomy":"product_tag","embeddable":true,"href":"https:\/\/nordicmart.andreevmaster.com\/da\/wp-json\/wp\/v2\/product_tag?post=27034"}],"curies":[{"name":"wp","href":"https:\/\/api.w.org\/{rel}","templated":true}]}}