{"id":27033,"date":"2026-02-27T00:35:09","date_gmt":"2026-02-27T00:35:09","guid":{"rendered":"https:\/\/nordicmart.andreevmaster.com\/product\/miniature-solur-astronomiske-ringe-h90\/"},"modified":"2026-02-27T09:14:08","modified_gmt":"2026-02-27T09:14:08","slug":"miniature-solur-astronomiske-ringe-h90","status":"publish","type":"product","link":"https:\/\/nordicmart.andreevmaster.com\/da\/vare\/miniature-solur-astronomiske-ringe-h90\/","title":{"rendered":"Miniature solur &#8211; astronomiske ringe &#8211; H90"},"content":{"rendered":"<p>Miniature solur &#8211; astronomiske ringe &#8211; H90&nbsp;&nbsp;Dette er en miniaturekopi af et instrument, der blev brugt i det 17. og 18. \u00e5rhundrede. &#8211; universelt solur. Den er lavet af znallium og messing og lakeret ved hj\u00e6lp af en teknik, der er flere hundrede \u00e5r gammel.&nbsp;Produktinformation:&nbsp;M\u00e5l: Diameter 0,5 cm x dybde 0,5 cmV\u00e6gt: 50 gBrugsanvisning p\u00e5 engelsk, fransk, italiensk og spansk.Gaveemballage: Leveres i en attraktiv dekorativ \u00e6ske med en st\u00f8bt holder, hvor apparatet kan placeres.Fantastisk gave til navigat\u00f8rer, s\u00f8folk, sejlere og astronomientusiaster. Vedh\u00e6ng &#8211; rem i r\u00f8dbrun farve. Instrumentet best\u00e5r af: &#8211; en trone &#8211; en bev\u00e6gelig rem til bestemmelse af breddegrad. Tronen kan flyttes for at indstille den korrekte breddegrad. &#8211; meridian &#8211; en fast ring med en breddegradsskala &#8211; bev\u00e6gelig &#8220;\u00e6kvatorial&#8221; ring med en timeskala &#8211; en bev\u00e6gelig deklinationsskala til bestemmelse af m\u00e5neder (i midten af enheden) &#8211; fungerer som en gnomon. Hver m\u00e5ned er opdelt i tre tredjedele p\u00e5 hver 10 dage. M\u00e5nadernes navne er symboliseret med bogstaver, f.eks. O &#8211; oktober. I midten er der et lille bev\u00e6geligt element, der g\u00f8r det muligt at indstille den korrekte m\u00e5ned og dato.&nbsp;<\/p>\n","protected":false},"excerpt":{"rendered":"<p>Miniature solur &#8211; astronomiske ringe &#8211; H90&nbsp;&nbsp;Dette er en miniaturekopi af et instrument, der blev brugt i det 17. og 18. \u00e5rhundrede. &#8211; universelt solur. Den er lavet af znallium og messing og lakeret ved hj\u00e6lp af en teknik, der er flere hundrede \u00e5r gammel.&nbsp;Produktinformation:&nbsp;M\u00e5l: Diameter 0,5 cm x dybde 0,5 cmV\u00e6gt: 50 gBrugsanvisning p\u00e5 [&hellip;]<\/p>\n","protected":false},"featured_media":44819,"comment_status":"open","ping_status":"closed","template":"","meta":[],"product_brand":[],"product_cat":[31],"product_tag":[],"class_list":{"0":"post-27033","1":"product","2":"type-product","3":"status-publish","4":"has-post-thumbnail","6":"product_cat-uncategorized-da","8":"first","9":"instock","10":"shipping-taxable","11":"purchasable","12":"product-type-simple"},"_links":{"self":[{"href":"https:\/\/nordicmart.andreevmaster.com\/da\/wp-json\/wp\/v2\/product\/27033","targetHints":{"allow":["GET"]}}],"collection":[{"href":"https:\/\/nordicmart.andreevmaster.com\/da\/wp-json\/wp\/v2\/product"}],"about":[{"href":"https:\/\/nordicmart.andreevmaster.com\/da\/wp-json\/wp\/v2\/types\/product"}],"replies":[{"embeddable":true,"href":"https:\/\/nordicmart.andreevmaster.com\/da\/wp-json\/wp\/v2\/comments?post=27033"}],"wp:featuredmedia":[{"embeddable":true,"href":"https:\/\/nordicmart.andreevmaster.com\/da\/wp-json\/wp\/v2\/media\/44819"}],"wp:attachment":[{"href":"https:\/\/nordicmart.andreevmaster.com\/da\/wp-json\/wp\/v2\/media?parent=27033"}],"wp:term":[{"taxonomy":"product_brand","embeddable":true,"href":"https:\/\/nordicmart.andreevmaster.com\/da\/wp-json\/wp\/v2\/product_brand?post=27033"},{"taxonomy":"product_cat","embeddable":true,"href":"https:\/\/nordicmart.andreevmaster.com\/da\/wp-json\/wp\/v2\/product_cat?post=27033"},{"taxonomy":"product_tag","embeddable":true,"href":"https:\/\/nordicmart.andreevmaster.com\/da\/wp-json\/wp\/v2\/product_tag?post=27033"}],"curies":[{"name":"wp","href":"https:\/\/api.w.org\/{rel}","templated":true}]}}