{"id":27032,"date":"2026-02-27T00:35:09","date_gmt":"2026-02-27T00:35:09","guid":{"rendered":"https:\/\/nordicmart.andreevmaster.com\/product\/messing-evighedskalender-pa-traefod-h27\/"},"modified":"2026-02-27T09:14:08","modified_gmt":"2026-02-27T09:14:08","slug":"messing-evighedskalender-pa-traefod-h27","status":"publish","type":"product","link":"https:\/\/nordicmart.andreevmaster.com\/da\/vare\/messing-evighedskalender-pa-traefod-h27\/","title":{"rendered":"Messing evighedskalender p\u00e5 tr\u00e6fod &#8211; H27"},"content":{"rendered":"<p>Evighedskalender H27 &nbsp;&nbsp;&nbsp;Med evighedskalenderen kan du finde alle ugedage fra 1600 til 2799! Kalenderen bruger et gammelt system kaldet dominikanske bogstaver &#8211; s\u00f8ndagsbogstaver. &nbsp;Kalenderen er smukt dekoreret i ren\u00e6ssancestil. &nbsp;Den er en god gave til en elsker af historie og tekniske monumenter, en leder eller en fan af astrologi. Den vil se godt ud p\u00e5 et skrivebord i et arbejdsv\u00e6relse eller p\u00e5 et kontor.&nbsp;&nbsp;&nbsp;&nbsp;Produktinformation:&nbsp;&nbsp;M\u00e5l: Diameter 9 cmRenaissance-stilOriginal brugsanvisning p\u00e5 flere sprog: engelsk, fransk, spansk, italienskGaveemballage: smuk gave\u00e6ske med st\u00f8bt etui&nbsp;&nbsp;&nbsp;&nbsp;Hvordan bruger man den evige kalender? Lad os sige, at vi vil tjekke, hvilken ugedag det er den 2. marts 2019. For at g\u00f8re dette drejer vi kalenderen til siden med m\u00e5nens smilende ansigt. Vi s\u00f8ger efter tallet 20 p\u00e5 den bev\u00e6gelige ring og justerer det med tallet 19, som vi finder p\u00e5 den faste skive. Dern\u00e6st flytter vi Letra Dominical-bogstaverne til 19, hvilket giver os mulighed for at se, hvilket bogstav der var under 20, da 20 og 19 var justeret . I vores tilf\u00e6lde er det bogstavet F.&nbsp;Det n\u00e6ste tr\u00e6k er p\u00e5 solens smilende ansigt. M\u00e5neden marts, der er markeret p\u00e5 den bev\u00e6gelige ring med bogstaverne MAR, placeres under F. Derefter ser vi, at den 2. dag i m\u00e5neden \u2013 vi ser nu p\u00e5 den nederste del af den faste skala, der viser dagene fra 1 til 31 \u2013 falder sammen med bogstavet S, hvilket betyder, at 2. marts 2019 er S \u2013 l\u00f8rdag.I tilf\u00e6lde af et skud\u00e5r vil det vise sig, at vi m\u00f8der 2 bogstaver i sceptret. Derefter er reglen, at det f\u00f8rste g\u00e6lder for dagen frem til 1. marts i et givet \u00e5r, og det andet for enhver dag efter 1. marts i det p\u00e5g\u00e6ldende \u00e5r. Andre trin som ovenfor. Eksempel: Lad os tjekke, hvilken ugedag der falder p\u00e5 10. juni 2020. P\u00e5 m\u00e5nesiden indstiller vi 20 p\u00e5 den bev\u00e6gelige skive under 20 p\u00e5 den station\u00e6re. Vi bruger lillefingeren og ser, at der er bogstaverne D, E under 20. Vi taler om en dato efter 15. marts, s\u00e5 vi tager bogstavet D i betragtning. Med denne information g\u00e5r vi til siden med solens smiley. JUN &#8211; Juni er indstillet under D. Nederst ser vi, at den 10. juni er under X- miercoles &#8211; onsdag .<\/p>\n","protected":false},"excerpt":{"rendered":"<p>Evighedskalender H27 &nbsp;&nbsp;&nbsp;Med evighedskalenderen kan du finde alle ugedage fra 1600 til 2799! Kalenderen bruger et gammelt system kaldet dominikanske bogstaver &#8211; s\u00f8ndagsbogstaver. &nbsp;Kalenderen er smukt dekoreret i ren\u00e6ssancestil. &nbsp;Den er en god gave til en elsker af historie og tekniske monumenter, en leder eller en fan af astrologi. Den vil se godt ud p\u00e5 [&hellip;]<\/p>\n","protected":false},"featured_media":44818,"comment_status":"open","ping_status":"closed","template":"","meta":[],"product_brand":[],"product_cat":[31],"product_tag":[],"class_list":{"0":"post-27032","1":"product","2":"type-product","3":"status-publish","4":"has-post-thumbnail","6":"product_cat-uncategorized-da","8":"first","9":"instock","10":"shipping-taxable","11":"purchasable","12":"product-type-simple"},"_links":{"self":[{"href":"https:\/\/nordicmart.andreevmaster.com\/da\/wp-json\/wp\/v2\/product\/27032","targetHints":{"allow":["GET"]}}],"collection":[{"href":"https:\/\/nordicmart.andreevmaster.com\/da\/wp-json\/wp\/v2\/product"}],"about":[{"href":"https:\/\/nordicmart.andreevmaster.com\/da\/wp-json\/wp\/v2\/types\/product"}],"replies":[{"embeddable":true,"href":"https:\/\/nordicmart.andreevmaster.com\/da\/wp-json\/wp\/v2\/comments?post=27032"}],"wp:featuredmedia":[{"embeddable":true,"href":"https:\/\/nordicmart.andreevmaster.com\/da\/wp-json\/wp\/v2\/media\/44818"}],"wp:attachment":[{"href":"https:\/\/nordicmart.andreevmaster.com\/da\/wp-json\/wp\/v2\/media?parent=27032"}],"wp:term":[{"taxonomy":"product_brand","embeddable":true,"href":"https:\/\/nordicmart.andreevmaster.com\/da\/wp-json\/wp\/v2\/product_brand?post=27032"},{"taxonomy":"product_cat","embeddable":true,"href":"https:\/\/nordicmart.andreevmaster.com\/da\/wp-json\/wp\/v2\/product_cat?post=27032"},{"taxonomy":"product_tag","embeddable":true,"href":"https:\/\/nordicmart.andreevmaster.com\/da\/wp-json\/wp\/v2\/product_tag?post=27032"}],"curies":[{"name":"wp","href":"https:\/\/api.w.org\/{rel}","templated":true}]}}