{"id":27031,"date":"2026-02-27T00:35:09","date_gmt":"2026-02-27T00:35:09","guid":{"rendered":"https:\/\/nordicmart.andreevmaster.com\/product\/brunton-kompas-i-traekasse-cb5\/"},"modified":"2026-02-27T09:14:08","modified_gmt":"2026-02-27T09:14:08","slug":"brunton-kompas-i-traekasse-cb5","status":"publish","type":"product","link":"https:\/\/nordicmart.andreevmaster.com\/da\/vare\/brunton-kompas-i-traekasse-cb5\/","title":{"rendered":"Brunton kompas i tr\u00e6kasse &#8211; CB5"},"content":{"rendered":"<p>Brunton kompas i tr\u00e6kasse &#8211; CB5 &nbsp;&nbsp;Brunton kompas er et meget pr\u00e6cist instrument til at udf\u00f8re forskellige beregninger. Det elegante og holdbare messingkompas er en praktisk gave til en ingeni\u00f8r eller landm\u00e5ler.&nbsp;En af fordelene ved Brunton-modellen er spejlet og m\u00e5leinstrumenterne under l\u00e5get. De g\u00f8r det lettere at marchere p\u00e5 azimut. Spidsen af den magnetiske n\u00e5l, der angiver nord, er r\u00f8d. P\u00e5 etuiet er der en sinus-tabel. Kompasset er ogs\u00e5 udstyret med et libelle, der g\u00f8r det muligt at bestemme sm\u00e5 h\u00e6ldningsvinkler for lige linjer eller planer i forhold til vandret eller lodret retning. &nbsp;Brunton-kompasset er pakket i en smagfuld tr\u00e6kasse.&nbsp;&nbsp;Produktinformation:&nbsp;Materiale: messing Kassefarver: messing Kassekompas &#8211; l\u00e5sbart Spejl og m\u00e5leinstrument Libella Sinustabel p\u00e5 kassen Dimensioner: 7,5 x 7 x 3,5 cm&nbsp;Kasse:&nbsp;Materiale: tr\u00e6 Polstret med bl\u00e5t materiale Dimensioner: 10,5 x 9 x 6 cm&nbsp;<\/p>\n","protected":false},"excerpt":{"rendered":"<p>Brunton kompas i tr\u00e6kasse &#8211; CB5 &nbsp;&nbsp;Brunton kompas er et meget pr\u00e6cist instrument til at udf\u00f8re forskellige beregninger. Det elegante og holdbare messingkompas er en praktisk gave til en ingeni\u00f8r eller landm\u00e5ler.&nbsp;En af fordelene ved Brunton-modellen er spejlet og m\u00e5leinstrumenterne under l\u00e5get. De g\u00f8r det lettere at marchere p\u00e5 azimut. Spidsen af den magnetiske n\u00e5l, [&hellip;]<\/p>\n","protected":false},"featured_media":44817,"comment_status":"open","ping_status":"closed","template":"","meta":[],"product_brand":[],"product_cat":[31],"product_tag":[],"class_list":{"0":"post-27031","1":"product","2":"type-product","3":"status-publish","4":"has-post-thumbnail","6":"product_cat-uncategorized-da","8":"first","9":"instock","10":"shipping-taxable","11":"purchasable","12":"product-type-simple"},"_links":{"self":[{"href":"https:\/\/nordicmart.andreevmaster.com\/da\/wp-json\/wp\/v2\/product\/27031","targetHints":{"allow":["GET"]}}],"collection":[{"href":"https:\/\/nordicmart.andreevmaster.com\/da\/wp-json\/wp\/v2\/product"}],"about":[{"href":"https:\/\/nordicmart.andreevmaster.com\/da\/wp-json\/wp\/v2\/types\/product"}],"replies":[{"embeddable":true,"href":"https:\/\/nordicmart.andreevmaster.com\/da\/wp-json\/wp\/v2\/comments?post=27031"}],"wp:featuredmedia":[{"embeddable":true,"href":"https:\/\/nordicmart.andreevmaster.com\/da\/wp-json\/wp\/v2\/media\/44817"}],"wp:attachment":[{"href":"https:\/\/nordicmart.andreevmaster.com\/da\/wp-json\/wp\/v2\/media?parent=27031"}],"wp:term":[{"taxonomy":"product_brand","embeddable":true,"href":"https:\/\/nordicmart.andreevmaster.com\/da\/wp-json\/wp\/v2\/product_brand?post=27031"},{"taxonomy":"product_cat","embeddable":true,"href":"https:\/\/nordicmart.andreevmaster.com\/da\/wp-json\/wp\/v2\/product_cat?post=27031"},{"taxonomy":"product_tag","embeddable":true,"href":"https:\/\/nordicmart.andreevmaster.com\/da\/wp-json\/wp\/v2\/product_tag?post=27031"}],"curies":[{"name":"wp","href":"https:\/\/api.w.org\/{rel}","templated":true}]}}