{"id":27030,"date":"2026-02-27T00:35:09","date_gmt":"2026-02-27T00:35:09","guid":{"rendered":"https:\/\/nordicmart.andreevmaster.com\/product\/traerrat-messingindsats-med-plads-til-en-kile-diameter-60-cm-sw3-24\/"},"modified":"2026-02-27T09:14:08","modified_gmt":"2026-02-27T09:14:08","slug":"traerrat-messingindsats-med-plads-til-en-kile-diameter-60-cm-sw3-24","status":"publish","type":"product","link":"https:\/\/nordicmart.andreevmaster.com\/da\/vare\/traerrat-messingindsats-med-plads-til-en-kile-diameter-60-cm-sw3-24\/","title":{"rendered":"Tr\u00e6rrat &#8211; Messingindsats med plads til en kile &#8211; Diameter 60 cm &#8211; SW3\/24"},"content":{"rendered":"<p>Tr\u00e6ratt &#8211; Messingindsats med plads til en kile &#8211; Diameter 60 cm &#8211; SW3\/24&nbsp;&nbsp;&nbsp;Tr\u00e6rattet er en nautisk dekoration, der vil tilf\u00f8re din lejlighed et maritimt pr\u00e6g. Det er en symbolsk gave til en s\u00f8mand.&nbsp;Dette rat er lavet af tr\u00e6 med et messingelement i midten og passer perfekt til bl\u00e5, gr\u00f8nne eller hvide v\u00e6gge.&nbsp;&nbsp;Produktinformation:&nbsp;Materiale: tr\u00e6Indsats: messingRattets diameter: 60 cmPlads til kileStil: maritim, retro&nbsp;Det er perfekt som:&nbsp;Gave til en s\u00f8mand Symbolsk gave Nautisk dekoration&nbsp;<\/p>\n","protected":false},"excerpt":{"rendered":"<p>Tr\u00e6ratt &#8211; Messingindsats med plads til en kile &#8211; Diameter 60 cm &#8211; SW3\/24&nbsp;&nbsp;&nbsp;Tr\u00e6rattet er en nautisk dekoration, der vil tilf\u00f8re din lejlighed et maritimt pr\u00e6g. Det er en symbolsk gave til en s\u00f8mand.&nbsp;Dette rat er lavet af tr\u00e6 med et messingelement i midten og passer perfekt til bl\u00e5, gr\u00f8nne eller hvide v\u00e6gge.&nbsp;&nbsp;Produktinformation:&nbsp;Materiale: tr\u00e6Indsats: messingRattets [&hellip;]<\/p>\n","protected":false},"featured_media":44816,"comment_status":"open","ping_status":"closed","template":"","meta":[],"product_brand":[],"product_cat":[31],"product_tag":[],"class_list":{"0":"post-27030","1":"product","2":"type-product","3":"status-publish","4":"has-post-thumbnail","6":"product_cat-uncategorized-da","8":"first","9":"instock","10":"shipping-taxable","11":"purchasable","12":"product-type-simple"},"_links":{"self":[{"href":"https:\/\/nordicmart.andreevmaster.com\/da\/wp-json\/wp\/v2\/product\/27030","targetHints":{"allow":["GET"]}}],"collection":[{"href":"https:\/\/nordicmart.andreevmaster.com\/da\/wp-json\/wp\/v2\/product"}],"about":[{"href":"https:\/\/nordicmart.andreevmaster.com\/da\/wp-json\/wp\/v2\/types\/product"}],"replies":[{"embeddable":true,"href":"https:\/\/nordicmart.andreevmaster.com\/da\/wp-json\/wp\/v2\/comments?post=27030"}],"wp:featuredmedia":[{"embeddable":true,"href":"https:\/\/nordicmart.andreevmaster.com\/da\/wp-json\/wp\/v2\/media\/44816"}],"wp:attachment":[{"href":"https:\/\/nordicmart.andreevmaster.com\/da\/wp-json\/wp\/v2\/media?parent=27030"}],"wp:term":[{"taxonomy":"product_brand","embeddable":true,"href":"https:\/\/nordicmart.andreevmaster.com\/da\/wp-json\/wp\/v2\/product_brand?post=27030"},{"taxonomy":"product_cat","embeddable":true,"href":"https:\/\/nordicmart.andreevmaster.com\/da\/wp-json\/wp\/v2\/product_cat?post=27030"},{"taxonomy":"product_tag","embeddable":true,"href":"https:\/\/nordicmart.andreevmaster.com\/da\/wp-json\/wp\/v2\/product_tag?post=27030"}],"curies":[{"name":"wp","href":"https:\/\/api.w.org\/{rel}","templated":true}]}}