{"id":27029,"date":"2026-02-27T00:35:08","date_gmt":"2026-02-27T00:35:08","guid":{"rendered":"https:\/\/nordicmart.andreevmaster.com\/product\/stort-traeratt-75-cm-i-diameter-med-messingindsats-med-plads-til-kile-sw2-30\/"},"modified":"2026-02-27T09:14:07","modified_gmt":"2026-02-27T09:14:07","slug":"stort-traeratt-75-cm-i-diameter-med-messingindsats-med-plads-til-kile-sw2-30","status":"publish","type":"product","link":"https:\/\/nordicmart.andreevmaster.com\/da\/vare\/stort-traeratt-75-cm-i-diameter-med-messingindsats-med-plads-til-kile-sw2-30\/","title":{"rendered":"Stort tr\u00e6ratt 75 cm i diameter med messingindsats med plads til kile \u2013 SW2\/30&#8242;"},"content":{"rendered":"<p>Stort tr\u00e6ratt med en diameter p\u00e5 75 cm med messingindsats og plads til kile \u2013 SW2\/30&rsquo;&nbsp;&nbsp;&nbsp;Stort tr\u00e6ratt (diameter 75 cm) er en nautisk dekoration, der vil tilf\u00f8re din lejlighed et maritimt pr\u00e6g. &nbsp;Det er en symbolsk gave til chefen og til alle dem, der styrer roret i deres professionelle og private liv. &nbsp;Rattet er lavet af tr\u00e6 med messingindsats og vil se godt ud i kontrast til nuancer af bl\u00e5, gr\u00f8n og hvid. &nbsp;&nbsp;&nbsp;Produktinformation:&nbsp;Konstruktionsmateriale: tr\u00e6Indsats: messingHjulets diameter: 75 cmStil: nautisk, retro &nbsp;<\/p>\n","protected":false},"excerpt":{"rendered":"<p>Stort tr\u00e6ratt med en diameter p\u00e5 75 cm med messingindsats og plads til kile \u2013 SW2\/30&rsquo;&nbsp;&nbsp;&nbsp;Stort tr\u00e6ratt (diameter 75 cm) er en nautisk dekoration, der vil tilf\u00f8re din lejlighed et maritimt pr\u00e6g. &nbsp;Det er en symbolsk gave til chefen og til alle dem, der styrer roret i deres professionelle og private liv. &nbsp;Rattet er lavet [&hellip;]<\/p>\n","protected":false},"featured_media":44815,"comment_status":"open","ping_status":"closed","template":"","meta":[],"product_brand":[],"product_cat":[31],"product_tag":[],"class_list":{"0":"post-27029","1":"product","2":"type-product","3":"status-publish","4":"has-post-thumbnail","6":"product_cat-uncategorized-da","8":"first","9":"instock","10":"shipping-taxable","11":"purchasable","12":"product-type-simple"},"_links":{"self":[{"href":"https:\/\/nordicmart.andreevmaster.com\/da\/wp-json\/wp\/v2\/product\/27029","targetHints":{"allow":["GET"]}}],"collection":[{"href":"https:\/\/nordicmart.andreevmaster.com\/da\/wp-json\/wp\/v2\/product"}],"about":[{"href":"https:\/\/nordicmart.andreevmaster.com\/da\/wp-json\/wp\/v2\/types\/product"}],"replies":[{"embeddable":true,"href":"https:\/\/nordicmart.andreevmaster.com\/da\/wp-json\/wp\/v2\/comments?post=27029"}],"wp:featuredmedia":[{"embeddable":true,"href":"https:\/\/nordicmart.andreevmaster.com\/da\/wp-json\/wp\/v2\/media\/44815"}],"wp:attachment":[{"href":"https:\/\/nordicmart.andreevmaster.com\/da\/wp-json\/wp\/v2\/media?parent=27029"}],"wp:term":[{"taxonomy":"product_brand","embeddable":true,"href":"https:\/\/nordicmart.andreevmaster.com\/da\/wp-json\/wp\/v2\/product_brand?post=27029"},{"taxonomy":"product_cat","embeddable":true,"href":"https:\/\/nordicmart.andreevmaster.com\/da\/wp-json\/wp\/v2\/product_cat?post=27029"},{"taxonomy":"product_tag","embeddable":true,"href":"https:\/\/nordicmart.andreevmaster.com\/da\/wp-json\/wp\/v2\/product_tag?post=27029"}],"curies":[{"name":"wp","href":"https:\/\/api.w.org\/{rel}","templated":true}]}}