{"id":27028,"date":"2026-02-27T00:35:08","date_gmt":"2026-02-27T00:35:08","guid":{"rendered":"https:\/\/nordicmart.andreevmaster.com\/product\/meget-stor-sejlbadsmodel-aluminium-47-x-38-cm-n-3044\/"},"modified":"2026-02-27T09:14:07","modified_gmt":"2026-02-27T09:14:07","slug":"meget-stor-sejlbadsmodel-aluminium-47-x-38-cm-n-3044","status":"publish","type":"product","link":"https:\/\/nordicmart.andreevmaster.com\/da\/vare\/meget-stor-sejlbadsmodel-aluminium-47-x-38-cm-n-3044\/","title":{"rendered":"Meget stor sejlb\u00e5dsmodel &#8211; aluminium &#8211; 47 x 38 cm &#8211; N-3044"},"content":{"rendered":"<p>Meget stor sejlb\u00e5dsmodel &#8211; aluminium &#8211; 47 x 38 cm &#8211; N-3044&nbsp;&nbsp;Sejlb\u00e5dsmodel &#8211; Elegant dekoration i maritim stil&nbsp;Stor sejlb\u00e5dsmodel i aluminium med minimalistisk design er en perfekt dekoration til interi\u00f8rer indrettet i maritim stil. Sejlb\u00e5dens s\u00f8lvfarve og slanke silhuet tilf\u00f8jer elegance og en maritim atmosf\u00e6re til ethvert rum.&nbsp;Sejlb\u00e5dsmodellen er den perfekte gave til elskere af sejlads og haveventyr. Den kan ogs\u00e5 v\u00e6re en symbolsk gave til mennesker, der v\u00e6rds\u00e6tter frihed og forf\u00f8lgelse af deres m\u00e5l.&nbsp;&nbsp;Produktinformation:&nbsp;M\u00e5l: 47 x 38 cmMateriale: aluminiumGuldfarveGave til: sejlere, havelskere, mennesker, der v\u00e6rds\u00e6tter frihedStil: maritim, minimalistisk&nbsp;<\/p>\n","protected":false},"excerpt":{"rendered":"<p>Meget stor sejlb\u00e5dsmodel &#8211; aluminium &#8211; 47 x 38 cm &#8211; N-3044&nbsp;&nbsp;Sejlb\u00e5dsmodel &#8211; Elegant dekoration i maritim stil&nbsp;Stor sejlb\u00e5dsmodel i aluminium med minimalistisk design er en perfekt dekoration til interi\u00f8rer indrettet i maritim stil. Sejlb\u00e5dens s\u00f8lvfarve og slanke silhuet tilf\u00f8jer elegance og en maritim atmosf\u00e6re til ethvert rum.&nbsp;Sejlb\u00e5dsmodellen er den perfekte gave til elskere af [&hellip;]<\/p>\n","protected":false},"featured_media":44814,"comment_status":"open","ping_status":"closed","template":"","meta":[],"product_brand":[],"product_cat":[31],"product_tag":[],"class_list":{"0":"post-27028","1":"product","2":"type-product","3":"status-publish","4":"has-post-thumbnail","6":"product_cat-uncategorized-da","8":"first","9":"instock","10":"shipping-taxable","11":"purchasable","12":"product-type-simple"},"_links":{"self":[{"href":"https:\/\/nordicmart.andreevmaster.com\/da\/wp-json\/wp\/v2\/product\/27028","targetHints":{"allow":["GET"]}}],"collection":[{"href":"https:\/\/nordicmart.andreevmaster.com\/da\/wp-json\/wp\/v2\/product"}],"about":[{"href":"https:\/\/nordicmart.andreevmaster.com\/da\/wp-json\/wp\/v2\/types\/product"}],"replies":[{"embeddable":true,"href":"https:\/\/nordicmart.andreevmaster.com\/da\/wp-json\/wp\/v2\/comments?post=27028"}],"wp:featuredmedia":[{"embeddable":true,"href":"https:\/\/nordicmart.andreevmaster.com\/da\/wp-json\/wp\/v2\/media\/44814"}],"wp:attachment":[{"href":"https:\/\/nordicmart.andreevmaster.com\/da\/wp-json\/wp\/v2\/media?parent=27028"}],"wp:term":[{"taxonomy":"product_brand","embeddable":true,"href":"https:\/\/nordicmart.andreevmaster.com\/da\/wp-json\/wp\/v2\/product_brand?post=27028"},{"taxonomy":"product_cat","embeddable":true,"href":"https:\/\/nordicmart.andreevmaster.com\/da\/wp-json\/wp\/v2\/product_cat?post=27028"},{"taxonomy":"product_tag","embeddable":true,"href":"https:\/\/nordicmart.andreevmaster.com\/da\/wp-json\/wp\/v2\/product_tag?post=27028"}],"curies":[{"name":"wp","href":"https:\/\/api.w.org\/{rel}","templated":true}]}}