{"id":27027,"date":"2026-02-27T00:35:08","date_gmt":"2026-02-27T00:35:08","guid":{"rendered":"https:\/\/nordicmart.andreevmaster.com\/product\/porthole-mirror-keyring-key-0134b-2\/"},"modified":"2026-02-27T09:14:07","modified_gmt":"2026-02-27T09:14:07","slug":"porthole-mirror-keyring-key-0134b-2","status":"publish","type":"product","link":"https:\/\/nordicmart.andreevmaster.com\/da\/vare\/porthole-mirror-keyring-key-0134b-2\/","title":{"rendered":"Porthole Mirror Keyring KEY-0134B"},"content":{"rendered":"<p>Porthole Mirror Keyring KEY-0134B&nbsp;Porthole-n\u00f8gleringen er en nautisk gadget, der hj\u00e6lper dig med at opbevare alle dine n\u00f8gler \u00e9t sted. En dekorativ n\u00f8glering i form af en porthole er ogs\u00e5 et spejl, takket v\u00e6re hvilket du kan kontrollere dit fantastiske udseende. &nbsp;N\u00f8gleringen er lavet af messing. Fastg\u00f8res til n\u00f8gler med en karabinhage.&nbsp;&nbsp;Produktinformation:&nbsp;Materiale: messingDimensioner: diameter 5,5 cm, total l\u00e6ngde 10,5 cm&nbsp;<\/p>\n","protected":false},"excerpt":{"rendered":"<p>Porthole Mirror Keyring KEY-0134B&nbsp;Porthole-n\u00f8gleringen er en nautisk gadget, der hj\u00e6lper dig med at opbevare alle dine n\u00f8gler \u00e9t sted. En dekorativ n\u00f8glering i form af en porthole er ogs\u00e5 et spejl, takket v\u00e6re hvilket du kan kontrollere dit fantastiske udseende. &nbsp;N\u00f8gleringen er lavet af messing. Fastg\u00f8res til n\u00f8gler med en karabinhage.&nbsp;&nbsp;Produktinformation:&nbsp;Materiale: messingDimensioner: diameter 5,5 cm, [&hellip;]<\/p>\n","protected":false},"featured_media":44813,"comment_status":"open","ping_status":"closed","template":"","meta":[],"product_brand":[],"product_cat":[31],"product_tag":[],"class_list":{"0":"post-27027","1":"product","2":"type-product","3":"status-publish","4":"has-post-thumbnail","6":"product_cat-uncategorized-da","8":"first","9":"instock","10":"shipping-taxable","11":"purchasable","12":"product-type-simple"},"_links":{"self":[{"href":"https:\/\/nordicmart.andreevmaster.com\/da\/wp-json\/wp\/v2\/product\/27027","targetHints":{"allow":["GET"]}}],"collection":[{"href":"https:\/\/nordicmart.andreevmaster.com\/da\/wp-json\/wp\/v2\/product"}],"about":[{"href":"https:\/\/nordicmart.andreevmaster.com\/da\/wp-json\/wp\/v2\/types\/product"}],"replies":[{"embeddable":true,"href":"https:\/\/nordicmart.andreevmaster.com\/da\/wp-json\/wp\/v2\/comments?post=27027"}],"wp:featuredmedia":[{"embeddable":true,"href":"https:\/\/nordicmart.andreevmaster.com\/da\/wp-json\/wp\/v2\/media\/44813"}],"wp:attachment":[{"href":"https:\/\/nordicmart.andreevmaster.com\/da\/wp-json\/wp\/v2\/media?parent=27027"}],"wp:term":[{"taxonomy":"product_brand","embeddable":true,"href":"https:\/\/nordicmart.andreevmaster.com\/da\/wp-json\/wp\/v2\/product_brand?post=27027"},{"taxonomy":"product_cat","embeddable":true,"href":"https:\/\/nordicmart.andreevmaster.com\/da\/wp-json\/wp\/v2\/product_cat?post=27027"},{"taxonomy":"product_tag","embeddable":true,"href":"https:\/\/nordicmart.andreevmaster.com\/da\/wp-json\/wp\/v2\/product_tag?post=27027"}],"curies":[{"name":"wp","href":"https:\/\/api.w.org\/{rel}","templated":true}]}}