{"id":27026,"date":"2026-02-27T00:35:07","date_gmt":"2026-02-27T00:35:07","guid":{"rendered":"https:\/\/nordicmart.andreevmaster.com\/product\/dolphin-noglering-70339\/"},"modified":"2026-02-27T09:14:07","modified_gmt":"2026-02-27T09:14:07","slug":"dolphin-noglering-70339","status":"publish","type":"product","link":"https:\/\/nordicmart.andreevmaster.com\/da\/vare\/dolphin-noglering-70339\/","title":{"rendered":"Dolphin n\u00f8glering 70339"},"content":{"rendered":"<p>Delfin n\u00f8glering 70339&nbsp;&nbsp;Den delfinformede n\u00f8glering er lavet af holdbart messing. Fastg\u00f8res til n\u00f8gler med en karabinhage.&nbsp;En delfinformet n\u00f8glering er en god id\u00e9 til en lille gave til en fan af disse smukke havdyr. Den vil ogs\u00e5 vinde hjerterne hos alle, der har tilknytning til sejlsport. Hastighed, vejrudsigter, visdom og forsigtighed gjorde delfinen til et symbol p\u00e5 havet og navigation. Delfinen blev sejladsens beskytter, og derfor er den delfinformede n\u00f8glering perfekt som en lille gave til sejlere.&nbsp;&nbsp;Delfin n\u00f8glering 70339 specifikationer:&nbsp;Materiale: messingDimensioner: l\u00e6ngde 5 cm, l\u00e6ngde med k\u00e6de 8 cm&nbsp;<\/p>\n","protected":false},"excerpt":{"rendered":"<p>Delfin n\u00f8glering 70339&nbsp;&nbsp;Den delfinformede n\u00f8glering er lavet af holdbart messing. Fastg\u00f8res til n\u00f8gler med en karabinhage.&nbsp;En delfinformet n\u00f8glering er en god id\u00e9 til en lille gave til en fan af disse smukke havdyr. Den vil ogs\u00e5 vinde hjerterne hos alle, der har tilknytning til sejlsport. Hastighed, vejrudsigter, visdom og forsigtighed gjorde delfinen til et symbol [&hellip;]<\/p>\n","protected":false},"featured_media":44812,"comment_status":"open","ping_status":"closed","template":"","meta":[],"product_brand":[],"product_cat":[31],"product_tag":[],"class_list":{"0":"post-27026","1":"product","2":"type-product","3":"status-publish","4":"has-post-thumbnail","6":"product_cat-uncategorized-da","8":"first","9":"instock","10":"shipping-taxable","11":"purchasable","12":"product-type-simple"},"_links":{"self":[{"href":"https:\/\/nordicmart.andreevmaster.com\/da\/wp-json\/wp\/v2\/product\/27026","targetHints":{"allow":["GET"]}}],"collection":[{"href":"https:\/\/nordicmart.andreevmaster.com\/da\/wp-json\/wp\/v2\/product"}],"about":[{"href":"https:\/\/nordicmart.andreevmaster.com\/da\/wp-json\/wp\/v2\/types\/product"}],"replies":[{"embeddable":true,"href":"https:\/\/nordicmart.andreevmaster.com\/da\/wp-json\/wp\/v2\/comments?post=27026"}],"wp:featuredmedia":[{"embeddable":true,"href":"https:\/\/nordicmart.andreevmaster.com\/da\/wp-json\/wp\/v2\/media\/44812"}],"wp:attachment":[{"href":"https:\/\/nordicmart.andreevmaster.com\/da\/wp-json\/wp\/v2\/media?parent=27026"}],"wp:term":[{"taxonomy":"product_brand","embeddable":true,"href":"https:\/\/nordicmart.andreevmaster.com\/da\/wp-json\/wp\/v2\/product_brand?post=27026"},{"taxonomy":"product_cat","embeddable":true,"href":"https:\/\/nordicmart.andreevmaster.com\/da\/wp-json\/wp\/v2\/product_cat?post=27026"},{"taxonomy":"product_tag","embeddable":true,"href":"https:\/\/nordicmart.andreevmaster.com\/da\/wp-json\/wp\/v2\/product_tag?post=27026"}],"curies":[{"name":"wp","href":"https:\/\/api.w.org\/{rel}","templated":true}]}}