{"id":27025,"date":"2026-02-27T00:35:07","date_gmt":"2026-02-27T00:35:07","guid":{"rendered":"https:\/\/nordicmart.andreevmaster.com\/product\/motorcykelmodel-n-2784\/"},"modified":"2026-02-27T09:14:07","modified_gmt":"2026-02-27T09:14:07","slug":"motorcykelmodel-n-2784","status":"publish","type":"product","link":"https:\/\/nordicmart.andreevmaster.com\/da\/vare\/motorcykelmodel-n-2784\/","title":{"rendered":"Motorcykelmodel &#8211; N-2784"},"content":{"rendered":"<p>Motorcykelmodel &#8211; N-2784&nbsp;&nbsp;Denne motorcykelmodel er en perfekt gave til motorcyklister, mekanikere og g\u00f8r-det-selv-entusiaster, der er vilde med enhjulede cykler. Motorcykelfiguren i cruiser-stil vil pynte p\u00e5 skrivebordet eller i v\u00e6rkstedet hos enhver motorcykelentusiast. Motorcykler med lavt s\u00e6de og bagudvendt styr er perfekte til touring og garanterer komfort og bekvemmelighed. Motorcykelmodel i stil med amerikanske klassikere produceret fra 1930&#8217;erne til 1960&#8217;erne.&nbsp;&nbsp;Produktinformation:&nbsp;Materiale: aluminiumFarve: antik messingDimensioner: 23 x 14 cm&nbsp;<\/p>\n","protected":false},"excerpt":{"rendered":"<p>Motorcykelmodel &#8211; N-2784&nbsp;&nbsp;Denne motorcykelmodel er en perfekt gave til motorcyklister, mekanikere og g\u00f8r-det-selv-entusiaster, der er vilde med enhjulede cykler. Motorcykelfiguren i cruiser-stil vil pynte p\u00e5 skrivebordet eller i v\u00e6rkstedet hos enhver motorcykelentusiast. Motorcykler med lavt s\u00e6de og bagudvendt styr er perfekte til touring og garanterer komfort og bekvemmelighed. Motorcykelmodel i stil med amerikanske klassikere produceret [&hellip;]<\/p>\n","protected":false},"featured_media":44811,"comment_status":"open","ping_status":"closed","template":"","meta":[],"product_brand":[],"product_cat":[31],"product_tag":[],"class_list":{"0":"post-27025","1":"product","2":"type-product","3":"status-publish","4":"has-post-thumbnail","6":"product_cat-uncategorized-da","8":"first","9":"instock","10":"shipping-taxable","11":"purchasable","12":"product-type-simple"},"_links":{"self":[{"href":"https:\/\/nordicmart.andreevmaster.com\/da\/wp-json\/wp\/v2\/product\/27025","targetHints":{"allow":["GET"]}}],"collection":[{"href":"https:\/\/nordicmart.andreevmaster.com\/da\/wp-json\/wp\/v2\/product"}],"about":[{"href":"https:\/\/nordicmart.andreevmaster.com\/da\/wp-json\/wp\/v2\/types\/product"}],"replies":[{"embeddable":true,"href":"https:\/\/nordicmart.andreevmaster.com\/da\/wp-json\/wp\/v2\/comments?post=27025"}],"wp:featuredmedia":[{"embeddable":true,"href":"https:\/\/nordicmart.andreevmaster.com\/da\/wp-json\/wp\/v2\/media\/44811"}],"wp:attachment":[{"href":"https:\/\/nordicmart.andreevmaster.com\/da\/wp-json\/wp\/v2\/media?parent=27025"}],"wp:term":[{"taxonomy":"product_brand","embeddable":true,"href":"https:\/\/nordicmart.andreevmaster.com\/da\/wp-json\/wp\/v2\/product_brand?post=27025"},{"taxonomy":"product_cat","embeddable":true,"href":"https:\/\/nordicmart.andreevmaster.com\/da\/wp-json\/wp\/v2\/product_cat?post=27025"},{"taxonomy":"product_tag","embeddable":true,"href":"https:\/\/nordicmart.andreevmaster.com\/da\/wp-json\/wp\/v2\/product_tag?post=27025"}],"curies":[{"name":"wp","href":"https:\/\/api.w.org\/{rel}","templated":true}]}}