{"id":27024,"date":"2026-02-27T00:35:07","date_gmt":"2026-02-27T00:35:07","guid":{"rendered":"https:\/\/nordicmart.andreevmaster.com\/product\/hund-pedro-dekorativ-figur-hund\/"},"modified":"2026-02-27T09:14:06","modified_gmt":"2026-02-27T09:14:06","slug":"hund-pedro-dekorativ-figur-hund","status":"publish","type":"product","link":"https:\/\/nordicmart.andreevmaster.com\/da\/vare\/hund-pedro-dekorativ-figur-hund\/","title":{"rendered":"Hund Pedro \u2013 Dekorativ figur &#8211; HUND"},"content":{"rendered":"<p>Dog Pedro \u2013 Dekorativ figur &#8211; HUND&nbsp;&nbsp;Vi pr\u00e6senterer en dekorativ figur lavet af aluminium \u2013 modellen Pies Pedro. Menneskets bedste ven \u2013 hunden! En trofast ledsager, der blev domesticeret for tusinder af \u00e5r siden og den dag i dag beskytter husholdninger og deres beboere. Vores figur har en stilfuld, geometrisk form, der passer perfekt til moderne indretninger og eklektiske interi\u00f8rer. Figuren kan bruges som trof\u00e6 til en vinder i kynologiske sportsgrene eller som gave til en hundeejer.&nbsp;&nbsp;M\u00e5l:&nbsp;H\u00f8jde 26 cmBredde 23 cmDybde 8,5 cm&nbsp;Andre produktoplysninger:&nbsp;Materiale &ndash; aluminiumFarve &ndash; s\u00f8lv&nbsp;<\/p>\n","protected":false},"excerpt":{"rendered":"<p>Dog Pedro \u2013 Dekorativ figur &#8211; HUND&nbsp;&nbsp;Vi pr\u00e6senterer en dekorativ figur lavet af aluminium \u2013 modellen Pies Pedro. Menneskets bedste ven \u2013 hunden! En trofast ledsager, der blev domesticeret for tusinder af \u00e5r siden og den dag i dag beskytter husholdninger og deres beboere. Vores figur har en stilfuld, geometrisk form, der passer perfekt til [&hellip;]<\/p>\n","protected":false},"featured_media":44810,"comment_status":"open","ping_status":"closed","template":"","meta":[],"product_brand":[],"product_cat":[31],"product_tag":[],"class_list":{"0":"post-27024","1":"product","2":"type-product","3":"status-publish","4":"has-post-thumbnail","6":"product_cat-uncategorized-da","8":"first","9":"instock","10":"shipping-taxable","11":"purchasable","12":"product-type-simple"},"_links":{"self":[{"href":"https:\/\/nordicmart.andreevmaster.com\/da\/wp-json\/wp\/v2\/product\/27024","targetHints":{"allow":["GET"]}}],"collection":[{"href":"https:\/\/nordicmart.andreevmaster.com\/da\/wp-json\/wp\/v2\/product"}],"about":[{"href":"https:\/\/nordicmart.andreevmaster.com\/da\/wp-json\/wp\/v2\/types\/product"}],"replies":[{"embeddable":true,"href":"https:\/\/nordicmart.andreevmaster.com\/da\/wp-json\/wp\/v2\/comments?post=27024"}],"wp:featuredmedia":[{"embeddable":true,"href":"https:\/\/nordicmart.andreevmaster.com\/da\/wp-json\/wp\/v2\/media\/44810"}],"wp:attachment":[{"href":"https:\/\/nordicmart.andreevmaster.com\/da\/wp-json\/wp\/v2\/media?parent=27024"}],"wp:term":[{"taxonomy":"product_brand","embeddable":true,"href":"https:\/\/nordicmart.andreevmaster.com\/da\/wp-json\/wp\/v2\/product_brand?post=27024"},{"taxonomy":"product_cat","embeddable":true,"href":"https:\/\/nordicmart.andreevmaster.com\/da\/wp-json\/wp\/v2\/product_cat?post=27024"},{"taxonomy":"product_tag","embeddable":true,"href":"https:\/\/nordicmart.andreevmaster.com\/da\/wp-json\/wp\/v2\/product_tag?post=27024"}],"curies":[{"name":"wp","href":"https:\/\/api.w.org\/{rel}","templated":true}]}}