{"id":27023,"date":"2026-02-27T00:35:07","date_gmt":"2026-02-27T00:35:07","guid":{"rendered":"https:\/\/nordicmart.andreevmaster.com\/product\/hest-rav-dekorativ-statue-18183-38\/"},"modified":"2026-02-27T09:14:06","modified_gmt":"2026-02-27T09:14:06","slug":"hest-rav-dekorativ-statue-18183-38","status":"publish","type":"product","link":"https:\/\/nordicmart.andreevmaster.com\/da\/vare\/hest-rav-dekorativ-statue-18183-38\/","title":{"rendered":"Hest Rav \u2013 Dekorativ statue | 18183-38"},"content":{"rendered":"<p>Dekorativ figur Horse Amber 18183-38&nbsp;Skulpturens moderne, \u00e5bne form og tidl\u00f8se gyldne farveskema passer godt ind i moderne industrielle interi\u00f8rer s\u00e5vel som i klassiske, retro eller koloniale omgivelser. Hestefiguren vil v\u00e6re en vidunderlig trof\u00e6 for en rytter eller en gave til en hesteelsker, som vil smagfuldt dekorere en kommode eller en vitrine i stuen.&nbsp;Produktinformation:&nbsp;Metal figur &#8211; aluminiumFarve: messing, gyldenDimensioner: 38 x 25 x 9 cm&nbsp;Hesten &#8211; et majest\u00e6tisk dyr, der har ledsaget menneskeheden i \u00e5rtusinder. Gudernes og heltenes ridehest, et symbol p\u00e5 sejr og enhver lille piges dr\u00f8m. Som symbol p\u00e5 vind og hastighed bringer den frihed og uendelige vidder til tankerne. Hestens rige symbolik og sk\u00f8nhed g\u00f8r det v\u00e6rd at indf\u00f8re et hippietema i vores fire v\u00e6gge. Til alle hesteelskere anbefaler vi den dekorative figur Horse Amber, som vil understrege husstandens k\u00e6rlighed til disse storsl\u00e5ede dyr.<\/p>\n","protected":false},"excerpt":{"rendered":"<p>Dekorativ figur Horse Amber 18183-38&nbsp;Skulpturens moderne, \u00e5bne form og tidl\u00f8se gyldne farveskema passer godt ind i moderne industrielle interi\u00f8rer s\u00e5vel som i klassiske, retro eller koloniale omgivelser. Hestefiguren vil v\u00e6re en vidunderlig trof\u00e6 for en rytter eller en gave til en hesteelsker, som vil smagfuldt dekorere en kommode eller en vitrine i stuen.&nbsp;Produktinformation:&nbsp;Metal figur &#8211; [&hellip;]<\/p>\n","protected":false},"featured_media":44809,"comment_status":"open","ping_status":"closed","template":"","meta":[],"product_brand":[],"product_cat":[31],"product_tag":[],"class_list":{"0":"post-27023","1":"product","2":"type-product","3":"status-publish","4":"has-post-thumbnail","6":"product_cat-uncategorized-da","8":"first","9":"instock","10":"shipping-taxable","11":"purchasable","12":"product-type-simple"},"_links":{"self":[{"href":"https:\/\/nordicmart.andreevmaster.com\/da\/wp-json\/wp\/v2\/product\/27023","targetHints":{"allow":["GET"]}}],"collection":[{"href":"https:\/\/nordicmart.andreevmaster.com\/da\/wp-json\/wp\/v2\/product"}],"about":[{"href":"https:\/\/nordicmart.andreevmaster.com\/da\/wp-json\/wp\/v2\/types\/product"}],"replies":[{"embeddable":true,"href":"https:\/\/nordicmart.andreevmaster.com\/da\/wp-json\/wp\/v2\/comments?post=27023"}],"wp:featuredmedia":[{"embeddable":true,"href":"https:\/\/nordicmart.andreevmaster.com\/da\/wp-json\/wp\/v2\/media\/44809"}],"wp:attachment":[{"href":"https:\/\/nordicmart.andreevmaster.com\/da\/wp-json\/wp\/v2\/media?parent=27023"}],"wp:term":[{"taxonomy":"product_brand","embeddable":true,"href":"https:\/\/nordicmart.andreevmaster.com\/da\/wp-json\/wp\/v2\/product_brand?post=27023"},{"taxonomy":"product_cat","embeddable":true,"href":"https:\/\/nordicmart.andreevmaster.com\/da\/wp-json\/wp\/v2\/product_cat?post=27023"},{"taxonomy":"product_tag","embeddable":true,"href":"https:\/\/nordicmart.andreevmaster.com\/da\/wp-json\/wp\/v2\/product_tag?post=27023"}],"curies":[{"name":"wp","href":"https:\/\/api.w.org\/{rel}","templated":true}]}}